{"id":806,"date":"2021-11-03T09:54:16","date_gmt":"2021-11-03T08:54:16","guid":{"rendered":"https:\/\/seguimientocontratacion.umh.es\/?page_id=806"},"modified":"2023-09-14T14:27:44","modified_gmt":"2023-09-14T12:27:44","slug":"lucha-contra-el-fraude","status":"publish","type":"page","link":"https:\/\/seguimientocontratacion.umh.es\/en\/lucha-contra-el-fraude\/","title":{"rendered":"Lucha contra el fraude"},"content":{"rendered":"<ul>\n<li><a href=\"https:\/\/seguimientocontratacion.umh.es\/files\/2021\/10\/Banderas-rojas-en-la-lucha-contra-el-fraude.pdf\">BANDERAS ROJAS EN LA LUCHA CONTRA EL FRAUDE<\/a><\/li>\n<li><a href=\"https:\/\/antifraude.umh.es\/\">WEB LUCHA CONTRA EL FRAUDE EN LA UMH<\/a><\/li>\n<li><a href=\"https:\/\/seguimientocontratacion.umh.es\/files\/2023\/09\/CODIGO-CONDUCTA-UMH.pdf\" target=\"_blank\" rel=\"noopener\">C\u00d3DIGO CONDUCTA UMH<\/a><\/li>\n<li><a href=\"https:\/\/seguimientocontratacion.umh.es\/files\/2023\/09\/GUIA-CNMC.pdf\" target=\"_blank\" rel=\"noopener\">GU\u00cdA SOBRE CONTRATACI\u00d3N P\u00daBLICA Y COMPETENCIA<\/a><\/li>\n<\/ul>\n","protected":false},"excerpt":{"rendered":"<p>BANDERAS ROJAS EN LA LUCHA CONTRA EL FRAUDE<br \/>\nWEB LUCHA CONTRA EL FRAUDE EN LA UMH<br \/>\nC\u00d3DIGO CONDUCTA UMH<br \/>\nGU\u00cdA SOBRE CONTRATACI\u00d3N P\u00daBLICA Y COMPETENCIA<\/p>\n","protected":false},"author":6275,"featured_media":0,"parent":0,"menu_order":9,"comment_status":"closed","ping_status":"closed","template":"","meta":{"_links_to":"","_links_to_target":""},"_links":{"self":[{"href":"https:\/\/seguimientocontratacion.umh.es\/en\/wp-json\/wp\/v2\/pages\/806"}],"collection":[{"href":"https:\/\/seguimientocontratacion.umh.es\/en\/wp-json\/wp\/v2\/pages"}],"about":[{"href":"https:\/\/seguimientocontratacion.umh.es\/en\/wp-json\/wp\/v2\/types\/page"}],"author":[{"embeddable":true,"href":"https:\/\/seguimientocontratacion.umh.es\/en\/wp-json\/wp\/v2\/users\/6275"}],"replies":[{"embeddable":true,"href":"https:\/\/seguimientocontratacion.umh.es\/en\/wp-json\/wp\/v2\/comments?post=806"}],"version-history":[{"count":0,"href":"https:\/\/seguimientocontratacion.umh.es\/en\/wp-json\/wp\/v2\/pages\/806\/revisions"}],"wp:attachment":[{"href":"https:\/\/seguimientocontratacion.umh.es\/en\/wp-json\/wp\/v2\/media?parent=806"}],"curies":[{"name":"wp","href":"https:\/\/api.w.org\/{rel}","templated":true}]}}