{"id":47,"date":"2020-12-15T17:47:37","date_gmt":"2020-12-15T16:47:37","guid":{"rendered":"https:\/\/seguimientocontratacion.umh.es\/?page_id=47"},"modified":"2025-06-19T10:35:58","modified_gmt":"2025-06-19T08:35:58","slug":"directorio","status":"publish","type":"page","link":"https:\/\/seguimientocontratacion.umh.es\/en\/presentacion\/directorio\/","title":{"rendered":"Directorio"},"content":{"rendered":"<h3><strong>SERVICIO DE PLANIFICACI\u00d3N Y RACIONALIZACI\u00d3N DE LA CONTRATACI\u00d3N<\/strong><\/h3>\n<p>&nbsp;<\/p>\n<h4><strong><em>DIRECCI\u00d3N DEL SERVICIO<\/em><\/strong><\/h4>\n<ul>\n<li style=\"list-style-type: none\">\n<ul>\n<li>Asunci\u00f3n S\u00e1nchez Ortega\n<ul>\n<li>Telf: 96.522.2580<\/li>\n<li><a href=\"mailto:asuncion.sanchez@umh.es\"><strong>asuncion.sanchez@umh.es<\/strong><\/a><\/li>\n<\/ul>\n<\/li>\n<\/ul>\n<\/li>\n<\/ul>\n<h4><strong><em>ACUERDOS MARCO Y SISTEMAS DIN\u00c1MICOS DE ADQUISICI\u00d3N<\/em><\/strong><\/h4>\n<ul>\n<li style=\"list-style-type: none\">\n<ul>\n<li>Mar\u00eda Asunci\u00f3n Ant\u00f3n Alvarado\n<ul>\n<li>Telf: 96.665.8421<\/li>\n<li><a href=\"mailto:maria.antona@umh.es\"><strong>maria.antona@umh.es<\/strong><\/a><\/li>\n<\/ul>\n<\/li>\n<li>Dolores Poveda Castillejo\n<ul>\n<li>Telf: 96.665.8883<\/li>\n<li><a href=\"mailto:dpoveda@umh.es\"><strong>dpoveda@umh.es<\/strong><\/a><\/li>\n<\/ul>\n<\/li>\n<li>Elisa Gonz\u00e1lez de la Aleja Lac\u00e1rcel\n<ul>\n<li>Telf: 96.522.2580<\/li>\n<li><a href=\"mailto:elisa.gonzalezl@umh.es\"><strong>elisa.gonzalezl@umh.es<\/strong><\/a><\/li>\n<\/ul>\n<\/li>\n<li>Paula Gal\u00e1n Sancho\n<ul>\n<li>Telf: 96.665.8653<\/li>\n<li><a href=\"mailto:pgalan@umh.es\"><strong>pgalan@umh.es<\/strong><\/a><\/li>\n<\/ul>\n<\/li>\n<li>Cristina Mart\u00ednez Guill\u00e9n\n<ul>\n<li>Telf: 96.665.8395<\/li>\n<li><a href=\"mailto:cristina.martinezg@umh.es\"><strong>cristina.martinezg@umh.es<\/strong><\/a><\/li>\n<\/ul>\n<\/li>\n<li>Anael Lillo S\u00e1nchez\n<ul>\n<li>Telf: 96.665.8564<\/li>\n<li><strong><a href=\"mailto:alillo@umh.es\">alillo@umh.es\u00a0<\/a><\/strong><\/li>\n<\/ul>\n<\/li>\n<li>Luisa Mar\u00eda L\u00e1zaro Lara\n<ul>\n<li>Telf: 96.665.8564<\/li>\n<li><a href=\"mailto:llazaro@umh.es\"><strong>llazaro@umh.es<\/strong><\/a><\/li>\n<\/ul>\n<\/li>\n<li>Inmaculada Melgares Jim\u00e9nez\n<ul>\n<li>Telf: 96.665.8564<\/li>\n<li><a href=\"mailto:imelgares@umh.es\"><strong>imelgares@umh.es<\/strong><\/a><\/li>\n<\/ul>\n<\/li>\n<\/ul>\n<\/li>\n<\/ul>\n<h4><strong><em>CONTRATOS MENORES Y CONTRATACI\u00d3N CENTRALIZADA<\/em><\/strong><\/h4>\n<ul>\n<li style=\"list-style-type: none\">\n<ul>\n<li>Mar\u00eda Julia Lara Jornet\n<ul>\n<li>Telf: 96.665.8418<\/li>\n<li><a href=\"mailto:maria.laraj@umh.es\"><strong>maria.laraj@umh.es<\/strong><\/a><\/li>\n<\/ul>\n<\/li>\n<li>Eva Mar\u00eda Cerd\u00e1n \u00c1lvarez\n<ul>\n<li>Telf: 96.665.8587<\/li>\n<li><a href=\"mailto:emcerdan@umh.es\"><strong>emcerdan@umh.es<\/strong><\/a><\/li>\n<\/ul>\n<\/li>\n<li>Teresa Carrillo Salgado\n<ul>\n<li>Telf: 96.665.8315<\/li>\n<li><a href=\"mailto:tcarrill@umh.es\"><strong>tcarrill@umh.es<\/strong><\/a><\/li>\n<\/ul>\n<\/li>\n<\/ul>\n<\/li>\n<\/ul>\n<table style=\"height: 212px\" width=\"923\">\n<tbody>\n<tr>\n<td width=\"538\"><strong><em>Direcci\u00f3n postal<\/em><\/strong>: Avenida de la Universidad s\/n, Edificio Rectorado y Consejo Social, 1\u00aa planta, 03202 ELX-ELCHE (Alicante)<\/td>\n<\/tr>\n<tr>\n<td width=\"538\"><strong><em>Correo electr\u00f3nico<\/em><\/strong>:\u00a0<a href=\"mailto:spscontratacion@umh.es\">spscontratacion@umh.es<\/a><\/td>\n<\/tr>\n<tr>\n<td width=\"538\"><strong><em>P\u00e1gina Web<\/em><\/strong>: <a href=\"https:\/\/seguimientocontratacion.umh.es\/\">https:\/\/seguimientocontratacion.umh.es\/<\/a><\/td>\n<\/tr>\n<\/tbody>\n<\/table>\n","protected":false},"excerpt":{"rendered":"<p>SERVICIO DE PLANIFICACI\u00d3N Y RACIONALIZACI\u00d3N DE LA CONTRATACI\u00d3N<br \/>\n&nbsp;<br \/>\nDIRECCI\u00d3N DEL SERVICIO<\/p>\n<p>Asunci\u00f3n S\u00e1nchez Ortega<\/p>\n<p>Telf: 96.522.2580<br \/>\nasuncion.sanchez@umh.es<\/p>\n<p>ACUERDOS MARCO Y SISTEMAS DIN\u00c1MICOS DE ADQUISICI\u00d3N<\/p>\n<p>Mar\u00eda Asunci\u00f3n Ant\u00f3n Alvarado<\/p>\n<p>Telf: 96.665.8421<br \/>\nmaria.antona@umh.es<\/p>\n<p>Dolores Poveda Castillejo<\/p>\n<p>Telf: 96.665.8883<br \/>\ndpoveda@umh.es<\/p>\n<p>Elisa Gonz\u00e1lez de la Aleja Lac\u00e1rcel<\/p>\n<p>Telf: 96.522.2580<br \/>\nelisa.gonzalezl@umh.es<\/p>\n<p>Paula Gal\u00e1n Sancho<\/p>\n<p>Telf: 96.665.8653<br \/>\npgalan@umh.es<\/p>\n<p>Cristina Mart\u00ednez Guill\u00e9n<\/p>\n<p>Telf: 96.665.8395<br \/>\ncristina.martinezg@umh.es<\/p>\n<p>Anael Lillo S\u00e1nchez<\/p>\n<p>Telf: 96.665.8564<br \/>\nalillo@umh.es\u00a0<\/p>\n<p>Luisa Mar\u00eda L\u00e1zaro Lara<\/p>\n<p>Telf: 96.665.8564<br \/>\nllazaro@umh.es<\/p>\n<p>Inmaculada Melgares Jim\u00e9nez<\/p>\n<p>Telf: 96.665.8564<br \/>\nimelgares@umh.es<\/p>\n<p>CONTRATOS MENORES Y CONTRATACI\u00d3N CENTRALIZADA<\/p>\n<p>Mar\u00eda Julia Lara Jornet<\/p>\n<p>Telf: [&#8230;]<\/p>\n","protected":false},"author":3337,"featured_media":0,"parent":12,"menu_order":1,"comment_status":"closed","ping_status":"closed","template":"","meta":{"_links_to":"","_links_to_target":""},"_links":{"self":[{"href":"https:\/\/seguimientocontratacion.umh.es\/en\/wp-json\/wp\/v2\/pages\/47"}],"collection":[{"href":"https:\/\/seguimientocontratacion.umh.es\/en\/wp-json\/wp\/v2\/pages"}],"about":[{"href":"https:\/\/seguimientocontratacion.umh.es\/en\/wp-json\/wp\/v2\/types\/page"}],"author":[{"embeddable":true,"href":"https:\/\/seguimientocontratacion.umh.es\/en\/wp-json\/wp\/v2\/users\/3337"}],"replies":[{"embeddable":true,"href":"https:\/\/seguimientocontratacion.umh.es\/en\/wp-json\/wp\/v2\/comments?post=47"}],"version-history":[{"count":0,"href":"https:\/\/seguimientocontratacion.umh.es\/en\/wp-json\/wp\/v2\/pages\/47\/revisions"}],"up":[{"embeddable":true,"href":"https:\/\/seguimientocontratacion.umh.es\/en\/wp-json\/wp\/v2\/pages\/12"}],"wp:attachment":[{"href":"https:\/\/seguimientocontratacion.umh.es\/en\/wp-json\/wp\/v2\/media?parent=47"}],"curies":[{"name":"wp","href":"https:\/\/api.w.org\/{rel}","templated":true}]}}