{"id":3266,"date":"2026-01-22T12:21:51","date_gmt":"2026-01-22T11:21:51","guid":{"rendered":"https:\/\/seguimientocontratacion.umh.es\/?page_id=3266"},"modified":"2026-03-23T10:24:12","modified_gmt":"2026-03-23T09:24:12","slug":"material-fungible-informatico","status":"publish","type":"page","link":"https:\/\/seguimientocontratacion.umh.es\/en\/acuerdos-marco\/material-fungible-informatico\/","title":{"rendered":"Material fungible inform\u00e1tico"},"content":{"rendered":"<p><\/p>\n<h3><span style=\"color: #ff0000\">FINALIZADO EL 21\/01\/2026\u00a0<\/span><\/h3>\n<p>En tr\u00e1mite nuevo Acuerdo Marco <strong><span style=\"text-decoration: underline\">2025_AM_08<\/span>\u00a0 \u201cACUERDO MARCO PARA EL SUMINISTRO DE MATERIAL FUNGIBLE INFORM\u00c1TICO Y CONSUMIBLES DE IMPRESI\u00d3N PARA LA UNIVERSIDAD MIGUEL HERN\u00c1NDEZ DE ELCHE Y SU ENTIDAD DEPENDIENTE\u201d<\/strong><\/p>","protected":false},"excerpt":{"rendered":"<p>FINALIZADO EL 21\/01\/2026\u00a0<br \/>\nEn tr\u00e1mite nuevo Acuerdo Marco 2025_AM_08\u00a0 \u201cACUERDO MARCO PARA EL SUMINISTRO DE MATERIAL FUNGIBLE INFORM\u00c1TICO Y CONSUMIBLES DE IMPRESI\u00d3N PARA LA UNIVERSIDAD MIGUEL HERN\u00c1NDEZ DE ELCHE Y SU ENTIDAD DEPENDIENTE\u201d<\/p>\n","protected":false},"author":11555,"featured_media":0,"parent":56,"menu_order":40,"comment_status":"closed","ping_status":"closed","template":"","meta":{"_links_to":"","_links_to_target":""},"_links":{"self":[{"href":"https:\/\/seguimientocontratacion.umh.es\/en\/wp-json\/wp\/v2\/pages\/3266"}],"collection":[{"href":"https:\/\/seguimientocontratacion.umh.es\/en\/wp-json\/wp\/v2\/pages"}],"about":[{"href":"https:\/\/seguimientocontratacion.umh.es\/en\/wp-json\/wp\/v2\/types\/page"}],"author":[{"embeddable":true,"href":"https:\/\/seguimientocontratacion.umh.es\/en\/wp-json\/wp\/v2\/users\/11555"}],"replies":[{"embeddable":true,"href":"https:\/\/seguimientocontratacion.umh.es\/en\/wp-json\/wp\/v2\/comments?post=3266"}],"version-history":[{"count":0,"href":"https:\/\/seguimientocontratacion.umh.es\/en\/wp-json\/wp\/v2\/pages\/3266\/revisions"}],"up":[{"embeddable":true,"href":"https:\/\/seguimientocontratacion.umh.es\/en\/wp-json\/wp\/v2\/pages\/56"}],"wp:attachment":[{"href":"https:\/\/seguimientocontratacion.umh.es\/en\/wp-json\/wp\/v2\/media?parent=3266"}],"curies":[{"name":"wp","href":"https:\/\/api.w.org\/{rel}","templated":true}]}}