{"id":2872,"date":"2025-04-15T09:59:44","date_gmt":"2025-04-15T07:59:44","guid":{"rendered":"https:\/\/seguimientocontratacion.umh.es\/?page_id=2872"},"modified":"2025-04-15T12:58:27","modified_gmt":"2025-04-15T10:58:27","slug":"forrajes-y-sustitutos-lacteos","status":"publish","type":"page","link":"https:\/\/seguimientocontratacion.umh.es\/en\/acuerdos-marco\/forrajes-y-sustitutos-lacteos\/","title":{"rendered":"Forrajes y sustitutos l\u00e1cteos"},"content":{"rendered":"<p><strong><u>2024_AM_06 <\/u><\/strong>\u201c<strong>ACUERDO MARCO PARA EL SUMINISTRO DE FORRAJES Y SUSTITUTOS L\u00c1CTEOS PARA LOS ANIMALES EMPLEADOS EN INVESTIGACI\u00d3N Y DOCENCIA ALOJADOS EN LAS GRANJAS DE LA ESCUELA POLIT\u00c9CNICA SUPERIOR DE ORIHUELA DE LA UNIVERSIDAD MIGUEL HERN\u00c1NDEZ DE ELCHE\u00bb<\/strong><\/p>\n<p>Desglosado en los siguientes lotes:<\/p>\n<p><strong>Lote 1:<\/strong>\u00a0Sustituto l\u00e1cteo 60%<\/p>\n<p><strong>Lote 2:<\/strong>\u00a0Sustituto l\u00e1cteo 0%<\/p>\n<p><strong>Lote 3:<\/strong>\u00a0Heno de alfalfa de 1\u00aa<\/p>\n<p><strong>Lote 4:<\/strong>\u00a0Heno de alfalfa de 2\u00aa<\/p>\n<p><strong>Lote 5:<\/strong>\u00a0Heno de Ray-grass<\/p>\n<p><strong>Lote 6:<\/strong> Paja<\/p>\n<table width=\"446\">\n<tbody>\n<tr>\n<td width=\"156\">\n<p style=\"text-align: center\">FECHA ENTRADA<\/p>\n<p style=\"text-align: center\">EN VIGOR<\/p>\n<\/td>\n<td style=\"text-align: center\" width=\"151\">PLAZO EJECUCI\u00d3N<\/td>\n<td style=\"text-align: center\" width=\"139\">PLAZO PR\u00d3RROGA<\/td>\n<\/tr>\n<tr>\n<td style=\"text-align: center\">15\/04\/2025<\/td>\n<td style=\"text-align: center\">1 A\u00d1O<\/td>\n<td>\n<p style=\"text-align: center\">3 A\u00d1OS<\/p>\n<\/td>\n<\/tr>\n<\/tbody>\n<\/table>\n<p><strong>EMPRESAS HOMOLOGADAS<\/strong><\/p>\n<table width=\"444\">\n<tbody>\n<tr>\n<td width=\"277\"><strong>EMPRESA<\/strong><\/td>\n<td width=\"167\">\n<p style=\"text-align: center\"><strong>LOTES<\/strong><\/p>\n<\/td>\n<\/tr>\n<tr>\n<td width=\"277\">NUTRECO ANIMAL NUTRITION IBERIA, S.A.U.<\/td>\n<td width=\"167\">\n<p style=\"text-align: center\">1 y 2<\/p>\n<\/td>\n<\/tr>\n<tr>\n<td width=\"277\">MIGUEL SANTIAGO ALEGR\u00cdA ROSA<\/td>\n<td width=\"167\">\n<p style=\"text-align: center\">3, 4 y 5<\/p>\n<\/td>\n<\/tr>\n<tr>\n<td width=\"277\">ARCO IRIS AYORA S.L.<\/td>\n<td width=\"167\">\n<p style=\"text-align: center\">3, 4, 5 y 6<\/p>\n<\/td>\n<\/tr>\n<\/tbody>\n<\/table>\n<p><strong>\u00a0<\/strong><\/p>\n<p><strong>ADJUDICACI\u00d3N DE LOS CONTRATOS BASADOS<\/strong><\/p>\n<p style=\"text-align: justify\">A efectos de lo dispuesto en el art. 221.4, a) de la LCSP, la contrataci\u00f3n basada en este acuerdo marco\u00a0<strong>NO\u00a0<\/strong>requiere licitaci\u00f3n posterior, ya que las condiciones materiales y econ\u00f3micas que lo deben regir han sido concretadas en el procedimiento de selecci\u00f3n previo, por tanto, no ser\u00e1 necesario convocar a las partes a una nueva licitaci\u00f3n, debiendo el peticionario hacer la solicitud del producto que mejor satisfaga sus necesidades t\u00e9cnicas y econ\u00f3micas, a una de las empresas homologadas para el o los productos que conforman el pedido, utilizando para ello el sistema siguiente que quedar\u00e1 descrito en el blog del Departamento de Tecnolog\u00eda Agroalimentaria (DTA): <a href=\"http:\/\/dta.umh.es\/\"><strong>http:\/\/dta.umh.es\/<\/strong><\/a><\/p>\n<p><strong>REALIZACI\u00d3N DE PEDIDOS<\/strong><\/p>\n<p style=\"text-align: justify\">Los pedidos se realizar\u00e1n por correo electr\u00f3nico, dejando constancia de la fecha de realizaci\u00f3n, e indicando: identificaci\u00f3n de la unidad solicitante, referencia del pedido, producto solicitado y cantidad del mismo, y finalmente direcci\u00f3n de entrega del producto.<\/p>\n<p style=\"text-align: justify\">Deber\u00e1 quedar constancia de la realizaci\u00f3n del pedido mediante registro consecutivo de los datos indicados anteriormente, registro que debe estar a disposici\u00f3n del responsable del Acuerdo Marco y a quien \u00e9l designe.<\/p>\n<p style=\"text-align: justify\">En el pedido se pondr\u00e1 en copia al Departamento de Tecnolog\u00eda Agroalimentaria:\u00a0<strong>tecnoagr@umh.es<\/strong><\/p>\n<p style=\"text-align: justify\">La selecci\u00f3n se realizar\u00e1 a la oferta m\u00e1s econ\u00f3mica siempre que cumpla las caracter\u00edsticas t\u00e9cnicas. Para ello, de existir m\u00e1s de una oferta para un mismo lote, se a\u00f1adir\u00e1 un campo m\u00e1s al registro anteriormente citado indicando el motivo de la selecci\u00f3n.<\/p>\n<p>&nbsp;<\/p>\n","protected":false},"excerpt":{"rendered":"<p>2024_AM_06 \u201cACUERDO MARCO PARA EL SUMINISTRO DE FORRAJES Y SUSTITUTOS L\u00c1CTEOS PARA LOS ANIMALES EMPLEADOS EN INVESTIGACI\u00d3N Y DOCENCIA ALOJADOS EN LAS GRANJAS DE LA ESCUELA POLIT\u00c9CNICA SUPERIOR DE ORIHUELA DE LA UNIVERSIDAD MIGUEL HERN\u00c1NDEZ DE ELCHE\u00bb<br \/>\nDesglosado en los siguientes lotes:<br \/>\nLote 1:\u00a0Sustituto l\u00e1cteo 60%<br \/>\nLote 2:\u00a0Sustituto l\u00e1cteo 0%<br \/>\nLote 3:\u00a0Heno de alfalfa de 1\u00aa<br \/>\nLote 4:\u00a0Heno de alfalfa [&#8230;]<\/p>\n","protected":false},"author":11555,"featured_media":0,"parent":56,"menu_order":111,"comment_status":"closed","ping_status":"closed","template":"","meta":{"_links_to":"","_links_to_target":""},"_links":{"self":[{"href":"https:\/\/seguimientocontratacion.umh.es\/en\/wp-json\/wp\/v2\/pages\/2872"}],"collection":[{"href":"https:\/\/seguimientocontratacion.umh.es\/en\/wp-json\/wp\/v2\/pages"}],"about":[{"href":"https:\/\/seguimientocontratacion.umh.es\/en\/wp-json\/wp\/v2\/types\/page"}],"author":[{"embeddable":true,"href":"https:\/\/seguimientocontratacion.umh.es\/en\/wp-json\/wp\/v2\/users\/11555"}],"replies":[{"embeddable":true,"href":"https:\/\/seguimientocontratacion.umh.es\/en\/wp-json\/wp\/v2\/comments?post=2872"}],"version-history":[{"count":0,"href":"https:\/\/seguimientocontratacion.umh.es\/en\/wp-json\/wp\/v2\/pages\/2872\/revisions"}],"up":[{"embeddable":true,"href":"https:\/\/seguimientocontratacion.umh.es\/en\/wp-json\/wp\/v2\/pages\/56"}],"wp:attachment":[{"href":"https:\/\/seguimientocontratacion.umh.es\/en\/wp-json\/wp\/v2\/media?parent=2872"}],"curies":[{"name":"wp","href":"https:\/\/api.w.org\/{rel}","templated":true}]}}