{"id":2854,"date":"2025-04-15T11:11:53","date_gmt":"2025-04-15T09:11:53","guid":{"rendered":"https:\/\/seguimientocontratacion.umh.es\/?page_id=2854"},"modified":"2025-07-24T12:40:35","modified_gmt":"2025-07-24T10:40:35","slug":"presentacion","status":"publish","type":"page","link":"https:\/\/seguimientocontratacion.umh.es\/en\/acuerdos-marco\/material-de-oficina-2\/presentacion\/","title":{"rendered":"Presentaci\u00f3n"},"content":{"rendered":"<p><strong>ACUERDO MARCO PARA EL SUMINISTRO DE MATERIAL DE OFICINA PARA LA UMH (Expediente 2024_AM_07)<\/strong><\/p>\n<p style=\"text-align: justify\">La Universidad Miguel Hern\u00e1ndez de Elche, para su normal funcionamiento y cumplimiento de sus fines, requiere la adquisici\u00f3n de art\u00edculos de material de oficina, siendo los productos que integran el Acuerdo Marco, de utilizaci\u00f3n com\u00fan y continua por los distintos servicios, unidades y centros de esta Universidad.<\/p>\n<p style=\"text-align: justify\">Este acuerdo marco tendr\u00e1 una duraci\u00f3n inicial de un a\u00f1o, prorrogable por otro m\u00e1s, entrando en vigor con fecha 15 de abril de 2025.<\/p>\n<p><img loading=\"lazy\" class=\"alignnone size-full wp-image-2230\" src=\"https:\/\/seguimientocontratacion.umh.es\/files\/2024\/01\/pantalla.png\" alt=\"\" width=\"71\" height=\"71\" \/> <a href=\"https:\/\/seguimientocontratacion.umh.es\/files\/2025\/04\/PRESENTACION-ACUERDO-MARCO-MATERIAL-DE-OFICINA-3.pptx\">Presentaci\u00f3n Acuerdo Marco 2024_AM_07<\/a><\/p>\n<h4><strong><em>\u00bfQU\u00c9 SE PRETENDE CONSEGUIR CON EL PRESENTE ACUERDO MARCO?<\/em><\/strong><\/h4>\n<ul>\n<li style=\"text-align: justify\">Racionalizar y unificar las compras que realice la Universidad Miguel Hern\u00e1ndez de Elche, en aras a la reducci\u00f3n de costes y en la mejora de la eficacia, de la transparencia y de la eficiencia en la prestaci\u00f3n.<\/li>\n<li style=\"text-align: justify\">Unificar el sistema de adquisici\u00f3n de los productos que se incluyen en el mismo, y homologar a los proveedores de estos productos, garantizando as\u00ed que cumplan unos est\u00e1ndares de calidad definidos.<\/li>\n<li style=\"text-align: justify\">Las condiciones en las que se ejecutar\u00e1 este acuerdo marco, vienen reguladas en el pliego de prescripciones t\u00e9cnicas (<a href=\"https:\/\/seguimientocontratacion.umh.es\/files\/2025\/04\/PPT-firmado-copia-autentica.pdf\"><strong><u>PPT<\/u><\/strong><\/a>) y pliego de cl\u00e1usulas administrativas\u00a0<strong><u>(<a href=\"https:\/\/seguimientocontratacion.umh.es\/files\/2025\/04\/PCAP-firmado-copia-autentica.pdf\">PCAP<\/a>)<\/u><\/strong><\/li>\n<\/ul>\n<p><strong><em>EMPRESAS HOMOLOGADAS<\/em><\/strong><\/p>\n<table width=\"548\">\n<tbody>\n<tr>\n<td width=\"548\">LYRECO ESPA\u00d1A S.A.<\/td>\n<\/tr>\n<tr>\n<td width=\"548\">LUCAS ROJAS S.L.<\/td>\n<\/tr>\n<tr>\n<td width=\"548\">SUMINISTROS DE PAPELER\u00cdA E INFORM\u00c1TICA ALICANTE S.L.<\/td>\n<\/tr>\n<\/tbody>\n<\/table>\n<p>&nbsp;<\/p>\n<p>&nbsp;<\/p>\n","protected":false},"excerpt":{"rendered":"<p>ACUERDO MARCO PARA EL SUMINISTRO DE MATERIAL DE OFICINA PARA LA UMH (Expediente 2024_AM_07)<br \/>\nLa Universidad Miguel Hern\u00e1ndez de Elche, para su normal funcionamiento y cumplimiento de sus fines, requiere la adquisici\u00f3n de art\u00edculos de material de oficina, siendo los productos que integran el Acuerdo Marco, de utilizaci\u00f3n com\u00fan y continua por los distintos servicios, unidades [&#8230;]<\/p>\n","protected":false},"author":11555,"featured_media":0,"parent":2848,"menu_order":10,"comment_status":"closed","ping_status":"closed","template":"","meta":{"_links_to":"","_links_to_target":""},"_links":{"self":[{"href":"https:\/\/seguimientocontratacion.umh.es\/en\/wp-json\/wp\/v2\/pages\/2854"}],"collection":[{"href":"https:\/\/seguimientocontratacion.umh.es\/en\/wp-json\/wp\/v2\/pages"}],"about":[{"href":"https:\/\/seguimientocontratacion.umh.es\/en\/wp-json\/wp\/v2\/types\/page"}],"author":[{"embeddable":true,"href":"https:\/\/seguimientocontratacion.umh.es\/en\/wp-json\/wp\/v2\/users\/11555"}],"replies":[{"embeddable":true,"href":"https:\/\/seguimientocontratacion.umh.es\/en\/wp-json\/wp\/v2\/comments?post=2854"}],"version-history":[{"count":0,"href":"https:\/\/seguimientocontratacion.umh.es\/en\/wp-json\/wp\/v2\/pages\/2854\/revisions"}],"up":[{"embeddable":true,"href":"https:\/\/seguimientocontratacion.umh.es\/en\/wp-json\/wp\/v2\/pages\/2848"}],"wp:attachment":[{"href":"https:\/\/seguimientocontratacion.umh.es\/en\/wp-json\/wp\/v2\/media?parent=2854"}],"curies":[{"name":"wp","href":"https:\/\/api.w.org\/{rel}","templated":true}]}}