{"id":2840,"date":"2025-03-31T10:32:40","date_gmt":"2025-03-31T08:32:40","guid":{"rendered":"https:\/\/seguimientocontratacion.umh.es\/?page_id=2840"},"modified":"2025-03-31T10:34:26","modified_gmt":"2025-03-31T08:34:26","slug":"politica-ambiental","status":"publish","type":"page","link":"https:\/\/seguimientocontratacion.umh.es\/en\/presentacion\/politica-ambiental\/","title":{"rendered":"Pol\u00edtica ambiental"},"content":{"rendered":"<p style=\"text-align: justify\">El Servicio de Planificaci\u00f3n y Racionalizaci\u00f3n de la Contrataci\u00f3n de la UMH participa anualmente en el\u00a0<a href=\"https:\/\/www.umhsostenible.com\/objetivos-ambientales\/\"><strong>Programa de Objetivos Ambientales\u00a0<\/strong><\/a>como herramienta para la mejora y el reconocimiento de nuestro comportamiento ambiental y act\u00faa de acuerdo a la\u00a0<a href=\"https:\/\/www.umhsostenible.com\/el-area-ambiental-y-desarrollo-sostenible-de-la-umh\/#politica\"><strong>Pol\u00edtica Ambiental de la UMH\u00a0<\/strong><\/a>, la cual recoge los\u00a0<strong>compromisos ambientales<\/strong>\u00a0de la Universidad Miguel Hern\u00e1ndez de Elche para la mejora de su desempe\u00f1o ambiental en sus actividades de gesti\u00f3n, investigaci\u00f3n, transferencia de conocimiento y formaci\u00f3n.<\/p>\n","protected":false},"excerpt":{"rendered":"<p>El Servicio de Planificaci\u00f3n y Racionalizaci\u00f3n de la Contrataci\u00f3n de la UMH participa anualmente en el\u00a0Programa de Objetivos Ambientales\u00a0como herramienta para la mejora y el reconocimiento de nuestro comportamiento ambiental y act\u00faa de acuerdo a la\u00a0Pol\u00edtica Ambiental de la UMH\u00a0, la cual recoge los\u00a0compromisos ambientales\u00a0de la Universidad Miguel Hern\u00e1ndez de Elche para la mejora de [&#8230;]<\/p>\n","protected":false},"author":11555,"featured_media":0,"parent":12,"menu_order":30,"comment_status":"closed","ping_status":"closed","template":"","meta":{"_links_to":"","_links_to_target":""},"_links":{"self":[{"href":"https:\/\/seguimientocontratacion.umh.es\/en\/wp-json\/wp\/v2\/pages\/2840"}],"collection":[{"href":"https:\/\/seguimientocontratacion.umh.es\/en\/wp-json\/wp\/v2\/pages"}],"about":[{"href":"https:\/\/seguimientocontratacion.umh.es\/en\/wp-json\/wp\/v2\/types\/page"}],"author":[{"embeddable":true,"href":"https:\/\/seguimientocontratacion.umh.es\/en\/wp-json\/wp\/v2\/users\/11555"}],"replies":[{"embeddable":true,"href":"https:\/\/seguimientocontratacion.umh.es\/en\/wp-json\/wp\/v2\/comments?post=2840"}],"version-history":[{"count":0,"href":"https:\/\/seguimientocontratacion.umh.es\/en\/wp-json\/wp\/v2\/pages\/2840\/revisions"}],"up":[{"embeddable":true,"href":"https:\/\/seguimientocontratacion.umh.es\/en\/wp-json\/wp\/v2\/pages\/12"}],"wp:attachment":[{"href":"https:\/\/seguimientocontratacion.umh.es\/en\/wp-json\/wp\/v2\/media?parent=2840"}],"curies":[{"name":"wp","href":"https:\/\/api.w.org\/{rel}","templated":true}]}}