{"id":2604,"date":"2024-12-13T13:38:58","date_gmt":"2024-12-13T12:38:58","guid":{"rendered":"https:\/\/seguimientocontratacion.umh.es\/?page_id=2604"},"modified":"2024-12-13T14:01:52","modified_gmt":"2024-12-13T13:01:52","slug":"suministro-de-energia-electrica","status":"publish","type":"page","link":"https:\/\/seguimientocontratacion.umh.es\/en\/acuerdos-marco\/suministro-de-energia-electrica\/","title":{"rendered":"Suministro de energ\u00eda el\u00e9ctrica con garant\u00eda de origen 100 por 100 renovable de la Universidad Miguel Hern\u00e1ndez de Elche"},"content":{"rendered":"<p>La Universidad Miguel Hern\u00e1ndez de Elche ha procedido a la tramitaci\u00f3n del contrato basado del ACUERDO MARCO AMS6O-007\/2024 \u201cSUMINISTRO DE ENERG\u00cdA EL\u00c9CTRICA CON GARANT\u00cdA DE ORIGEN 100 POR 100 RENOVABLE A GESTIONAR POR LA CENTRAL DE CONTRATACI\u00d3N DE LA DIPUTACI\u00d3N PROVINCIAL DE ALICANTE 2024-2026\u201d del que ha resultado adjudicataria la empresa IBERDROLA CLIENTES SAU. El plazo de duraci\u00f3n del contrato es desde el 1 de octubre de 2024 hasta el 30 de septiembre de 2026.<\/p>\n<p>Condiciones de adjudicaci\u00f3n:<\/p>\n<p>Tarifas fijas (tipos contratables fijo) SIN actualizaci\u00f3n de precios durante todo el per\u00edodo del contrato procedente 100 por 100 de energ\u00eda renovable con certificado \u201cGarant\u00eda de Origen\u201d, correspondientes a los puntos de suministro, aplicando los t\u00e9rminos del Acuerdo Marco, con un importe total, para el periodo indicado, de CINCO MILLONES DOSCIENTOS NOVENTA Y OCHO MIL OCHOCIENTOS CUARENTA Y TRES EUROS CON SETENTA Y OCHO CENTIMOS (5.298.843,78 \u20ac), esto es, la cantidad de 4.379.209,73 \u20ac m\u00e1s 919.634,05 \u20ac en concepto de IVA.<\/p>\n<p><a href=\"https:\/\/seguimientocontratacion.umh.es\/files\/2024\/12\/Resolucion-Rectoral-02364_2024.pdf\">Resolucion Rectoral 02364_2024 Adjudicaci\u00f3n<\/a><\/p>\n","protected":false},"excerpt":{"rendered":"<p>La Universidad Miguel Hern\u00e1ndez de Elche ha procedido a la tramitaci\u00f3n del contrato basado del ACUERDO MARCO AMS6O-007\/2024 \u201cSUMINISTRO DE ENERG\u00cdA EL\u00c9CTRICA CON GARANT\u00cdA DE ORIGEN 100 POR 100 RENOVABLE A GESTIONAR POR LA CENTRAL DE CONTRATACI\u00d3N DE LA DIPUTACI\u00d3N PROVINCIAL DE ALICANTE 2024-2026\u201d del que ha resultado adjudicataria la empresa IBERDROLA CLIENTES SAU. El [&#8230;]<\/p>\n","protected":false},"author":11555,"featured_media":0,"parent":56,"menu_order":999,"comment_status":"closed","ping_status":"closed","template":"","meta":{"_links_to":"","_links_to_target":""},"_links":{"self":[{"href":"https:\/\/seguimientocontratacion.umh.es\/en\/wp-json\/wp\/v2\/pages\/2604"}],"collection":[{"href":"https:\/\/seguimientocontratacion.umh.es\/en\/wp-json\/wp\/v2\/pages"}],"about":[{"href":"https:\/\/seguimientocontratacion.umh.es\/en\/wp-json\/wp\/v2\/types\/page"}],"author":[{"embeddable":true,"href":"https:\/\/seguimientocontratacion.umh.es\/en\/wp-json\/wp\/v2\/users\/11555"}],"replies":[{"embeddable":true,"href":"https:\/\/seguimientocontratacion.umh.es\/en\/wp-json\/wp\/v2\/comments?post=2604"}],"version-history":[{"count":0,"href":"https:\/\/seguimientocontratacion.umh.es\/en\/wp-json\/wp\/v2\/pages\/2604\/revisions"}],"up":[{"embeddable":true,"href":"https:\/\/seguimientocontratacion.umh.es\/en\/wp-json\/wp\/v2\/pages\/56"}],"wp:attachment":[{"href":"https:\/\/seguimientocontratacion.umh.es\/en\/wp-json\/wp\/v2\/media?parent=2604"}],"curies":[{"name":"wp","href":"https:\/\/api.w.org\/{rel}","templated":true}]}}