{"id":2316,"date":"2024-02-08T09:58:50","date_gmt":"2024-02-08T08:58:50","guid":{"rendered":"https:\/\/seguimientocontratacion.umh.es\/?page_id=2316"},"modified":"2024-02-11T12:41:53","modified_gmt":"2024-02-11T11:41:53","slug":"presentacion","status":"publish","type":"page","link":"https:\/\/seguimientocontratacion.umh.es\/en\/acuerdos-marco\/material-de-imprenta\/presentacion\/","title":{"rendered":"Presentaci\u00f3n"},"content":{"rendered":"<p style=\"padding-left: 40px\">La Universidad ha desarrollado el oportuno expediente de determinaci\u00f3n de tipo para el suministro de art\u00edculos de imprenta y artes gr\u00e1ficas, y homologaci\u00f3n de un n\u00famero limitado de proveedores de dicho material (Expediente 2022_AM_02), sustituye al expediente 01\/16, por lo que TODAS LAS UNIDADES DE GASTO TENDR\u00c1N LA OBLIGACI\u00d3N DE ADQUIRIR LOS MISMOS A TRAV\u00c9S DE LAS EMPRESAS HOMOLOGADAS.<\/p>\n<p style=\"padding-left: 120px\"><strong><u><a href=\"https:\/\/seguimientocontratacion.umh.es\/files\/2022\/10\/PRESENTACION-ACUERDO-MARCO-DE-IMPRENTA.pptx\" target=\"_blank\" rel=\"noopener\">PRESENTACI\u00d3N ACUERDO MARCO 2022_AM_02<\/a>\u00a0<\/u><\/strong><\/p>\n<h4><strong><em>\u00bfQU\u00c9 SE PRETENDE CONSEGUIR CON EL PRESENTE ACUERDO MARCO?<\/em><\/strong><\/h4>\n<ul>\n<li>Racionalizar y unificar las compras que realice la Universidad Miguel Hern\u00e1ndez de Elche, en aras a la reducci\u00f3n de costes y en la mejora de la eficacia, de la transparencia y de la eficiencia en la prestaci\u00f3n.<\/li>\n<li>Unificar el sistema de adquisici\u00f3n de los productos que se incluyen en el mismo, y homologar a los proveedores de estos productos, garantizando as\u00ed que cumplan unos est\u00e1ndares de calidad definidos.<\/li>\n<li>Las condiciones en las que se ejecutar\u00e1 este acuerdo marco, vienen reguladas en el pliego de prescripciones t\u00e9cnicas y administrativas\n<ul>\n<li><a href=\"https:\/\/seguimientocontratacion.umh.es\/files\/2022\/10\/PPT-copia-autentica.pdf\">PPT 2022_AM_02<\/a><\/li>\n<li><a href=\"https:\/\/seguimientocontratacion.umh.es\/files\/2022\/10\/PCAP-2022_AM_02-copia-autentica.pdf\">PCAP_2022_AM_02<\/a><\/li>\n<\/ul>\n<\/li>\n<\/ul>\n<p style=\"padding-left: 40px\">El contrato se divide en lotes, dadas las caracter\u00edsticas propias del objeto y naturaleza de la prestaci\u00f3n<\/p>\n<ul>\n<li><strong>Lote 1: Sobres, bolsas, carpetas y subcarpetas.<\/strong><\/li>\n<li><strong>Lote 2: Tarjetas, tarjetones, diplomas e impresiones institucionales.<\/strong><\/li>\n<li><strong>Lote 3: Revistas y publicaciones.<\/strong><\/li>\n<\/ul>\n<p style=\"padding-left: 40px\">Dicha homologaci\u00f3n tiene una duraci\u00f3n inicial de UN A\u00d1O, a partir del 20 de octubre de 2022, pudiendo ser prorrogado\u00a0<strong><u>anualmente\u00a0<\/u><\/strong>por otros TRES, y comprende el material que figura en documento:<\/p>\n<p style=\"padding-left: 40px\">(enlace listado de art\u00edculos homologados)<\/p>\n<p style=\"padding-left: 40px\">Mediante Resoluci\u00f3n Rectoral n\u00ba 02346\/2022, de fecha 20 de septiembre, se ha procedido a la adjudicaci\u00f3n del contrato a las siguientes empresas:<\/p>\n<p style=\"padding-left: 40px\"><strong>LOTE 1:<\/strong><\/p>\n<p style=\"padding-left: 40px\">\u2013 ARTES GR\u00c1FICAS BOTELLA G\u00d3MEZ, S.L.<\/p>\n<p style=\"padding-left: 40px\">\u2013 INDUSTRIAS GR\u00c1FICAS ALICANTE, S.L.<\/p>\n<p style=\"padding-left: 40px\"><strong>LOTE 2:<\/strong><\/p>\n<p style=\"padding-left: 40px\">\u2013 ARTES GR\u00c1FICAS BOTELLA G\u00d3MEZ, S.L.<\/p>\n<p style=\"padding-left: 40px\">\u2013 INDUSTRIAS GR\u00c1FICAS ALICANTE, S.L.<\/p>\n<p style=\"padding-left: 40px\"><strong>LOTE 3:<\/strong><\/p>\n<p style=\"padding-left: 40px\">\u2013 INDUSTRIAS GR\u00c1FICAS ALICANTE, S.L.<\/p>\n<p style=\"padding-left: 40px\">\u2013\u00a0 QUINTA IMPRESI\u00d3N, S.L.U.<\/p>\n","protected":false},"excerpt":{"rendered":"<p>La Universidad ha desarrollado el oportuno expediente de determinaci\u00f3n de tipo para el suministro de art\u00edculos de imprenta y artes gr\u00e1ficas, y homologaci\u00f3n de un n\u00famero limitado de proveedores de dicho material (Expediente 2022_AM_02), sustituye al expediente 01\/16, por lo que TODAS LAS UNIDADES DE GASTO TENDR\u00c1N LA OBLIGACI\u00d3N DE ADQUIRIR LOS MISMOS A TRAV\u00c9S [&#8230;]<\/p>\n","protected":false},"author":2477,"featured_media":0,"parent":1345,"menu_order":0,"comment_status":"closed","ping_status":"closed","template":"","meta":{"_links_to":"","_links_to_target":""},"_links":{"self":[{"href":"https:\/\/seguimientocontratacion.umh.es\/en\/wp-json\/wp\/v2\/pages\/2316"}],"collection":[{"href":"https:\/\/seguimientocontratacion.umh.es\/en\/wp-json\/wp\/v2\/pages"}],"about":[{"href":"https:\/\/seguimientocontratacion.umh.es\/en\/wp-json\/wp\/v2\/types\/page"}],"author":[{"embeddable":true,"href":"https:\/\/seguimientocontratacion.umh.es\/en\/wp-json\/wp\/v2\/users\/2477"}],"replies":[{"embeddable":true,"href":"https:\/\/seguimientocontratacion.umh.es\/en\/wp-json\/wp\/v2\/comments?post=2316"}],"version-history":[{"count":0,"href":"https:\/\/seguimientocontratacion.umh.es\/en\/wp-json\/wp\/v2\/pages\/2316\/revisions"}],"up":[{"embeddable":true,"href":"https:\/\/seguimientocontratacion.umh.es\/en\/wp-json\/wp\/v2\/pages\/1345"}],"wp:attachment":[{"href":"https:\/\/seguimientocontratacion.umh.es\/en\/wp-json\/wp\/v2\/media?parent=2316"}],"curies":[{"name":"wp","href":"https:\/\/api.w.org\/{rel}","templated":true}]}}