{"id":2185,"date":"2024-02-09T08:40:27","date_gmt":"2024-02-09T07:40:27","guid":{"rendered":"https:\/\/seguimientocontratacion.umh.es\/?page_id=2185"},"modified":"2024-12-13T13:59:11","modified_gmt":"2024-12-13T12:59:11","slug":"analiticas-de-animales-de-experimentacion","status":"publish","type":"page","link":"https:\/\/seguimientocontratacion.umh.es\/en\/acuerdos-marco\/analiticas-de-animales-de-experimentacion\/","title":{"rendered":"Anal\u00edticas de animales de experimentaci\u00f3n"},"content":{"rendered":"<p><strong>ACUERDO MARCO PARA LA PRESTACI\u00d3N DEL SERVICIO DE ANAL\u00cdTICAS A LOS ANIMALES DE EXPERIMENTACI\u00d3N DE LA UNIVERSIDAD MIGUEL HERN\u00c1NDEZ DE ELCHE\u201d (EXPTE. 2023_AM_06<\/strong><strong>\u00a0)<\/strong> Agrupaci\u00f3n de Gasto AM06\/23<\/p>\n<p><strong>OBJETO<\/strong><\/p>\n<p>El presente contrato tiene por objeto la celebraci\u00f3n de un acuerdo marco para gestionar los controles sanitarios de los animales de experimentaci\u00f3n, y la selecci\u00f3n y la homologaci\u00f3n de un n\u00famero limitado de empresas que presten este servicio para las diferentes unidades de animales de experimentaci\u00f3n de la Universidad en los diferentes campus.<\/p>\n<p>Con el fin de tener una estabilidad en los servicios requeridos y evitar licitaciones anuales, consiguiendo as\u00ed una mayor efectividad en los procedimientos, se ha seleccionado un plazo de vigencia y ejecuci\u00f3n de <strong>DOS A\u00d1OS (24 meses)<\/strong>, entrando en vigor desde el d\u00eda <strong>25 de enero de 2024<\/strong>, y, que se podr\u00e1n prorrogar por <strong>DOS A\u00d1OS M\u00c1S ANUALMENTE (24 meses)<\/strong>, siendo la vigencia m\u00e1xima del acuerdo marco de cuatro a\u00f1os, rigiendo los mismos precios durante todo el periodo de vigencia del mismo.<\/p>\n<p>El objeto del presente acuerdo marco <strong>NO se divide en lotes<\/strong>, dado que al tratarse de un acuerdo marco con varias empresas, no se produce una restricci\u00f3n de la competencia.<\/p>\n<p><strong>TIPOS DE ANAL\u00cdTICA<\/strong><\/p>\n<p><img loading=\"lazy\" class=\"alignnone wp-image-2286\" title=\"Tipos de anal\u00edticas\" src=\"https:\/\/seguimientocontratacion.umh.es\/files\/2024\/01\/Imagen4-300x202.jpg\" alt=\"\" width=\"577\" height=\"388\" srcset=\"https:\/\/seguimientocontratacion.umh.es\/files\/2024\/01\/Imagen4-300x202.jpg 300w, https:\/\/seguimientocontratacion.umh.es\/files\/2024\/01\/Imagen4.jpg 566w\" sizes=\"(max-width: 577px) 100vw, 577px\" \/><\/p>\n<p><strong>EMPRESAS HOMOLOGADAS EN DICHOS ACUERDOS MARCOS<\/strong><\/p>\n<p><img loading=\"lazy\" class=\"alignnone wp-image-2283\" title=\"Nombre de las mercantiles adjudicatarias del Acuerdo Marco de Anal\u00edticas\" src=\"https:\/\/seguimientocontratacion.umh.es\/files\/2024\/01\/Imagen3-1-300x70.jpg\" alt=\"\" width=\"493\" height=\"115\" srcset=\"https:\/\/seguimientocontratacion.umh.es\/files\/2024\/01\/Imagen3-1-300x70.jpg 300w, https:\/\/seguimientocontratacion.umh.es\/files\/2024\/01\/Imagen3-1.jpg 554w\" sizes=\"(max-width: 493px) 100vw, 493px\" \/><\/p>\n<p><strong>ADJUDICACI\u00d3N DE LOS CONTRATOS BASADOS<\/strong><\/p>\n<p>A efectos de lo dispuesto en el art. 221.4, s) de la LCSP, dado que el Acuerdo Marco establece todos sus t\u00e9rminos, la contrataci\u00f3n basada en el mismo NO requiere convocar a las partes a una nueva licitaci\u00f3n, pudiendo hacer el peticionario la solicitud del servicio a la empresa que mejor satisfaga sus necesidades, respetando la mejor relaci\u00f3n calidad-precio.<\/p>\n<p>Para ello se solicitar\u00e1 a las empresas homologadas presupuesto en funci\u00f3n de las muestras\/animales a analizar y pat\u00f3genos de los que se desea conocer su presencia o ausencia en los animales, y en funci\u00f3n del precio ofertado se establecer\u00e1 aquella que sea de inter\u00e9s.<\/p>\n<p>Cada unidad del SEA de la Universidad realizar\u00e1 sus solicitudes de servicio, por correo electr\u00f3nico o mediante uso de los medios electr\u00f3nicos habilitados al efecto por las empresas adjudicatarias.<\/p>\n<p style=\"padding-left: 40px\">En la solicitud de contrataci\u00f3n de cada uno de los servicios se indicar\u00e1:<\/p>\n<p style=\"padding-left: 80px\">&#8211; El tipo de an\u00e1lisis a realizar.<\/p>\n<p style=\"padding-left: 80px\">&#8211; El n\u00famero de muestras\/animales a analizar.<\/p>\n<p style=\"padding-left: 80px\">&#8211; La fecha de env\u00edo de las muestras\/animales.<\/p>\n<p style=\"padding-left: 80px\">&#8211; Otra informaci\u00f3n que se pueda considerar de relevancia para la organizaci\u00f3n y desarrollo del servicio.<\/p>\n<p style=\"padding-left: 80px\">&#8211; C\u00f3digos DIR de la unidad solicitante.<\/p>\n<p>Los informes de los controles microbiol\u00f3gicos estar\u00e1n redactados en castellano y\/o ingl\u00e9s.<\/p>\n<p>Los resultados tendr\u00e1n que estar agrupados por instalaci\u00f3n y siguiendo la nomenclatura de cada una de ellas.<\/p>\n<p>Los resultados de las anal\u00edticas se remitir\u00e1n por correo electr\u00f3nico a la persona solicitante, con copia a la direcci\u00f3n animalario@umh.es.<\/p>\n<p><strong>RESPONSABLE DEL ACUERDO MARCO.<\/strong><\/p>\n<p>El responsable del presente acuerdo marco es el <a href=\"https:\/\/sea.umh.es\/gestion-economica\/catalogo-de-proveedores-autorizados\/3-analiticas-de-animales-de-experimentacion\/\" target=\"_blank\" rel=\"noopener\">SERVICIO DE EXPERIMENTACI\u00d3N ANIMAL (SEA)<\/a><\/p>\n<p><strong>DOCUMENTACI\u00d3N DE INTER\u00c9S<\/strong><\/p>\n<ul>\n<li><a href=\"https:\/\/sea.umh.es\/gestion-economica\/catalogo-de-proveedores-autorizados\/3-analiticas-de-animales-de-experimentacion\/\" target=\"_blank\" rel=\"noopener\">ENLACE SERVICIO DE EXPERIMENTACI\u00d3N ANIMAL<\/a><\/li>\n<li><a href=\"https:\/\/contrataciondelestado.es\/wps\/wcm\/connect\/PLACE_es\/Site\/area\/docAccCmpnt?srv=cmpnt&amp;cmpntname=GetDocumentsById&amp;source=library&amp;DocumentIdParam=1a29bed4-93ad-4176-930a-4ddc7f0c1675\">PLIEGO DE PRESCRIPCIONES T\u00c9CNICAS<\/a><\/li>\n<li><a href=\"https:\/\/contrataciondelestado.es\/wps\/wcm\/connect\/PLACE_es\/Site\/area\/docAccCmpnt?srv=cmpnt&amp;cmpntname=GetDocumentsById&amp;source=library&amp;DocumentIdParam=1a29bed4-93ad-4176-930a-4ddc7f0c1675\">PLIEGO DE CL\u00c1USULAS ADMINISTRATIVAS PARTICULARES<\/a><\/li>\n<li><a href=\"https:\/\/seguimientocontratacion.umh.es\/files\/2024\/01\/AGRUPACIONES-DE-GASTO-COMPRAS-AAMM-2.pdf\">AGRUPACI\u00d3N DE GASTO AM06\/23<\/a><\/li>\n<\/ul>\n<p>&nbsp;<\/p>\n","protected":false},"excerpt":{"rendered":"<p>ACUERDO MARCO PARA LA PRESTACI\u00d3N DEL SERVICIO DE ANAL\u00cdTICAS A LOS ANIMALES DE EXPERIMENTACI\u00d3N DE LA UNIVERSIDAD MIGUEL HERN\u00c1NDEZ DE ELCHE\u201d (EXPTE. 2023_AM_06\u00a0) Agrupaci\u00f3n de Gasto AM06\/23<br \/>\nOBJETO<br \/>\nEl presente contrato tiene por objeto la celebraci\u00f3n de un acuerdo marco para gestionar los controles sanitarios de los animales de experimentaci\u00f3n, y la selecci\u00f3n y la homologaci\u00f3n de [&#8230;]<\/p>\n","protected":false},"author":2477,"featured_media":0,"parent":56,"menu_order":200,"comment_status":"closed","ping_status":"closed","template":"","meta":{"_links_to":"","_links_to_target":""},"_links":{"self":[{"href":"https:\/\/seguimientocontratacion.umh.es\/en\/wp-json\/wp\/v2\/pages\/2185"}],"collection":[{"href":"https:\/\/seguimientocontratacion.umh.es\/en\/wp-json\/wp\/v2\/pages"}],"about":[{"href":"https:\/\/seguimientocontratacion.umh.es\/en\/wp-json\/wp\/v2\/types\/page"}],"author":[{"embeddable":true,"href":"https:\/\/seguimientocontratacion.umh.es\/en\/wp-json\/wp\/v2\/users\/2477"}],"replies":[{"embeddable":true,"href":"https:\/\/seguimientocontratacion.umh.es\/en\/wp-json\/wp\/v2\/comments?post=2185"}],"version-history":[{"count":0,"href":"https:\/\/seguimientocontratacion.umh.es\/en\/wp-json\/wp\/v2\/pages\/2185\/revisions"}],"up":[{"embeddable":true,"href":"https:\/\/seguimientocontratacion.umh.es\/en\/wp-json\/wp\/v2\/pages\/56"}],"wp:attachment":[{"href":"https:\/\/seguimientocontratacion.umh.es\/en\/wp-json\/wp\/v2\/media?parent=2185"}],"curies":[{"name":"wp","href":"https:\/\/api.w.org\/{rel}","templated":true}]}}