{"id":17,"date":"2020-09-25T13:58:50","date_gmt":"2020-09-25T11:58:50","guid":{"rendered":"http:\/\/seguimientocontratacion.zeus.umh.es\/?page_id=17"},"modified":"2025-07-30T10:48:51","modified_gmt":"2025-07-30T08:48:51","slug":"home","status":"publish","type":"page","link":"https:\/\/seguimientocontratacion.umh.es\/en\/","title":{"rendered":"Home"},"content":{"rendered":"<p style=\"text-align: justify\">El Servicio de Planificaci\u00f3n y Racionalizaci\u00f3n de la Contrataci\u00f3n (en adelante SPRC), dependiente de la Gerencia, tiene como misi\u00f3n, el cumplimiento de la normativa contractual en los procedimientos que tiene asignados.<\/p>\n<p style=\"text-align: justify\">Entre sus funciones, le corresponde la elaboraci\u00f3n del Plan Anual de Contrataci\u00f3n de la Universidad, el asesoramiento en la contrataci\u00f3n menor y en los acuerdos marco, tanto en aquellos de car\u00e1cter externo a los que la Universidad se encuentra adherida, como en los de car\u00e1cter interno, as\u00ed como la tramitaci\u00f3n y gesti\u00f3n de estos \u00faltimos, y la ejecuci\u00f3n y seguimiento de los contratos de adquisici\u00f3n de bienes y servicios.<\/p>\n<p style=\"text-align: justify\">Asimismo, se encarga de gestionar los recursos de uso com\u00fan y frecuente por el personal de la Universidad.<\/p>\n<p style=\"text-align: justify\">La informaci\u00f3n de contacto del Servicio se encuentra en nuestro <a href=\"https:\/\/seguimientocontratacion.umh.es\/presentacion\/directorio\/\">directorio<\/a><\/p>\n","protected":false},"excerpt":{"rendered":"<p>El Servicio de Planificaci\u00f3n y Racionalizaci\u00f3n de la Contrataci\u00f3n (en adelante SPRC), dependiente de la Gerencia, tiene como misi\u00f3n, el cumplimiento de la normativa contractual en los procedimientos que tiene asignados.<br \/>\nEntre sus funciones, le corresponde la elaboraci\u00f3n del Plan Anual de Contrataci\u00f3n de la Universidad, el asesoramiento en la contrataci\u00f3n menor y en los acuerdos [&#8230;]<\/p>\n","protected":false},"author":3457,"featured_media":0,"parent":0,"menu_order":0,"comment_status":"closed","ping_status":"closed","template":"","meta":{"_links_to":"","_links_to_target":""},"_links":{"self":[{"href":"https:\/\/seguimientocontratacion.umh.es\/en\/wp-json\/wp\/v2\/pages\/17"}],"collection":[{"href":"https:\/\/seguimientocontratacion.umh.es\/en\/wp-json\/wp\/v2\/pages"}],"about":[{"href":"https:\/\/seguimientocontratacion.umh.es\/en\/wp-json\/wp\/v2\/types\/page"}],"author":[{"embeddable":true,"href":"https:\/\/seguimientocontratacion.umh.es\/en\/wp-json\/wp\/v2\/users\/3457"}],"replies":[{"embeddable":true,"href":"https:\/\/seguimientocontratacion.umh.es\/en\/wp-json\/wp\/v2\/comments?post=17"}],"version-history":[{"count":0,"href":"https:\/\/seguimientocontratacion.umh.es\/en\/wp-json\/wp\/v2\/pages\/17\/revisions"}],"wp:attachment":[{"href":"https:\/\/seguimientocontratacion.umh.es\/en\/wp-json\/wp\/v2\/media?parent=17"}],"curies":[{"name":"wp","href":"https:\/\/api.w.org\/{rel}","templated":true}]}}