{"id":156,"date":"2021-01-26T09:30:48","date_gmt":"2021-01-26T08:30:48","guid":{"rendered":"https:\/\/seguimientocontratacion.umh.es\/?page_id=156"},"modified":"2024-02-26T11:51:37","modified_gmt":"2024-02-26T10:51:37","slug":"1-como-comprar","status":"publish","type":"page","link":"https:\/\/seguimientocontratacion.umh.es\/en\/acuerdos-marco\/material-de-imprenta\/1-como-comprar\/","title":{"rendered":"\u00bfC\u00f3mo comprar material de imprenta?"},"content":{"rendered":"<h4><strong><em>INSTRUCCIONES DE COMPRA<\/em><\/strong><\/h4>\n<p>Todos los art\u00edculos contemplados en el Expte 2022_AM_02 se encuentran recogidos en el <a href=\"https:\/\/seguimientocontratacion.umh.es\/files\/2022\/10\/ANEXO-I-LISTADO-DE-ARTICULOS-HOMOLOGADOS-copia-autentica.pdf\" target=\"_blank\" rel=\"noopener\">ANEXO I<\/a>, del Pliego de Prescripciones T\u00e9cnicas.<\/p>\n<p style=\"padding-left: 120px\"><a href=\"https:\/\/seguimientocontratacion.umh.es\/files\/2022\/10\/ANEXO-I-LISTADO-DE-ARTICULOS-HOMOLOGADOS-copia-autentica.pdf\" target=\"_blank\" rel=\"noopener\">ANEXO I. Listado de art\u00edculos homologados<\/a><\/p>\n<ul>\n<li>Las Unidades de Gasto efectuar\u00e1n los pedidos\u00a0<strong>directamente<\/strong>\u00a0a las empresas homologadas a trav\u00e9s del enlace:\u00a0<a href=\"https:\/\/seguimientocontratacion.umh.es\/acuerdos-marco\/material-de-oficina\/2-acceso-a-catalogos-web-de-proveedores\/\" target=\"_blank\" rel=\"noopener\"><strong>\u201cACCESO A LA WEB DE PROVEEDORES\u201d<\/strong><\/a>\u00a0, con cargo a sus respectivos cr\u00e9ditos presupuestarios.<\/li>\n<li>Los suministradores efectuar\u00e1n las entregas de material, junto con los albaranes correspondientes, a las unidades solicitantes en el lugar concreto que se determine en cada pedido, as\u00ed como su facturaci\u00f3n.<\/li>\n<li>No existe obligaci\u00f3n de compra m\u00ednima.<\/li>\n<li>El plazo m\u00e1ximo de entrega ser\u00e1 el que figura en cada LISTADO desde la realizaci\u00f3n del pedido.<\/li>\n<\/ul>\n<h4><strong><em>\u00bf<\/em><\/strong><strong><em>C\u00d3MO COMPRAR?<\/em><\/strong><\/h4>\n<ul>\n<li><strong>Solo<\/strong> podr\u00e1n adquirirse productos homologados en el presente Acuerdo Marco a las empresas que hayan sido adjudicatarias del mismo, y que figure en el correspondiente cat\u00e1logo UMH:<\/li>\n<\/ul>\n<p><strong>INDUSTRIAS GR\u00c1FICAS ALICANTE, S.L. LOTES 1, 2 y 3<\/strong><\/p>\n<ul>\n<li><a href=\"https:\/\/ingra.net\/umh\/\">Cat\u00e1logo Industrias Gr\u00e1ficas Alicante, S.L. <\/a><\/li>\n<\/ul>\n<p><strong>ARTES GR\u00c1FICAS BOTELLA G\u00d3MEZ, S.L. LOTES 1 y 2<\/strong><\/p>\n<ul>\n<li><a href=\"https:\/\/yndaimagen.es\/catalogo_LOTE1.pdf\">Cat\u00e1logo Artes Gr\u00e1ficas Botella G\u00f3mez. LOTE 1<\/a><\/li>\n<li><a href=\"https:\/\/yndaimagen.es\/catalogo_LOTE2.pdf\">Cat\u00e1logo Artes Gr\u00e1ficas Botella G\u00f3mez. LOTE 2<\/a><\/li>\n<\/ul>\n<p><strong>QUINTA IMPRESI\u00d3N, S.L.U. LOTE 3<\/strong><\/p>\n<ul>\n<li><a href=\"https:\/\/quintaimpresion.com\/umh\/\">Cat\u00e1logo QUINTA IMPRESI\u00d3N, S.L.U.<\/a><\/li>\n<\/ul>\n<p>Los pedidos se realizar\u00e1n por <strong>correo electr\u00f3nico<\/strong>, dejando <strong>constancia<\/strong> de la <strong>fecha de realizaci\u00f3n<\/strong>, e indicando, la <strong>unidad solicitante<\/strong>, la <strong>referencia del pedido de la unidad solicitante<\/strong>, el <strong>producto solicitado<\/strong>, la <strong>cantidad<\/strong> del mismo, y finalmente la <strong>direcci\u00f3n de entrega <\/strong>del producto.<\/p>\n<p>Deber\u00e1 quedar constancia de la realizaci\u00f3n del pedido mediante registro consecutivo de los datos indicados en el p\u00e1rrafo anterior, que estar\u00e1n a disposici\u00f3n del responsable del acuerdo marco o de qui\u00e9n \u00e9ste designe.<\/p>\n<h4><strong><em>IMPORTES<\/em><\/strong><\/h4>\n<p><strong>Si el importe del pedido fuese inferior a 3.000\u20ac (IVA excluido<\/strong><strong>): <\/strong><\/p>\n<p>El peticionario podr\u00e1 realizar el pedido <strong>directamente a una <\/strong>de las empresas homologadas en el lote, aunque se recomienda que se soliciten oferta a las empresas homologadas a efectos de que puedan mejorar o confirmar su oferta inicial.<\/p>\n<p><strong>Si el importe del pedido fuese superior a 3.000\u20ac (IVA excluido<\/strong><strong>):<\/strong><\/p>\n<p>El peticionario deber\u00e1 solicitar <strong>obligatoriamente<\/strong> oferta a las empresas homologadas en el lote, pudiendo las mismas mejorar o confirmar su oferta inicial. En este supuesto, se deber\u00e1 poner en conocimiento del Servicio de Planificaci\u00f3n y Seguimiento de la Contrataci\u00f3n, con car\u00e1cter previo a la realizaci\u00f3n de este tr\u00e1mite de petici\u00f3n de ofertas.<\/p>\n<ul>\n<li><strong>El contrato se adjudicar\u00e1 a la empresa que haya presentado mejor oferta, seg\u00fan los criterios y f\u00f3rmulas de valoraci\u00f3n de la cl\u00e1usula 30 del PCAP:<\/strong><\/li>\n<li>Oferta econ\u00f3mica: 80 puntos.<\/li>\n<\/ul>\n<ul>\n<li>Plazo de entrega: 20 puntos<\/li>\n<\/ul>\n<p><a href=\"https:\/\/seguimientocontratacion.umh.es\/files\/2023\/05\/MODELO-DE-OFERTA-ECONOMICA-EXPEDIENTES-BASADOS.-Rectificado.docx\" target=\"_blank\" rel=\"noopener\"><strong>MODELO DE SOLICITUD DE OFERTA ECON\u00d3MICA PARA EXPEDIENTE BASADO<\/strong><\/a><\/p>\n<h4><strong><em>CONSIDERACIONES DE CAR\u00c1CTER AMBIENTAL<\/em><\/strong>: (de obligado cumplimiento para las empresas homologadas)<\/h4>\n<ul>\n<li><strong>El papel utilizado para los art\u00edculos de los LOTES 1 y 2 <\/strong>deber\u00e1 ser reciclado, con un contenido m\u00ednimo del 75% de fibra reciclada post-consumo. Adem\u00e1s, deber\u00e1 ser totalmente libre de cloro (TCF) y tener un grado de blancura m\u00ednimo del 80% CIE. (Ecoetiquetas Tipo I (\u00c1ngel azul, Cisne N\u00f3rdico, Etiqueta Ecol\u00f3gica Europea, etc. o documentaci\u00f3n t\u00e9cnica equivalente).<\/li>\n<li><strong>El papel utilizado para los art\u00edculos del LOTE 3 <\/strong>deber\u00e1 ser al menos en un 50% proveniente de bosques de gesti\u00f3n forestal sostenible. (Certificado FSC\/PEFC de cadena de custodia o certificaci\u00f3n equivalente, y Certificado FSC\/PEFC del papel o equivalente).<\/li>\n<\/ul>\n<h4><strong><em>CONSIDERACIONES DE CAR\u00c1CTER GENERAL<\/em><\/strong> (de obligado cumplimiento para las empresas homologadas)<\/h4>\n<ul>\n<li>ANEXO II MANUAL IDENTIDAD VISUAL CORPORATIVA<\/li>\n<\/ul>\n<p><a href=\"https:\/\/seguimientocontratacion.umh.es\/files\/2022\/10\/ANEXO-II-MANUAL-IDENTIDAD-VISUAL-CORPORATIVA-copia-autentica.pdf\" target=\"_blank\" rel=\"noopener\">PPT\u00a0 ANEXO II MANUAL IDENTIDAD VISUAL CORPORATIVA<\/a><\/p>\n<ul>\n<li>ANEXO III NORMAS BASICAS PARA PUBLICACIONES<\/li>\n<\/ul>\n<p><a href=\"https:\/\/seguimientocontratacion.umh.es\/files\/2022\/10\/ANEXO-III-NORMAS-BASICAS-PARA-PUBLICACIONES-copia-autentica.pdf\" target=\"_blank\" rel=\"noopener\">PPT_ANEXO III NORMAS BASICAS PARA PUBLICACIONES<\/a><\/p>\n<ul>\n<li>ANEXO IV-EXTENSION MANUAL BASICO DE IDENTIDAD VISUAL CORPORATIVA<\/li>\n<\/ul>\n<p><a href=\"https:\/\/seguimientocontratacion.umh.es\/files\/2022\/10\/ANEXO-IV-EXTENSION-MANUAL-BASICO-DE-IDENTIDAD-VISUAL-CORPORATIVA-copia-autentica.pdf\" target=\"_blank\" rel=\"noopener\">PPT ANEXO IV-EXTENSION MANUAL BASICO DE IDENTIDAD VISUAL CORPORATIVA<\/a><\/p>\n<h4><strong><em>INCIDENCIAS<\/em><\/strong><\/h4>\n<p>Las Unidades peticionarias deber\u00e1n comunicar al Servicio de Planificaci\u00f3n y Seguimiento de la Contrataci\u00f3n cualquier incumplimiento o incidencia que se produzca en el suministro de material por parte de las empresas homologadas.<\/p>\n<h4><strong><em>DOCUMENTACI\u00d3N DE INTER\u00c9S<\/em><\/strong><\/h4>\n<ul>\n<li><strong>Preguntas y respuestas<\/strong><\/li>\n<\/ul>\n","protected":false},"excerpt":{"rendered":"<p>INSTRUCCIONES DE COMPRA<br \/>\nTodos los art\u00edculos contemplados en el Expte 2022_AM_02 se encuentran recogidos en el ANEXO I, del Pliego de Prescripciones T\u00e9cnicas.<br \/>\nANEXO I. Listado de art\u00edculos homologados<\/p>\n<p>Las Unidades de Gasto efectuar\u00e1n los pedidos\u00a0directamente\u00a0a las empresas homologadas a trav\u00e9s del enlace:\u00a0\u201cACCESO A LA WEB DE PROVEEDORES\u201d\u00a0, con cargo a sus respectivos cr\u00e9ditos presupuestarios.<br \/>\nLos suministradores efectuar\u00e1n las [&#8230;]<\/p>\n","protected":false},"author":3457,"featured_media":0,"parent":1345,"menu_order":1,"comment_status":"closed","ping_status":"closed","template":"","meta":{"_links_to":"","_links_to_target":""},"_links":{"self":[{"href":"https:\/\/seguimientocontratacion.umh.es\/en\/wp-json\/wp\/v2\/pages\/156"}],"collection":[{"href":"https:\/\/seguimientocontratacion.umh.es\/en\/wp-json\/wp\/v2\/pages"}],"about":[{"href":"https:\/\/seguimientocontratacion.umh.es\/en\/wp-json\/wp\/v2\/types\/page"}],"author":[{"embeddable":true,"href":"https:\/\/seguimientocontratacion.umh.es\/en\/wp-json\/wp\/v2\/users\/3457"}],"replies":[{"embeddable":true,"href":"https:\/\/seguimientocontratacion.umh.es\/en\/wp-json\/wp\/v2\/comments?post=156"}],"version-history":[{"count":0,"href":"https:\/\/seguimientocontratacion.umh.es\/en\/wp-json\/wp\/v2\/pages\/156\/revisions"}],"up":[{"embeddable":true,"href":"https:\/\/seguimientocontratacion.umh.es\/en\/wp-json\/wp\/v2\/pages\/1345"}],"wp:attachment":[{"href":"https:\/\/seguimientocontratacion.umh.es\/en\/wp-json\/wp\/v2\/media?parent=156"}],"curies":[{"name":"wp","href":"https:\/\/api.w.org\/{rel}","templated":true}]}}