{"id":1309,"date":"2022-08-01T23:22:00","date_gmt":"2022-08-01T21:22:00","guid":{"rendered":"https:\/\/seguimientocontratacion.umh.es\/?page_id=1309"},"modified":"2026-05-04T11:11:51","modified_gmt":"2026-05-04T09:11:51","slug":"piensos-y-lechos","status":"publish","type":"page","link":"https:\/\/seguimientocontratacion.umh.es\/en\/acuerdos-marco\/piensos-y-lechos\/","title":{"rendered":"Piensos y Lechos"},"content":{"rendered":"<p><\/p>\n<h3><strong>OBJETO<\/strong><\/h3>\n<p>La Universidad ha formalizado los contratos de los correspondientes Acuerdos Marco para el suministro de piensos y lechos para los animales destinados a la docencia y la investigaci\u00f3n en la Universidad Miguel Hern\u00e1ndez de Elche, siendo \u00e9stos los siguientes:<\/p>\n<ul>\n<li><strong><u>2021_AM_02<\/u><\/strong> \u201c<strong>ACUERDO MARCO PARA EL SUMINISTRO DE PIENSOS Y LECHOS PARA LOS ANIMALES EMPLEADOS EN INVESTIGACION Y DOCENCIA EN LA UNIVERSIDAD MIGUEL HERN\u00c1NDEZ DE ELCHE&#8221;\u00a0<\/strong><span style=\"color: #ff0000\">FINALIZADO EL 19\/01\/2026<\/span><\/li>\n<\/ul>\n<p style=\"text-align: justify\">En tr\u00e1mite nuevo Acuerdo Marco <span id=\"viewns_Z7_AVEQAI930GRPE02BR764FO30G0_:form1:texoEnlace_enlaceExpediente_0\"><strong><span style=\"text-decoration: underline\">2025_AM_07<\/span> &#8220;ACUERDO MARCO PARA EL SUMINISTRO DE PIENSOS, LECHOS Y MATERIAL DE BIENESTAR ANIMAL PARA LOS ANIMALES EMPLEADOS EN INVESTIGACI\u00d3N Y DOCENCIA EN LA UNIVERSIDAD MIGUEL HERN\u00c1NDEZ ELCHE&#8221;.<\/strong><\/span><\/p>\n<ul>\n<li style=\"text-align: justify\"><strong><u>2024_AM_04<\/u><\/strong> <strong>\u201cACUERDO MARCO DE SUMINISTRO DE PIENSOS PARA LOS ANIMALES EMPLEADOS EN INVESTIGACI\u00d3N Y DOCENCIA ALOJADOS EN LAS GRANJAS DE LA ESCUELA POLIT\u00c9CNICA SUPERIOR DE ORIHUELA DE LA UNIVERSIDAD MIGUEL HERN\u00c1NDEZ DE ELCHE\u201d<\/strong><\/li>\n<\/ul>\n<p>Desglosado en los siguientes lotes:<\/p>\n<p><strong>Lote 1:<\/strong> Pienso para cabras murciano-granadinas de aptitud l\u00e1ctea.<\/p>\n<p><strong>Lote 2:<\/strong> Pienso para cabritos iniciaci\u00f3n.<\/p>\n<p><strong>Lote 3:<\/strong> Pienso para cabritos\/corderos reposici\u00f3n.<\/p>\n<p><strong>Lote 4:<\/strong> Piensos para conejas madres.<\/p>\n<p><strong>Lote 5:<\/strong> Pienso para conejos de engorde.<\/p>\n<p><strong>Lote 6:<\/strong> Pienso para conejas de reposici\u00f3n.<\/p>\n<p><strong>Lote 7:<\/strong> Pienso lacteado para cabritos pre-inicio.<\/p>\n<p><strong>Lote 8:<\/strong> Pienso para cabras Murciano \u2013 Granadinas de Aptitud L\u00e1ctea en final de gestaci\u00f3n.<\/p>\n<table style=\"height: 113px\" width=\"463\">\n<tbody>\n<tr>\n<td style=\"text-align: center\" width=\"110\">FECHA ENTRADA EN VIGOR<\/td>\n<td style=\"text-align: center\" width=\"107\">PLAZO EJECUCI\u00d3N<\/td>\n<td style=\"text-align: center\" width=\"98\">PLAZO\u00a0 POSIBLE PR\u00d3RROGA<\/td>\n<\/tr>\n<tr>\n<td style=\"text-align: center\">01\/02\/2025<\/td>\n<td style=\"text-align: center\">2 A\u00d1OS<\/td>\n<td style=\"text-align: center\">2 A\u00d1OS<\/td>\n<\/tr>\n<\/tbody>\n<\/table>\n<h3><\/h3>\n<p>&nbsp;<\/p>\n<h3><strong>EMPRESAS HOMOLOGADAS EN DICHOS ACUERDOS MARCO<\/strong><\/h3>\n<p><strong>2021_AM_02<\/strong><\/p>\n<table style=\"height: 130px\" width=\"582\">\n<tbody>\n<tr>\n<td style=\"text-align: center\" width=\"233\"><strong>EMPRESA<\/strong><\/td>\n<td style=\"text-align: center\" width=\"257\"><strong>LOTES<\/strong><\/td>\n<\/tr>\n<tr>\n<td width=\"233\">ENVIGO RMS SPAIN, S.L.<\/td>\n<td style=\"text-align: center\" width=\"257\">1, 2, 3, 4, 5, 7 y 12<\/td>\n<\/tr>\n<tr>\n<td width=\"233\">MAR\u00cdA CARMEN VISO LE\u00d3N<\/td>\n<td style=\"text-align: center\" width=\"257\">9, 10, 11 y 12<\/td>\n<\/tr>\n<tr>\n<td width=\"233\">RETTENMAIER IB\u00c9RICA S.L. Y CIA S.COM<\/td>\n<td style=\"text-align: center\" width=\"257\">6<\/td>\n<\/tr>\n<\/tbody>\n<\/table>\n<p><strong>2024_AM_04<\/strong><\/p>\n<table width=\"470\">\n<tbody>\n<tr>\n<td style=\"text-align: center\" width=\"271\"><strong>EMPRESA<\/strong><\/td>\n<td style=\"text-align: center\" width=\"199\"><strong>LOTES<\/strong><\/td>\n<\/tr>\n<tr>\n<td>NUTRECO ANIMAL NUTRITION IBERIA, S.A.U.,<\/td>\n<td>1, 2, 3, 4, 5, 6 , 7 y 8<\/td>\n<\/tr>\n<\/tbody>\n<\/table>\n<h3><\/h3>\n<h3><strong>ADJUDICACI\u00d3N DE LOS CONTRATOS BASADOS<\/strong><\/h3>\n<p>A efectos de lo dispuesto en el art. 221.4, a) de la LCSP, la contrataci\u00f3n basada en este acuerdo marco <strong>NO <\/strong>requiere licitaci\u00f3n posterior, ya que las condiciones materiales y econ\u00f3micas que lo deben regir han sido concretadas en el procedimiento de selecci\u00f3n previo, por tanto, no ser\u00e1 necesario convocar a las partes a una nueva licitaci\u00f3n, debiendo el peticionario hacer la solicitud del producto que mejor satisfaga sus necesidades t\u00e9cnicas y econ\u00f3micas, a una de las empresas homologadas para el o los productos que conforman el pedido, utilizando para ello el sistema siguiente que quedar\u00e1 descrito en el blog de los servicios de:<\/p>\n<ul>\n<li>Acuerdo Marco<strong> 2021_AM_02<\/strong>, (Servicio de Experimentaci\u00f3n Animal)<\/li>\n<\/ul>\n<p><a href=\"http:\/\/sea.umh.es\/gestion-economica\/catalogo-de-proveedores-autorizados\/\">http:\/\/sea.umh.es\/gestion-economica\/catalogo-de-proveedores-autorizados\/<\/a><\/p>\n<ul>\n<li>Acuerdo Marco <strong>2024_AM_04<\/strong><strong>\u00a0<\/strong>(Departamento de Tecnolog\u00eda Agroalimentaria (DTA))<\/li>\n<\/ul>\n<p><a href=\"http:\/\/dta.umh.es\/\">http:\/\/dta.umh.es\/<\/a><\/p>\n<h3><strong>REALIZACI\u00d3N DE PEDIDOS.<\/strong><\/h3>\n<p><strong>\u00a0<\/strong>Los pedidos se realizar\u00e1n por correo electr\u00f3nico, dejando constancia de la fecha de realizaci\u00f3n, e indicando: identificaci\u00f3n de la unidad solicitante, referencia del pedido, producto solicitado y cantidad del mismo, y finalmente direcci\u00f3n de entrega del producto.<\/p>\n<p>Deber\u00e1 quedar constancia de la realizaci\u00f3n del pedido mediante registro consecutivo de los datos indicados anteriormente, registro que debe estar a disposici\u00f3n del responsable del Acuerdo Marco y a quien \u00e9l designe.<\/p>\n<p>En el pedido se pondr\u00e1 en copia al Servicio de Experimentaci\u00f3n Animal: <a href=\"mailto:animalario@umh.es\">animalario@umh.es<\/a> en el Acuerdo Marco <strong>2021_AM_02<\/strong> y al Departamento de Tecnolog\u00eda Agroalimentaria: <a href=\"mailto:tecnoagr@umh.es\">tecnoagr@umh.es<\/a> en el Acuerdo Marco <strong>2024_AM_04.<\/strong><\/p>\n<p>La selecci\u00f3n se realizar\u00e1 a la oferta m\u00e1s econ\u00f3mica siempre que cumpla las requisitos t\u00e9cnicos. Para ello, de existir m\u00e1s de una oferta para un mismo lote, se a\u00f1adir\u00e1 un campo m\u00e1s al registro anteriormente citado indicando el motivo de la selecci\u00f3n.<\/p>\n<h3><strong>DOCUMENTACI\u00d3N DE INTER\u00c9S<\/strong><\/h3>\n<p>Enlace al cat\u00e1logo de proveedores autorizados.<\/p>\n<ul>\n<li>Acuerdo Marco<strong> 2021_AM_02<\/strong>, (Servicio de Experimentaci\u00f3n Animal)<\/li>\n<\/ul>\n<p><a href=\"http:\/\/sea.umh.es\/gestion-economica\/catalogo-de-proveedores-autorizados\/\">http:\/\/sea.umh.es\/gestion-economica\/catalogo-de-proveedores-autorizados\/<\/a><\/p>\n<ul>\n<li>Acuerdo Marco <strong>2024_AM_04<\/strong><strong>\u00a0<\/strong>(Departamento de Tecnolog\u00eda Agroalimentaria (DTA))<\/li>\n<\/ul>\n<p><a href=\"http:\/\/dta.umh.es\/\">http:\/\/dta.umh.es\/<\/a><\/p>","protected":false},"excerpt":{"rendered":"<p>OBJETO<br \/>\nLa Universidad ha formalizado los contratos de los correspondientes Acuerdos Marco para el suministro de piensos y lechos para los animales destinados a la docencia y la investigaci\u00f3n en la Universidad Miguel Hern\u00e1ndez de Elche, siendo \u00e9stos los siguientes:<\/p>\n<p>2021_AM_02 \u201cACUERDO MARCO PARA EL SUMINISTRO DE PIENSOS Y LECHOS PARA LOS ANIMALES EMPLEADOS EN INVESTIGACION Y [&#8230;]<\/p>\n","protected":false},"author":2477,"featured_media":0,"parent":56,"menu_order":110,"comment_status":"closed","ping_status":"closed","template":"","meta":{"_links_to":"","_links_to_target":""},"_links":{"self":[{"href":"https:\/\/seguimientocontratacion.umh.es\/en\/wp-json\/wp\/v2\/pages\/1309"}],"collection":[{"href":"https:\/\/seguimientocontratacion.umh.es\/en\/wp-json\/wp\/v2\/pages"}],"about":[{"href":"https:\/\/seguimientocontratacion.umh.es\/en\/wp-json\/wp\/v2\/types\/page"}],"author":[{"embeddable":true,"href":"https:\/\/seguimientocontratacion.umh.es\/en\/wp-json\/wp\/v2\/users\/2477"}],"replies":[{"embeddable":true,"href":"https:\/\/seguimientocontratacion.umh.es\/en\/wp-json\/wp\/v2\/comments?post=1309"}],"version-history":[{"count":0,"href":"https:\/\/seguimientocontratacion.umh.es\/en\/wp-json\/wp\/v2\/pages\/1309\/revisions"}],"up":[{"embeddable":true,"href":"https:\/\/seguimientocontratacion.umh.es\/en\/wp-json\/wp\/v2\/pages\/56"}],"wp:attachment":[{"href":"https:\/\/seguimientocontratacion.umh.es\/en\/wp-json\/wp\/v2\/media?parent=1309"}],"curies":[{"name":"wp","href":"https:\/\/api.w.org\/{rel}","templated":true}]}}