{"id":104,"date":"2021-01-15T13:35:40","date_gmt":"2021-01-15T12:35:40","guid":{"rendered":"https:\/\/seguimientocontratacion.umh.es\/?page_id=104"},"modified":"2026-02-12T09:52:29","modified_gmt":"2026-02-12T08:52:29","slug":"papel","status":"publish","type":"page","link":"https:\/\/seguimientocontratacion.umh.es\/en\/acuerdos-marco\/papel\/","title":{"rendered":"Material de oficina"},"content":{"rendered":"<p><\/p>\n<h5><strong>ANTECEDENTES<\/strong><\/h5>\n<p>La Universidad ha tramitado un \u201cAcuerdo Marco para el suministro de papel para la Universidad Miguel Hern\u00e1ndez de Elche y entidades dependientes\u201d (Expediente 2025_AM_03).<\/p>\n<ul>\n<li style=\"list-style-type: none\">\n<ul>\n<li><strong>Fecha inicio<\/strong><u>:<\/u> <strong>1 de julio de 2025<\/strong>.<\/li>\n<li><strong>Duraci\u00f3n<\/strong>: El plazo de vigencia del Acuerdo Marco ser\u00e1 de <strong>UN A\u00d1O<\/strong>, prorrogable por <strong>UN A\u00d1O M\u00c1S<\/strong>, antes de finalizar su vigencia<strong>.<\/strong><\/li>\n<\/ul>\n<\/li>\n<\/ul>\n<h5><strong>\u00bfQU\u00c9 SE PRETENDE CONSEGUIR CON EL PRESENTE ACUERDO MARCO?<\/strong><\/h5>\n<ul>\n<li>Racionalizar y unificar las compras que realice la Universidad Miguel Hern\u00e1ndez de Elche, en aras a la reducci\u00f3n de costes y la mejora de la eficacia, de la transparencia y de la eficiencia en la prestaci\u00f3n.<\/li>\n<\/ul>\n<ul>\n<li>Las condiciones en las que se ejecutar\u00e1 este Acuerdo Marco, vienen reguladas en el Pliego de Prescripciones T\u00e9cnicas (<a href=\"https:\/\/contrataciondelestado.es\/FileSystem\/servlet\/GetDocumentByIdServlet?DocumentIdParam=YcYSy7sI6rpheWtMDA1rcePoQsArl0LUjI%2BJYf70oNpvjmmnI8u801atPoN7rOC4PZmiSS2noQPi\/QsHwL0SYei%2BPsLvvYYlJlRgd1CALYZ45ClyWkoJ44mKM70IFcOu&amp;cifrado=QUC1GjXXSiLkydRHJBmbpw%3D%3D\">PPT<\/a>) y Pliego de Cl\u00e1usulas Administrativas Particulares (<a href=\"https:\/\/contrataciondelestado.es\/FileSystem\/servlet\/GetDocumentByIdServlet?DocumentIdParam=afmUsXeUhzosT0Le4Gojs8qOW%2BkgDLVKlI4CRYWf9G5Ly9%2B2bXxyRbPFawTHlgDRRid06S4RouUM7CKGCQ76%2BR2WyC7VwT6J7Y4ijq\/C6MzfdyQgZAdTm3EfcUAC7CJ6&amp;cifrado=QUC1GjXXSiLkydRHJBmbpw%3D%3D\">PCAP<\/a>).<\/li>\n<\/ul>\n<h5><strong>EL OBJETO DEL ACUERDO SER\u00c1:<\/strong><\/h5>\n<p>El suministro del papel para copias e impresi\u00f3n para las diferentes unidades de gasto de la Universidad Miguel Hern\u00e1ndez de Elche y sus entes dependientes, en cualquiera de sus campus: Altea, Elche, Orihuela (sede Desamparados y Salesas) y Sant Joan d\u2019Alacant.<\/p>\n<h5><strong>EMPRESA ADJUDICATARIA:<\/strong><\/h5>\n<p>SUMINISTROS DE PAPELER\u00cdA E INFORM\u00c1TICA ALICANTE S.L.<\/p>\n<h5><strong>ADQUISICI\u00d3N PRODUCTOS HOMOLOGADOS:<\/strong><\/h5>\n<p><strong><img src=\"https:\/\/seguimientocontratacion.umh.es\/files\/2025\/07\/productos-homologados.png\" \/><\/strong><\/p>\n<p>Los anteriores art\u00edculos conformar\u00e1n los productos que son homologados y los mismos se adquirir\u00e1n a trav\u00e9s de la <a href=\"https:\/\/universite.umh.es\/pedidos\/catalogo\">aplicaci\u00f3n de gesti\u00f3n de pedidos<\/a> del Acceso Identificado. El proceso para realizar los pedidos se encuentra en la Presentaci\u00f3n del presente Acuerdo Marco.<\/p>\n<h5><strong>ADQUISICI\u00d3N PRODUCTOS NO HOMOLOGADOS:<\/strong><\/h5>\n<p><strong><u>Cuando excepcionalmente<\/u><\/strong> sea necesario adquirir un tipo papel no incluido en listado de productos homologados, el usuario se pondr\u00e1 en contacto con el Servicio de Planificaci\u00f3n y Racionalizaci\u00f3n de la Contrataci\u00f3n para consultar el cat\u00e1logo general de la empresa homologada y adquirir el producto con <strong><u>el 20% de descuento<\/u><\/strong>.<\/p>\n<h5><strong>ADQUISICI\u00d3N DE PAPEL PARA IMPRESORAS DE GESTI\u00d3N CENTRALIZADA:<\/strong><\/h5>\n<p>Las instrucciones constan en el siguiente enlace:<\/p>\n<p><a href=\"https:\/\/seguimientocontratacion.umh.es\/recursos\/papel\/\">PAPEL IMPRESI\u00d3N CENTRALIZADA<\/a><\/p>\n<h5><strong>FACTURACI\u00d3N:<\/strong><\/h5>\n<p><strong>Todas las facturas<\/strong> ir\u00e1n identificadas con la denominaci\u00f3n del expediente <strong>2025_AM_03 <\/strong>\u201c<strong>ACUERDO MARCO PARA EL SUMINISTRO DE PAPEL PARA LA UNIVERSIDAD MIGUEL HERN\u00c1NDEZ DE ELCHE Y ENTIDADES DEPENDIENTES\u201d y Agrupaci\u00f3n de Gasto 2025_AM_03 <\/strong>de manera que se pueda reconocer claramente que el material descrito en la misma corresponde a este Acuerdo Marco, e incorporar el n\u00famero de pedido y otras referencias que puedan servir para identificar a la unidad solicitante.<\/p>\n<p>Los pedidos se realizar\u00e1n a trav\u00e9s de la <a href=\"https:\/\/universite.umh.es\/pedidos\/catalogo\">aplicaci\u00f3n de gesti\u00f3n de pedidos<\/a>, con cargo a sus respectivos cr\u00e9ditos presupuestarios del papel no destinado a las <strong>&#8220;Impresi\u00f3n de Gesti\u00f3n Centralizada&#8221;.<\/strong><\/p>\n<h5><strong>INFORMACI\u00d3N DE INTER\u00c9S:<\/strong><\/h5>\n<ul>\n<li style=\"list-style-type: none\">\n<ul>\n<li style=\"list-style-type: none\">\n<ul>\n<li><a href=\"https:\/\/contrataciondelestado.es\/FileSystem\/servlet\/GetDocumentByIdServlet?DocumentIdParam=afmUsXeUhzosT0Le4Gojs8qOW%2BkgDLVKlI4CRYWf9G5Ly9%2B2bXxyRbPFawTHlgDRRid06S4RouUM7CKGCQ76%2BR2WyC7VwT6J7Y4ijq\/C6MzfdyQgZAdTm3EfcUAC7CJ6&amp;cifrado=QUC1GjXXSiLkydRHJBmbpw%3D%3D\">Pliego de Cl\u00e1usulas Administrativas particulares<\/a><\/li>\n<li><a href=\"https:\/\/contrataciondelestado.es\/FileSystem\/servlet\/GetDocumentByIdServlet?DocumentIdParam=YcYSy7sI6rpheWtMDA1rcePoQsArl0LUjI%2BJYf70oNpvjmmnI8u801atPoN7rOC4PZmiSS2noQPi\/QsHwL0SYei%2BPsLvvYYlJlRgd1CALYZ45ClyWkoJ44mKM70IFcOu&amp;cifrado=QUC1GjXXSiLkydRHJBmbpw%3D%3D\">Pliego de Prescripciones T\u00e9cnicas<\/a><\/li>\n<li><a href=\"https:\/\/seguimientocontratacion.umh.es\/files\/2025\/07\/PRESENTACION-AM-PAPEL.pdf\">Presentaci\u00f3n Acuerdo Marco 2025_AM_03<\/a><\/li>\n<li>Agrupaci\u00f3n de Gasto Acuerdo Marco Papel: 2025_AM_03<\/li>\n<\/ul>\n<\/li>\n<\/ul>\n<\/li>\n<\/ul>\n<p style=\"text-align: justify\">\u00a0 \u00a0 \u00a0 \u00a0 \u00a0 \u00a0 \u00a0 \u00a0 \u00a0 \u00a0 \u00a0 \u00a0 \u00a0 \u00a0 \u00a0 \u00a0 \u00a0 \u00a0 \u00a0 \u00a0 \u00a0 \u00a0 \u00a0 \u00a0 \u00a0 \u00a0 <strong><span style=\"color: #ff0000\">\u00a0<\/span><\/strong><\/p>\n<p><\/p>","protected":false},"excerpt":{"rendered":"<p>ANTECEDENTES<br \/>\nLa Universidad ha tramitado un \u201cAcuerdo Marco para el suministro de papel para la Universidad Miguel Hern\u00e1ndez de Elche y entidades dependientes\u201d (Expediente 2025_AM_03).<\/p>\n<p>Fecha inicio: 1 de julio de 2025.<br \/>\nDuraci\u00f3n: El plazo de vigencia del Acuerdo Marco ser\u00e1 de UN A\u00d1O, prorrogable por UN A\u00d1O M\u00c1S, antes de finalizar su vigencia.<\/p>\n<p>\u00bfQU\u00c9 SE PRETENDE CONSEGUIR CON [&#8230;]<\/p>\n","protected":false},"author":3457,"featured_media":0,"parent":56,"menu_order":20,"comment_status":"closed","ping_status":"closed","template":"","meta":{"_links_to":"","_links_to_target":""},"_links":{"self":[{"href":"https:\/\/seguimientocontratacion.umh.es\/en\/wp-json\/wp\/v2\/pages\/104"}],"collection":[{"href":"https:\/\/seguimientocontratacion.umh.es\/en\/wp-json\/wp\/v2\/pages"}],"about":[{"href":"https:\/\/seguimientocontratacion.umh.es\/en\/wp-json\/wp\/v2\/types\/page"}],"author":[{"embeddable":true,"href":"https:\/\/seguimientocontratacion.umh.es\/en\/wp-json\/wp\/v2\/users\/3457"}],"replies":[{"embeddable":true,"href":"https:\/\/seguimientocontratacion.umh.es\/en\/wp-json\/wp\/v2\/comments?post=104"}],"version-history":[{"count":0,"href":"https:\/\/seguimientocontratacion.umh.es\/en\/wp-json\/wp\/v2\/pages\/104\/revisions"}],"up":[{"embeddable":true,"href":"https:\/\/seguimientocontratacion.umh.es\/en\/wp-json\/wp\/v2\/pages\/56"}],"wp:attachment":[{"href":"https:\/\/seguimientocontratacion.umh.es\/en\/wp-json\/wp\/v2\/media?parent=104"}],"curies":[{"name":"wp","href":"https:\/\/api.w.org\/{rel}","templated":true}]}}