{"id":1012,"date":"2022-01-20T10:21:17","date_gmt":"2022-01-20T09:21:17","guid":{"rendered":"https:\/\/seguimientocontratacion.umh.es\/?page_id=1012"},"modified":"2024-12-13T13:56:18","modified_gmt":"2024-12-13T12:56:18","slug":"mobiliario-de-despacho-y-complementario-de-archivo-de-bibliotecas-mamparas-clinico-y-geriatrico-y-de-laboratorio","status":"publish","type":"page","link":"https:\/\/seguimientocontratacion.umh.es\/en\/acuerdos-marco\/mobiliario-de-despacho-y-complementario-de-archivo-de-bibliotecas-mamparas-clinico-y-geriatrico-y-de-laboratorio\/","title":{"rendered":"Mobiliario de despacho y complementario, de archivo, de bibliotecas, mamparas, cl\u00ednico y geri\u00e1trico y de laboratorio"},"content":{"rendered":"<p style=\"text-align: justify\">La Universidad Miguel Hern\u00e1ndez de Elche se ha adherido al <strong><a href=\"https:\/\/contratacioncentralizada.gob.es\/ficha-am\/-\/journal_content\/XXA1X8YVROqE?_56_INSTANCE_XXA1X8YVROqE_articleId=14529&amp;_56_INSTANCE_XXA1X8YVROqE_groupId=11614\">Acuerdo Marco (AM) 01-2019 Suministro de mobiliario de despacho y complementario, de archivo, de bibliotecas, mamparas, cl\u00ednico y geri\u00e1trico y de laboratorio de Contrataci\u00f3n Centralizada del Estado<\/a><\/strong>. Esta adhesi\u00f3n conlleva que la Universidad deber\u00e1 realizar la contrataci\u00f3n de la totalidad de los suministros de bienes incluidos en dicho Acuerdo Marco, a trav\u00e9s del Sistema Estatal de Contrataci\u00f3n Centralizada, en los t\u00e9rminos establecidos en el respectivo acuerdo marco y que a continuaci\u00f3n comentaremos.<\/p>\n<p style=\"text-align: justify\">Excepcionalmente, la contrataci\u00f3n de estos suministros al margen del sistema estatal de contrataci\u00f3n centralizada podr\u00e1 ser realizada cuando los bienes adjudicados no re\u00fanan las caracter\u00edsticas indispensables para satisfacer las concretas necesidades de la Universidad. De estas circunstancias, la Universidad deber\u00e1 informar a la Direcci\u00f3n General de Racionalizaci\u00f3n y Centralizaci\u00f3n de la Contrataci\u00f3n (DGRCC) con periodicidad trimestral.<\/p>\n<p style=\"text-align: justify\"><strong>Quedan fuera del \u00e1mbito de este AM los contratos para el suministro de los bienes indicados en cada uno de los lotes cuyo presupuesto de licitaci\u00f3n sea inferior a 5.000 euros (impuestos excluidos)<\/strong><\/p>\n<h3><strong>\u00bfQu\u00e9 incluye este acuerdo?<\/strong><\/h3>\n<p>Este acuerdo marco se estructura en ocho lotes:<\/p>\n<ul>\n<li><strong>LOTE 1: DESPACHOS DE DIRECCI\u00d3N Y MESAS DE ESTRADO<\/strong>. Incluye los programas de despachos de direcci\u00f3n con muebles de alta calidad (incluyendo la siller\u00eda necesaria), por ejercerse en estos espacios de trabajo funciones de representaci\u00f3n.<\/li>\n<li><strong>LOTE 2: MUEBLE DE OFICINA GENERAL<\/strong>. Engloba los principales elementos que configuran los puestos y \u00e1reas de trabajo (incluyendo la siller\u00eda necesaria), las zonas de reuniones y de archivo y los espacios de uso com\u00fan.<\/li>\n<li><strong>LOTE 3: SILLER\u00cdA<\/strong>. Corresponde a la siller\u00eda y a sus elementos complementarios.<\/li>\n<li><strong>LOTE 4: BUTACAS PARA SALONES DE ACTOS<\/strong>. Se refiere a las butacas ancladas al suelo que ocupan lugares de uso p\u00fablico.<\/li>\n<li><strong>LOTE 5: ESTANTER\u00cdAS<\/strong>. Agrupa diversas estructuras de almacenamiento.<\/li>\n<li><strong>LOTE 6: BIOMBOS, TABIQUES Y MAMPARAS<\/strong>. Corresponde a elementos que facilitan la compartimentaci\u00f3n de espacios para facilitar su organizaci\u00f3n y aprovechamiento<\/li>\n<li><strong>LOTE 7: MOBILIARIO T\u00c9CNICO DE LABORATORIO. <\/strong>Engloba diversos muebles cuya caracter\u00edstica com\u00fan es que van a utilizarse en el espacio singular de un laboratorio.<\/li>\n<li><strong>LOTE 8: MOBILIARIO CL\u00cdNICO Y GERI\u00c1TRICO. <\/strong>Comprende productos incluidos en programas de mobiliario cl\u00ednico y geri\u00e1trico, y sus elementos complementarios<\/li>\n<\/ul>\n<p style=\"text-align: justify\"><strong>No est\u00e1n incluidos<\/strong> en el \u00e1mbito objetivo del AM y, por tanto, no pueden adquirirse en ejecuci\u00f3n del mismo los siguientes bienes: papeleras, parag\u00fceros, percheros, jardineras, cortinas, estores, persianas, l\u00e1mparas y similares, banderas y m\u00e1stiles, reposapi\u00e9s, as\u00ed como cualquier otro producto de naturaleza y finalidad distinta a los establecidos en los lotes del AM como objeto del mismo.<\/p>\n<h3 style=\"text-align: justify\"><strong>\u00bfC\u00f3mo solicito la compra?<\/strong><\/h3>\n<p style=\"text-align: justify\">La adquisici\u00f3n de mobiliario, con independencia de su importe y financiaci\u00f3n, requerir\u00e1 la previa autorizaci\u00f3n del Vicerrectorado de Infraestructuras, tramit\u00e1ndose la misma seg\u00fan el procedimiento establecido al efecto.\u00a0 Para ello se deber\u00e1 remitir un correo electr\u00f3nico a la siguiente direcci\u00f3n: <a href=\"mailto:vdo.infra@umh.es\">vdo.infra@umh.es<\/a><\/p>\n<p style=\"text-align: justify\">Para consultas t\u00e9cnicas sobre el material a adquirir, puede ponerse en contacto con el <a href=\"https:\/\/infraestructuras.umh.es\/presentacion\/\"><strong>Servicio de Infraestructuras<\/strong>.<\/a><\/p>\n","protected":false},"excerpt":{"rendered":"<p>La Universidad Miguel Hern\u00e1ndez de Elche se ha adherido al Acuerdo Marco (AM) 01-2019 Suministro de mobiliario de despacho y complementario, de archivo, de bibliotecas, mamparas, cl\u00ednico y geri\u00e1trico y de laboratorio de Contrataci\u00f3n Centralizada del Estado. Esta adhesi\u00f3n conlleva que la Universidad deber\u00e1 realizar la contrataci\u00f3n de la totalidad de los suministros de bienes [&#8230;]<\/p>\n","protected":false},"author":6275,"featured_media":0,"parent":56,"menu_order":120,"comment_status":"closed","ping_status":"closed","template":"","meta":{"_links_to":"","_links_to_target":""},"_links":{"self":[{"href":"https:\/\/seguimientocontratacion.umh.es\/en\/wp-json\/wp\/v2\/pages\/1012"}],"collection":[{"href":"https:\/\/seguimientocontratacion.umh.es\/en\/wp-json\/wp\/v2\/pages"}],"about":[{"href":"https:\/\/seguimientocontratacion.umh.es\/en\/wp-json\/wp\/v2\/types\/page"}],"author":[{"embeddable":true,"href":"https:\/\/seguimientocontratacion.umh.es\/en\/wp-json\/wp\/v2\/users\/6275"}],"replies":[{"embeddable":true,"href":"https:\/\/seguimientocontratacion.umh.es\/en\/wp-json\/wp\/v2\/comments?post=1012"}],"version-history":[{"count":0,"href":"https:\/\/seguimientocontratacion.umh.es\/en\/wp-json\/wp\/v2\/pages\/1012\/revisions"}],"up":[{"embeddable":true,"href":"https:\/\/seguimientocontratacion.umh.es\/en\/wp-json\/wp\/v2\/pages\/56"}],"wp:attachment":[{"href":"https:\/\/seguimientocontratacion.umh.es\/en\/wp-json\/wp\/v2\/media?parent=1012"}],"curies":[{"name":"wp","href":"https:\/\/api.w.org\/{rel}","templated":true}]}}