{"id":96,"date":"2021-01-14T13:58:53","date_gmt":"2021-01-14T12:58:53","guid":{"rendered":"https:\/\/seguimientocontratacion.umh.es\/?page_id=96"},"modified":"2025-07-01T13:12:44","modified_gmt":"2025-07-01T11:12:44","slug":"papel","status":"publish","type":"page","link":"https:\/\/seguimientocontratacion.umh.es\/ca\/recursos\/papel\/","title":{"rendered":"Papel Impresi\u00f3n Centralizada"},"content":{"rendered":"<p>Como consecuencia de la puesta en marcha del Servicio de Impresi\u00f3n Centralizada en la Universidad, se ha asumido la tramitaci\u00f3n de las compras del papel\u00a0<strong>para las impresoras de gesti\u00f3n centralizada<\/strong>\u00a0por este Servicio.<\/p>\n<p><strong>SOLICITUDES<\/strong><\/p>\n<p><strong>Las peticiones de las distintas unidades, servicios, etc, <\/strong>de papel de impresi\u00f3n para la <strong>\u201cfotocopiadoras de gesti\u00f3n centralizada<\/strong>\u201d, se efectuar\u00e1n por:<\/p>\n<p><strong>Correo electr\u00f3nico, <\/strong>dirigido al Servicio de Planificaci\u00f3n y Racionalizaci\u00f3n de la Contrataci\u00f3n (<a href=\"mailto:spscontratacion@umh.es\">spscontratacion@umh.es<\/a>) indicando:<\/p>\n<ol>\n<li>N\u00ba <strong>UP<\/strong> de la fotocopiadora<\/li>\n<li>N\u00ba de cajas de papel de impresi\u00f3n y tama\u00f1o (A4 o A3)<\/li>\n<li>Localizaci\u00f3n del lugar de entrega (campus, edificio, planta y estancia)<\/li>\n<\/ol>\n<p><img loading=\"lazy\" class=\"alignnone size-medium wp-image-1889\" src=\"https:\/\/seguimientocontratacion.umh.es\/files\/2023\/05\/Imagen4-157x300.png\" alt=\"\" width=\"157\" height=\"300\" srcset=\"https:\/\/seguimientocontratacion.umh.es\/files\/2023\/05\/Imagen4-157x300.png 157w, https:\/\/seguimientocontratacion.umh.es\/files\/2023\/05\/Imagen4.png 385w\" sizes=\"(max-width: 157px) 100vw, 157px\" \/><\/p>\n<p><strong>En el edificio Rectorado y Consejo Social:\u00a0<\/strong>Las cajas de folios solicitadas se recoger\u00e1n en el\u00a0 Servicio de Planificaci\u00f3n y Racionalizaci\u00f3n de la Contrataci\u00f3n tras recibir el correo electr\u00f3nico de confirmaci\u00f3n de su preparaci\u00f3n.<\/p>\n<p><strong>En el resto de edificios del campus de Elche y\u00a0en el resto de Campus:<\/strong>\u00a0 Las cajas de folios se enviar\u00e1n a trav\u00e9s del servicio de mudanzas.<\/p>\n","protected":false},"excerpt":{"rendered":"<p>Como consecuencia de la puesta en marcha del Servicio de Impresi\u00f3n Centralizada en la Universidad, se ha asumido la tramitaci\u00f3n de las compras del papel\u00a0para las impresoras de gesti\u00f3n centralizada\u00a0por este Servicio.<br \/>\nSOLICITUDES<br \/>\nLas peticiones de las distintas unidades, servicios, etc, de papel de impresi\u00f3n para la \u201cfotocopiadoras de gesti\u00f3n centralizada\u201d, se efectuar\u00e1n por:<br \/>\nCorreo electr\u00f3nico, dirigido al [&#8230;]<\/p>\n","protected":false},"author":3457,"featured_media":0,"parent":86,"menu_order":1,"comment_status":"closed","ping_status":"closed","template":"","meta":{"_links_to":"","_links_to_target":""},"_links":{"self":[{"href":"https:\/\/seguimientocontratacion.umh.es\/ca\/wp-json\/wp\/v2\/pages\/96"}],"collection":[{"href":"https:\/\/seguimientocontratacion.umh.es\/ca\/wp-json\/wp\/v2\/pages"}],"about":[{"href":"https:\/\/seguimientocontratacion.umh.es\/ca\/wp-json\/wp\/v2\/types\/page"}],"author":[{"embeddable":true,"href":"https:\/\/seguimientocontratacion.umh.es\/ca\/wp-json\/wp\/v2\/users\/3457"}],"replies":[{"embeddable":true,"href":"https:\/\/seguimientocontratacion.umh.es\/ca\/wp-json\/wp\/v2\/comments?post=96"}],"version-history":[{"count":0,"href":"https:\/\/seguimientocontratacion.umh.es\/ca\/wp-json\/wp\/v2\/pages\/96\/revisions"}],"up":[{"embeddable":true,"href":"https:\/\/seguimientocontratacion.umh.es\/ca\/wp-json\/wp\/v2\/pages\/86"}],"wp:attachment":[{"href":"https:\/\/seguimientocontratacion.umh.es\/ca\/wp-json\/wp\/v2\/media?parent=96"}],"curies":[{"name":"wp","href":"https:\/\/api.w.org\/{rel}","templated":true}]}}