{"id":69,"date":"2021-01-12T12:25:10","date_gmt":"2021-01-12T11:25:10","guid":{"rendered":"https:\/\/seguimientocontratacion.umh.es\/?page_id=69"},"modified":"2026-03-26T14:46:01","modified_gmt":"2026-03-26T13:46:01","slug":"transparencia","status":"publish","type":"page","link":"https:\/\/seguimientocontratacion.umh.es\/ca\/transparencia\/","title":{"rendered":"Transparencia"},"content":{"rendered":"<p><\/p>\n<h3><strong>Plan Anual de Contrataci\u00f3n<\/strong><\/h3>\n<ul>\n<li><a href=\"https:\/\/seguimientocontratacion.umh.es\/files\/2021\/02\/RR_00247_2021-APROBACION-PLAN-ANUAL-CONTRATACION.pdf\">Planificaci\u00f3n Anual de Contrataci\u00f3n 2021<\/a><\/li>\n<li><a href=\"https:\/\/seguimientocontratacion.umh.es\/files\/2021\/10\/Resolucion-Rectoral-04355_2021-modificacion.pdf\">1\u00aa Modificaci\u00f3n Planificaci\u00f3n Anual de Contrataci\u00f3n 2021<\/a><\/li>\n<li><a href=\"https:\/\/seguimientocontratacion.umh.es\/files\/2021\/11\/Resolucion-Rectoral-04718_2021.pdf\">2\u00aa Modificaci\u00f3n Planificaci\u00f3n Anual de Contrataci\u00f3n 2021<\/a><\/li>\n<li><a href=\"https:\/\/seguimientocontratacion.umh.es\/files\/2022\/02\/RR_00465_2022.pdf\">Planificaci\u00f3n Anual de Contrataci\u00f3n 2022<\/a><\/li>\n<li><a href=\"https:\/\/seguimientocontratacion.umh.es\/files\/2022\/06\/Resolucion-Rectoral-01636_2022.pdf\">1\u00aa Modificaci\u00f3n Planificaci\u00f3n Anual de Contrataci\u00f3n 2022<\/a><\/li>\n<li><a href=\"https:\/\/seguimientocontratacion.umh.es\/files\/2022\/09\/Resolucion-Rectoral-02460_2022.pdf\">2\u00aa Modificaci\u00f3n Planificaci\u00f3n Anual de Contrataci\u00f3n 2022<\/a><\/li>\n<li><a href=\"https:\/\/seguimientocontratacion.umh.es\/files\/2022\/11\/Resolucion-Rectoral-03168_2022.pdf\" target=\"_blank\" rel=\"noopener\">3\u00aa Modificaci\u00f3n Planificaci\u00f3n Anual de Contrataci\u00f3n 2022<\/a><\/li>\n<li><a href=\"https:\/\/seguimientocontratacion.umh.es\/files\/2023\/02\/Resolucion-Rectoral-00395_2023.pdf\" target=\"_blank\" rel=\"noopener\">Planificaci\u00f3n Anual de Contrataci\u00f3n 2023<\/a><\/li>\n<li><a href=\"https:\/\/seguimientocontratacion.umh.es\/files\/2023\/05\/RR_01082_2023.pdf\" target=\"_blank\" rel=\"noopener\">1\u00aa Modificaci\u00f3n Planificaci\u00f3n Anual de Contrataci\u00f3n 2023<\/a><\/li>\n<li><a href=\"https:\/\/seguimientocontratacion.umh.es\/files\/2023\/07\/02-2a-MOD-RR-02046_2023.pdf\" target=\"_blank\" rel=\"noopener\">2\u00aa Modificaci\u00f3n Planificaci\u00f3n Anual de Contrataci\u00f3n 2023<\/a><\/li>\n<li><a href=\"https:\/\/boumh.umh.es\/files\/2023\/10\/ES_U05500001_2023_DOCH-0000000000000000000359737.pdf\" target=\"_blank\" rel=\"noopener\">3\u00aa Modificaci\u00f3n Planificaci\u00f3n Anual de Contrataci\u00f3n 2023<\/a><\/li>\n<li><a href=\"https:\/\/boumh.umh.es\/files\/2024\/02\/RR_00410_2024.pdf\" target=\"_blank\" rel=\"noopener\">Planificaci\u00f3n Anual de Contrataci\u00f3n 2024<\/a><\/li>\n<li><a href=\"https:\/\/seguimientocontratacion.umh.es\/files\/2024\/09\/02-1a-Modificacion-Resolucion-BOUMH-01580_2024.pdf\" target=\"_blank\" rel=\"noopener\">1\u00aa Modificaci\u00f3n Planificaci\u00f3n Anual de Contrataci\u00f3n 2024<\/a><\/li>\n<li><a href=\"https:\/\/seguimientocontratacion.umh.es\/files\/2024\/10\/05-2a-Modificacion-Resolucion-BOUMH-02617_2024-1.pdf\" target=\"_blank\" rel=\"noopener\">2\u00aa Modificaci\u00f3n Planificaci\u00f3n Anual de Contrataci\u00f3n 2024<\/a><\/li>\n<li><a href=\"https:\/\/seguimientocontratacion.umh.es\/files\/2025\/02\/RR_00414_2025.pdf\">Planificaci\u00f3n Anual de Contrataci\u00f3n 2025<\/a><\/li>\n<li><a href=\"https:\/\/seguimientocontratacion.umh.es\/files\/2025\/04\/RR_00956_2025.pdf\">1\u00aa Modificaci\u00f3n Planificaci\u00f3n Anual de Contrataci\u00f3n 2025<\/a><\/li>\n<li><a href=\"https:\/\/seguimientocontratacion.umh.es\/files\/2025\/07\/RR_01763_2025.pdf\">2\u00aa Modificaci\u00f3n Planificaci\u00f3n Anual de Contrataci\u00f3n 2025<\/a><\/li>\n<li><a href=\"https:\/\/seguimientocontratacion.umh.es\/files\/2025\/07\/RR_01763_2025.pdf\">2\u00aa Modificaci\u00f3n Planificaci\u00f3n Anual de Contrataci\u00f3n 2025<\/a><\/li>\n<li><a href=\"https:\/\/seguimientocontratacion.umh.es\/files\/2025\/10\/RR_02915_2025.pdf\">3\u00aa Modificaci\u00f3n Planificaci\u00f3n Anual de Contrataci\u00f3n 2025<\/a><\/li>\n<li><a href=\"https:\/\/seguimientocontratacion.umh.es\/files\/2025\/12\/RR_03593_2025.pdf\">Planificaci\u00f3n Anual de Contrataci\u00f3n 2026<\/a><\/li>\n<\/ul>\n<h3><strong>Contratos Menores<\/strong><\/h3>\n<ul>\n<li><a href=\"https:\/\/sicgef.umh.es\/contratos-menores-transparencia-sicgef\/\">Contratos menores previos a la entrada en vigor de la Ley de Contratos del Sector P\u00fablico 2014-18<\/a><\/li>\n<li>Contratos menores 2018\n<ul>\n<li><a href=\"https:\/\/contrataciondelestado.es\/wps\/wcm\/connect\/PLACE_es\/Site\/area\/docAccCmpnt?srv=cmpnt&amp;cmpntname=GetDocumentsById&amp;source=library&amp;DocumentIdParam=b6e7f601-c38e-4677-8492-07ee4eb1c2e6\">Contratos menores 2018<\/a><\/li>\n<li><a href=\"https:\/\/seguimientocontratacion.umh.es\/files\/2021\/03\/contratos-menores-2018.xlsx\">Resumen anual 2018<\/a><\/li>\n<\/ul>\n<\/li>\n<li>Contratos menores 2019\n<ul>\n<li><a href=\"https:\/\/contrataciondelestado.es\/wps\/wcm\/connect\/PLACE_es\/Site\/area\/docAccCmpnt?srv=cmpnt&amp;cmpntname=GetDocumentsById&amp;source=library&amp;DocumentIdParam=77f3c628-ec33-4ed4-b92e-d5413af7eef6\">Primer trimestre 2019<\/a><\/li>\n<li><a href=\"https:\/\/contrataciondelestado.es\/wps\/wcm\/connect\/PLACE_es\/Site\/area\/docAccCmpnt?srv=cmpnt&amp;cmpntname=GetDocumentsById&amp;source=library&amp;DocumentIdParam=12f7b6e5-3782-4acb-8273-fd0ac477876b\">Abril-mayo 2019<\/a><\/li>\n<li><a href=\"https:\/\/contrataciondelestado.es\/wps\/wcm\/connect\/PLACE_es\/Site\/area\/docAccCmpnt?srv=cmpnt&amp;cmpntname=GetDocumentsById&amp;source=library&amp;DocumentIdParam=6c538701-c35b-45f3-bbed-55d4eaedc621\">Junio-noviembre 2019<\/a><\/li>\n<li><a href=\"https:\/\/contrataciondelestado.es\/wps\/wcm\/connect\/PLACE_es\/Site\/area\/docAccCmpnt?srv=cmpnt&amp;cmpntname=GetDocumentsById&amp;source=library&amp;DocumentIdParam=4d8fb2c9-08d5-4657-b589-aeeed4c9e4da\">Hasta diciembre 2019<\/a><\/li>\n<li><a href=\"https:\/\/seguimientocontratacion.umh.es\/files\/2021\/03\/contratos-menores-2019.xlsx\">Resumen anual 2019<\/a><\/li>\n<\/ul>\n<\/li>\n<li>Contratos menores 2020\n<ul>\n<li><a href=\"https:\/\/contrataciondelestado.es\/wps\/wcm\/connect\/PLACE_es\/Site\/area\/docAccCmpnt?srv=cmpnt&amp;cmpntname=GetDocumentsById&amp;source=library&amp;DocumentIdParam=1a7ba188-03ff-4056-b584-2d0cbdbfcb16\">Primer trimestre 2020<\/a><\/li>\n<li><a href=\"https:\/\/contrataciondelestado.es\/wps\/wcm\/connect\/PLACE_es\/Site\/area\/docAccCmpnt?srv=cmpnt&amp;cmpntname=GetDocumentsById&amp;source=library&amp;DocumentIdParam=5c2c74d9-d2fc-42b9-8e10-3b5698457509\">Segundo trimestre 2020<\/a><\/li>\n<li><a href=\"https:\/\/contrataciondelestado.es\/wps\/wcm\/connect\/PLACE_es\/Site\/area\/docAccCmpnt?srv=cmpnt&amp;cmpntname=GetDocumentsById&amp;source=library&amp;DocumentIdParam=307eb15b-68f2-474d-8c87-8fb9ede410db\">Tercer y cuarto trimestre 2020<\/a><\/li>\n<li><a href=\"https:\/\/contrataciondelestado.es\/wps\/wcm\/connect\/PLACE_es\/Site\/area\/docAccCmpnt?srv=cmpnt&amp;cmpntname=GetDocumentsById&amp;source=library&amp;DocumentIdParam=7928b415-0b2e-4bfa-86a2-4d3112b34ec4\">Publicaci\u00f3n complementaria 2020<\/a><\/li>\n<li><a href=\"https:\/\/seguimientocontratacion.umh.es\/files\/2021\/03\/contratos-menores-2020.xlsx\">Resumen anual 2020<\/a><\/li>\n<\/ul>\n<\/li>\n<li>Contratos menores 2021\n<ul>\n<li><a href=\"https:\/\/contrataciondelestado.es\/wps\/wcm\/connect\/PLACE_es\/Site\/area\/docAccCmpnt?srv=cmpnt&amp;cmpntname=GetDocumentsById&amp;source=library&amp;DocumentIdParam=86f4988a-2099-4ef6-843f-5d8302081d01\">Primer trimestre 2021<\/a><\/li>\n<li><a href=\"https:\/\/contrataciondelestado.es\/wps\/wcm\/connect\/PLACE_es\/Site\/area\/docAccCmpnt?srv=cmpnt&amp;cmpntname=GetDocumentsById&amp;source=library&amp;DocumentIdParam=64c76a21-43be-4d07-8dc7-5a3632bbb638\">Segundo trimestre 2021<\/a><\/li>\n<li><a href=\"https:\/\/contrataciondelestado.es\/wps\/wcm\/connect\/05f47495-032e-448e-81d1-b834598f43ac\/DOC20210930144837CORRECCION+CONTRATOS+MENORES+2+TRIMESTRE.pdf?MOD=AJPERES\">Correcci\u00f3n errores segundo trimestre 2021<\/a><\/li>\n<li><a href=\"https:\/\/seguimientocontratacion.umh.es\/files\/2021\/10\/Listado-contratos-menores-T3_21.xlsx\">Tercer trimestre 2021<\/a><\/li>\n<li><a href=\"https:\/\/seguimientocontratacion.umh.es\/files\/2022\/02\/Listado-contratos-menores-T4_21.xlsx\">Cuarto trimestre 2021<\/a><\/li>\n<\/ul>\n<\/li>\n<li>Contratos menores 2022\n<ul>\n<li><a href=\"https:\/\/seguimientocontratacion.umh.es\/files\/2022\/04\/Listado-contratos-menores-T1_2022.xlsx\">Primer trimestre 2022<\/a><\/li>\n<li><a href=\"https:\/\/seguimientocontratacion.umh.es\/files\/2022\/10\/Listado-contratos-menores-T2_2022.xlsx\">Segundo trimestre 2022<\/a><\/li>\n<li><a href=\"https:\/\/seguimientocontratacion.umh.es\/files\/2022\/10\/CONTRATOS-MENORES-3T-2022-.xlsx\" target=\"_blank\" rel=\"noopener\">Tercer trimestre 2022<\/a><\/li>\n<li><a href=\"https:\/\/seguimientocontratacion.umh.es\/files\/2023\/01\/Listado-contratos-menores-T4_2022_completa-DEFINI.xlsx\" target=\"_blank\" rel=\"noopener\">Cuarto trimestre 2022<\/a><\/li>\n<\/ul>\n<\/li>\n<li>Contratos menores 2023\n<ul>\n<li><a href=\"https:\/\/seguimientocontratacion.umh.es\/files\/2023\/04\/1o-TRIMESTRE.xlsx\" target=\"_blank\" rel=\"noopener\">Primer trimestre 2023<\/a><\/li>\n<li><a href=\"https:\/\/seguimientocontratacion.umh.es\/files\/2023\/07\/SEGUNDO-TRIMESTRE-2023.xlsx\" target=\"_blank\" rel=\"noopener\">Segundo trimestre 2023<\/a><\/li>\n<li><a href=\"https:\/\/seguimientocontratacion.umh.es\/files\/2024\/01\/TERCER-TRIMESTRE.xlsx\" target=\"_blank\" rel=\"noopener\">Tercer trimestre 2023<\/a><\/li>\n<li><a href=\"https:\/\/contrataciondelestado.es\/wps\/wcm\/connect\/PLACE_es\/Site\/area\/docAccCmpnt?srv=cmpnt&amp;cmpntname=GetDocumentsById&amp;source=library&amp;DocumentIdParam=de9d6634-9a0c-4e77-b191-99c29f105d63\" target=\"_blank\" rel=\"noopener\">Cuarto trimestre 2023<\/a><\/li>\n<\/ul>\n<\/li>\n<li>Contratos menores 2024\n<ul>\n<li><a href=\"https:\/\/seguimientocontratacion.umh.es\/files\/2024\/05\/CONTRATOS-MENORES-1o-T-2024.xlsx\" target=\"_blank\" rel=\"noopener\">Primer trimestre 2024<\/a><\/li>\n<li><a href=\"https:\/\/seguimientocontratacion.umh.es\/files\/2024\/09\/DOC20240731102813CONTRATOS-MENORES-2T-2024.xlsx\">Segundo trimestre 2024<\/a><\/li>\n<li><a href=\"https:\/\/seguimientocontratacion.umh.es\/files\/2024\/11\/DOC20241029143552CONTRATOS-MENORES-3T-2024.xlsx\">Tercer trimestre 2024<\/a><\/li>\n<li><a href=\"https:\/\/seguimientocontratacion.umh.es\/files\/2025\/02\/DOC20250130104229CONTRATOS-MENORES-4-T-2024.xlsx\">Cuarto trimestre 2024<\/a><\/li>\n<\/ul>\n<\/li>\n<li>Contratos menores 2025\n<ul>\n<li><a href=\"https:\/\/seguimientocontratacion.umh.es\/files\/2025\/04\/DOC20250416133533CONTRATOS-MENORES-1T-2025-.xlsx\">Primer trimestre 2025<\/a><\/li>\n<li><a href=\"https:\/\/seguimientocontratacion.umh.es\/files\/2025\/07\/DOC20250724144315CONTRATOS-MENORES-2T-2025.xlsx\">Segundo trimestre 2025<\/a><\/li>\n<li><a href=\"https:\/\/seguimientocontratacion.umh.es\/files\/2025\/10\/DOC20251028132539CONTRATOS-MENORES-3T-2025.xlsx\">Tercer trimestre 2025<\/a><\/li>\n<\/ul>\n<\/li>\n<\/ul>\n<h3><a id=\"tituloEpigrafe16\" class=\"cabecera marginLeft0punto5 linkCursor ancho100\"><\/a><strong>Contratos Basados Acuerdos Marco<\/strong><\/h3>\n<ul>\n<li>Contratos Basados Acuerdos Marco 2023\n<ul>\n<li><a href=\"https:\/\/seguimientocontratacion.umh.es\/files\/2024\/10\/DOC20230605131402CONTRATOS-BASADOS-ACUERDOS-MARCO-1T-2023.xls\">Primer trimestre 2023<\/a><\/li>\n<li><a href=\"https:\/\/seguimientocontratacion.umh.es\/files\/2024\/10\/DOC20230725145408CONTRATOS-BASADOS-2T-2023.xls\">Segundo trimestre 2023<\/a><\/li>\n<li><a href=\"https:\/\/seguimientocontratacion.umh.es\/files\/2024\/10\/DOC2023101914465200-Basados-3T-2023.xls\">Tercer trimestre 2023<\/a><\/li>\n<li><a href=\"https:\/\/seguimientocontratacion.umh.es\/files\/2024\/10\/DOC2024013113531700-Basados-4T-2023.xls\">Cuarto trimestre 2023<\/a><\/li>\n<\/ul>\n<\/li>\n<li>Contratos Basados Acuerdos Marco 2024\n<ul>\n<li><a href=\"https:\/\/seguimientocontratacion.umh.es\/files\/2024\/10\/DOC20240430142937CONTRATOS-BASADOS-1T-2024.xls\">Primer trimestre 2024<\/a><\/li>\n<li><a href=\"https:\/\/seguimientocontratacion.umh.es\/files\/2024\/10\/DOC2024073110290700-BASADOS-2T-2024.xlsx\">Segundo trimestre 2024<\/a><\/li>\n<li><a href=\"https:\/\/seguimientocontratacion.umh.es\/files\/2024\/10\/DOC20241029143432CONTRATOS-BASADOS-3T-2024.xlsx\">Tercer trimestre 2024<\/a><\/li>\n<li><a href=\"https:\/\/seguimientocontratacion.umh.es\/files\/2025\/02\/DOC20250130104339CONTRATOS-BASADOS-4T-2024.xlsx\">Cuarto trimestre 2024<\/a><\/li>\n<\/ul>\n<\/li>\n<li>Contratos Basados Acuerdos Marco 2025\n<ul>\n<li><a href=\"https:\/\/seguimientocontratacion.umh.es\/files\/2025\/04\/DOC2025041613364200-BASADOS-1T-2025.xlsx\">Primer trimestre 2025<\/a><\/li>\n<li><a href=\"https:\/\/seguimientocontratacion.umh.es\/files\/2025\/07\/DOC20250708132438CONTRATOS-BASADOS-2T-2025.xlsx\">Segundo trimestre 2025<\/a><\/li>\n<li><a href=\"https:\/\/seguimientocontratacion.umh.es\/files\/2025\/10\/DOC20251028132819CONTRATOS-BASADOS-3T-2025.xlsx\">Tercer trimestre 2025<\/a><\/li>\n<\/ul>\n<\/li>\n<\/ul>\n<h3><strong>Acuerdos Marco<\/strong><\/h3>\n<ul>\n<li>Vigentes\n<ul>\n<li style=\"text-align: justify\"><a href=\"https:\/\/contrataciondelestado.es\/wps\/portal\/!ut\/p\/b0\/04_Sj9CPykssy0xPLMnMz0vMAfIjU1JTC3Iy87KtUlJLEnNyUuNzMpMzSxKTgQr0w_Wj9KMyU1zLcvQjMyo9ckwyfCNNq4KLqozdA1NMi8yCA21t9Qtycx0BIRqvjw!!\/\">2021_AM_02 Acuerdo Marco suministro de piensos y lechos para animales empleados en investigaci\u00f3n y docencia en la Universidad Miguel Hern\u00e1ndez de Elche<\/a><\/li>\n<li style=\"text-align: justify\"><a href=\"https:\/\/contrataciondelestado.es\/wps\/portal\/!ut\/p\/b0\/04_Sj9CPykssy0xPLMnMz0vMAfIjU1JTC3Iy87KtUlJLEnNyUuNzMpMzSxKTgQr0w_Wj9KMyU1zLcvQjSzy8DYtNnX0tjQqLqozdA1NMi8yCA21t9Qtycx0B2XXlWg!!\/\">2021_AM_03 Acuerdo Marco Servicios de Infraestructuras TIC para la Universidad Miguel Hern\u00e1ndez de Elche<\/a><\/li>\n<li style=\"text-align: justify\"><a href=\"https:\/\/contrataciondelestado.es\/wps\/poc?uri=deeplink%3Adetalle_licitacion&amp;idEvl=AGK57srNWkR7h85%2Fpmmsfw%3D%3D\">2022_AM_02 Acuerdo Marco para la homologaci\u00f3n de empresas suministradoras de art\u00edculos de imprenta para la Universidad Miguel Hern\u00e1ndez de Elche<\/a><\/li>\n<li style=\"text-align: justify\"><a href=\"https:\/\/contrataciondelestado.es\/wps\/poc?uri=deeplink:detalle_licitacion&amp;idEvl=l9%2BGHvTL%2B5xvYnTkQN0%2FZA%3D%3D\" target=\"_blank\" rel=\"noopener\">2022_ AM_05 Acuerdo Marco para el suministro de material de oficina y consumibles de impresi\u00f3n para la Universidad Miguel Hern\u00e1ndez de Elche<\/a><\/li>\n<li style=\"text-align: justify\"><a href=\"https:\/\/contrataciondelestado.es\/wps\/poc?uri=deeplink%3Adetalle_licitacion&amp;idEvl=ByC7%2Fob9p8N7h85%2Fpmmsfw%3D%3D\" target=\"_blank\" rel=\"noopener\">2022_AM_07_Acuerdo marco para el suministro de papel para la Universidad Miguel Hern\u00e1ndez de Elche<\/a><\/li>\n<li style=\"text-align: justify\"><a href=\"https:\/\/contrataciondelestado.es\/wps\/poc?uri=deeplink%3Adetalle_licitacion&amp;idEvl=I%2BkXnV4YudgBPRBxZ4nJ%2Fg%3D%3D\" target=\"_blank\" rel=\"noopener\">2023_AM_01 Acuerdo Marco para el suministro de rata y rat\u00f3n de laboratorio para la docencia e investigaci\u00f3n y jaulas de transporte para la Universidad Miguel Hern\u00e1ndez de Elche<\/a><\/li>\n<li style=\"text-align: justify\"><a href=\"https:\/\/contrataciondelestado.es\/wps\/poc?uri=deeplink%3Adetalle_licitacion&amp;idEvl=3%2F3cCrF5pswBPRBxZ4nJ%2Fg%3D%3D\" target=\"_blank\" rel=\"noopener\">2023_AM_04 Acuerdo Marco para la difusi\u00f3n de la marca UMH a trav\u00e9s de noticias, compras de espacios publicitarios, realizaci\u00f3n de eventos y acciones de marketing<\/a><\/li>\n<li style=\"text-align: justify\"><a href=\"https:\/\/contrataciondelestado.es\/wps\/poc?uri=deeplink%3Adetalle_licitacion&amp;idEvl=A07GEKNvxhmiEJrVRqloyA%3D%3D\" target=\"_blank\" rel=\"noopener\">2023_AM_03 Acuerdo marco para el suministro de equipamiento fungible inform\u00e1tico y de redes y telefon\u00eda para la Universidad Miguel Hern\u00e1ndez de Elche<\/a><\/li>\n<li style=\"text-align: justify\"><a href=\"https:\/\/contrataciondelestado.es\/wps\/poc?uri=deeplink%3Adetalle_licitacion&amp;idEvl=SzXpI%2FfWg4QBPRBxZ4nJ%2Fg%3D%3D\" target=\"_blank\" rel=\"noopener\">2023_AM_06 Acuerdo marco para la prestaci\u00f3n del servicio de anal\u00edticas a los animales experimentaci\u00f3n de la Universidad Miguel Hern\u00e1ndez de Elche<\/a><\/li>\n<li style=\"text-align: justify\"><a href=\"https:\/\/contrataciondelestado.es\/wps\/poc?uri=deeplink%3Adetalle_licitacion&amp;idEvl=XHH4RQUM1ptvYnTkQN0%2FZA%3D%3D\" target=\"_blank\" rel=\"noopener\">2023_AM_02 Acuerdo Marco para suministro de bibliograf\u00eda de alumnos para la biblioteca de la Universidad Miguel Hern\u00e1ndez de Elche<\/a><\/li>\n<li style=\"text-align: justify\"><a href=\"https:\/\/contrataciondelestado.es\/wps\/poc?uri=deeplink:detalle_licitacion&amp;idEvl=duBeFTxlZ99xseVhcqrkhw%3D%3D\" target=\"_blank\" rel=\"noopener\">2024_SDA_01 Sistema Din\u00e1mico de Adquisici\u00f3n de suministro de reactivos, material fungible y peque\u00f1o equipamiento en los laboratorios de innovaci\u00f3n, investigaci\u00f3n y docencia de la Universidad Miguel Hern\u00e1ndez de Elche<\/a><\/li>\n<li style=\"text-align: justify\"><a href=\"https:\/\/contrataciondelestado.es\/wps\/poc?uri=deeplink%3Adetalle_licitacion&amp;idEvl=67FUVwzh3iwzjChw4z%2FXvw%3D%3D\" target=\"_blank\" rel=\"noopener\">2024_AM_01 Acuerdo marco para el suministro de consumibles de impresi\u00f3n para la Universidad Miguel Hern\u00e1ndez de Elche<\/a><\/li>\n<li style=\"text-align: justify\"><a href=\"https:\/\/contrataciondelestado.es\/wps\/poc?uri=deeplink%3Adetalle_licitacion&amp;idEvl=CON8EE9XTwIaF6cS8TCh%2FA%3D%3D\" target=\"_blank\" rel=\"noopener\">2024_AM_02 Acuerdo Marco para la homologaci\u00f3n de empresas suministradoras de art\u00edculos promocionales de la tienda de la Universidad Miguel Hern\u00e1ndez<\/a><\/li>\n<li style=\"text-align: justify\"><a href=\"https:\/\/contrataciondelestado.es\/wps\/poc?uri=deeplink%3Adetalle_licitacion&amp;idEvl=igBPojsa0uAIYE3ZiZ%2BxmQ%3D%3D\" target=\"_blank\" rel=\"noopener\">2024_AM_05 Acuerdo Marco para la prestaci\u00f3n del servicio de transporte de viajeros en autob\u00fas para la realizaci\u00f3n de actividades de la Universidad Miguel Hern\u00e1ndez de Elche<\/a><\/li>\n<li style=\"text-align: justify\"><a href=\"https:\/\/contrataciondelestado.es\/wps\/poc?uri=deeplink%3Adetalle_licitacion&amp;idEvl=NC69ARCNZBaFQ%2FlhRK79lA%3D%3D\" target=\"_blank\" rel=\"noopener\">2024_AM_04 Acuerdo Marco de suministro de piensos para los animales empleados en investigaci\u00f3n y docencia alojados en las granjas de la Escuela Polit\u00e9cnica Superior de Orihuela de la Universidad Miguel Hern\u00e1ndez<\/a><\/li>\n<li style=\"text-align: justify\"><a href=\"https:\/\/contrataciondelestado.es\/wps\/poc?uri=deeplink%3Adetalle_licitacion&amp;idEvl=9e%2FtWmqJVV59Zh%2FyRJgM8w%3D%3D\" target=\"_blank\" rel=\"noopener\">2024_AM_09 Acuerdo Marco de suministro de material inform\u00e1tico inventariable para la Universidad Miguel Hern\u00e1ndez de Elche<\/a><\/li>\n<li style=\"text-align: justify\"><a href=\"https:\/\/contrataciondelestado.es\/wps\/poc?uri=deeplink%3Adetalle_licitacion&amp;idEvl=6VSjtYtai3YXhk1FZxEyvw%3D%3D\" target=\"_blank\" rel=\"noopener\">2024_AM_06 Acuerdo marco para el suministro de forrajes y sustitutos l\u00e1cteos para los animales empleados en investigaci\u00f3n y docencia alojados en las granjas de la Escuela Polit\u00e9cnica Superior de Orihuela de la Universidad Miguel Hern\u00e1ndez de Elche<\/a><\/li>\n<li style=\"text-align: justify\"><a href=\"https:\/\/contrataciondelestado.es\/wps\/poc?uri=deeplink%3Adetalle_licitacion&amp;idEvl=7SjdskPlrRBSYrkJkLlFdw%3D%3D\" target=\"_blank\" rel=\"noopener\">2024_AM_07 Acuerdo marco para el suministro de material de oficina para la Universidad Miguel Hern\u00e1ndez de Elche<\/a><\/li>\n<li style=\"text-align: justify\"><a href=\"https:\/\/contrataciondelestado.es\/wps\/poc?uri=deeplink%3Adetalle_licitacion&amp;idEvl=AOfDM2yv1BSsNfRW6APEDw%3D%3D\"><span id=\"viewns_Z7_AVEQAI930GRPE02BR764FO30G0_:form1:texoEnlace_enlaceExpediente_7\">2025_AM_02 Acuerdo Marco de suministro de gases comprimidos, licuados por presi\u00f3n y l\u00edquidos criog\u00e9nicos para la Universidad Miguel Hern\u00e1ndez Elche<\/span><\/a><\/li>\n<li style=\"text-align: justify\"><a href=\"https:\/\/contrataciondelestado.es\/wps\/poc?uri=deeplink%3Adetalle_licitacion&amp;idEvl=zj8zKhA0RPd%2BF6L2uCfUWg%3D%3D\"><span id=\"viewns_Z7_AVEQAI930GRPE02BR764FO30G0_:form1:texoEnlace_enlaceExpediente_6\">2025_AM_03<\/span> Acuerdo Marco para el suministro de papel para la Universidad Miguel Hern\u00e1ndez Elche y Entidades Dependientes<\/a><\/li>\n<li><a href=\"https:\/\/contrataciondelestado.es\/wps\/poc?uri=deeplink%3Adetalle_licitacion&amp;idEvl=gBnAkfQmVuczjChw4z%2FXvw%3D%3D\">2025_AM_01 Acuerdo Marco de suministro de animales para la docencia e investigaci\u00f3n y jaulas para su transporte y cr\u00eda en la Universidad Miguel Hern\u00e1ndez Elche<\/a><\/li>\n<li><a href=\"https:\/\/contrataciondelestado.es\/wps\/poc?uri=deeplink:detalle_licitacion&amp;idEvl=8AcdaGiumXRWhbmkna2nXQ%3D%3D\">2025_AM_06 Acuerdo Marco para la prestaci\u00f3n del servicio de agencia de viajes en la Universidad Miguel Hern\u00e1ndez Elche y sus entidades dependientes<\/a><\/li>\n<\/ul>\n<\/li>\n<\/ul>\n<p>&nbsp;<\/p>\n<ul>\n<li>En tr\u00e1mite\n<ul>\n<li><a href=\"https:\/\/contrataciondelestado.es\/wps\/poc?uri=deeplink:detalle_licitacion&amp;idEvl=6UrW4t8jwdN%2FP7lJ7Fu0SA%3D%3D\">2025_AM_08 Acuerdo Marco para el suministro de material fungible inform\u00e1tico y consumibles de impresi\u00f3n para la Universidad Miguel Hern\u00e1ndez de Elche y su Entidad Dependiente<\/a><\/li>\n<li><a href=\"https:\/\/contrataciondelestado.es\/wps\/poc?uri=deeplink:detalle_licitacion&amp;idEvl=R1JaYmmDElt6nTs9LZ9RhQ%3D%3D\">2025_AM_04 Acuerdo Marco para la prestaci\u00f3n del servicio de catering y restauraci\u00f3n en congresos, actos institucionales, atenciones protocolarias y de representaci\u00f3n de la Universidad Miguel Hern\u00e1ndez de Elche<\/a><\/li>\n<li><a href=\"https:\/\/contrataciondelestado.es\/wps\/poc?uri=deeplink:detalle_licitacion&amp;idEvl=hXolEUHOEn7XOjazN1Dw9Q%3D%3D\">2025_AM_07 Acuerdo Marco para el suministro de piensos, lechos y material de bienestar animal para los animales empleados en investigaci\u00f3n y docencia en la Universidad Miguel Hern\u00e1ndez Elche<\/a><\/li>\n<li><a href=\"https:\/\/contrataciondelestado.es\/wps\/poc?uri=deeplink:detalle_licitacion&amp;idEvl=StxzHfvebHOLAncw3qdZkA%3D%3D\">2025_SDA_01 Sistema din\u00e1mico de adquisici\u00f3n para la realizaci\u00f3n de servicios de infraestructuras TIC para la Universidad Miguel Hern\u00e1ndez de Elche<\/a><\/li>\n<\/ul>\n<\/li>\n<\/ul>\n<p><\/p>","protected":false},"excerpt":{"rendered":"<p>Plan Anual de Contrataci\u00f3n<\/p>\n<p>Planificaci\u00f3n Anual de Contrataci\u00f3n 2021<br \/>\n1\u00aa Modificaci\u00f3n Planificaci\u00f3n Anual de Contrataci\u00f3n 2021<br \/>\n2\u00aa Modificaci\u00f3n Planificaci\u00f3n Anual de Contrataci\u00f3n 2021<br \/>\nPlanificaci\u00f3n Anual de Contrataci\u00f3n 2022<br \/>\n1\u00aa Modificaci\u00f3n Planificaci\u00f3n Anual de Contrataci\u00f3n 2022<br \/>\n2\u00aa Modificaci\u00f3n Planificaci\u00f3n Anual de Contrataci\u00f3n 2022<br \/>\n3\u00aa Modificaci\u00f3n Planificaci\u00f3n Anual de Contrataci\u00f3n 2022<br \/>\nPlanificaci\u00f3n Anual de Contrataci\u00f3n 2023<br \/>\n1\u00aa Modificaci\u00f3n Planificaci\u00f3n Anual de Contrataci\u00f3n 2023<br \/>\n2\u00aa Modificaci\u00f3n Planificaci\u00f3n Anual [&#8230;]<\/p>\n","protected":false},"author":4157,"featured_media":0,"parent":0,"menu_order":7,"comment_status":"closed","ping_status":"closed","template":"","meta":{"_links_to":"","_links_to_target":""},"_links":{"self":[{"href":"https:\/\/seguimientocontratacion.umh.es\/ca\/wp-json\/wp\/v2\/pages\/69"}],"collection":[{"href":"https:\/\/seguimientocontratacion.umh.es\/ca\/wp-json\/wp\/v2\/pages"}],"about":[{"href":"https:\/\/seguimientocontratacion.umh.es\/ca\/wp-json\/wp\/v2\/types\/page"}],"author":[{"embeddable":true,"href":"https:\/\/seguimientocontratacion.umh.es\/ca\/wp-json\/wp\/v2\/users\/4157"}],"replies":[{"embeddable":true,"href":"https:\/\/seguimientocontratacion.umh.es\/ca\/wp-json\/wp\/v2\/comments?post=69"}],"version-history":[{"count":0,"href":"https:\/\/seguimientocontratacion.umh.es\/ca\/wp-json\/wp\/v2\/pages\/69\/revisions"}],"wp:attachment":[{"href":"https:\/\/seguimientocontratacion.umh.es\/ca\/wp-json\/wp\/v2\/media?parent=69"}],"curies":[{"name":"wp","href":"https:\/\/api.w.org\/{rel}","templated":true}]}}