{"id":3124,"date":"2025-11-24T13:56:56","date_gmt":"2025-11-24T12:56:56","guid":{"rendered":"https:\/\/seguimientocontratacion.umh.es\/?page_id=3124"},"modified":"2025-11-24T13:56:56","modified_gmt":"2025-11-24T12:56:56","slug":"servicio-de-paqueteria","status":"publish","type":"page","link":"https:\/\/seguimientocontratacion.umh.es\/ca\/acuerdos-marco\/servicio-de-paqueteria\/","title":{"rendered":"Servicio de paqueter\u00eda"},"content":{"rendered":"<p style=\"text-align: justify\">La Universidad Miguel Hern\u00e1ndez de Elche por Resoluci\u00f3n Rectoral 03233\/2025 de fecha 17 de noviembre de 2025\u00a0ha adjudicado el contrato Basado <strong>001_LOTE2_AM 2\/25 CC <\/strong>dentro del <strong>\u201cACUERDO MARCO PARA LA CONTRATACI\u00d3N DE LOS SERVICIOS POSTALES DE LA ADMINISTRACI\u00d3N DE LA GENERALITAT, SU SECTOR P\u00daBLICO INSTRUMENTAL Y ENTIDADES ADHERIDAS, LOTE 2: SERVICIOS DE PAQUETER\u00cdA&#8221;,<\/strong>\u00a0a la mercantil ONTIME TRANSPORTE Y LOG\u00cdSTICA, S.L.<\/p>\n<p>La prestaci\u00f3n del servicio tendr\u00e1 una\u00a0<strong>vigencia de DOS A\u00d1OS,\u00a0<\/strong>con fecha de inicio a partir del\u00a0<strong>23 de noviembre de 2025.<\/strong><\/p>\n<h5><span style=\"text-decoration: underline\"><strong>OBJETO DEL ACUERDO BASADO<\/strong><\/span><\/h5>\n<ul>\n<li>Recogida.<\/li>\n<li>Tratamiento, distribuci\u00f3n y entrega que comprende:<\/li>\n<\/ul>\n<h6>* Servicios nacionales: Servicio 10, Servicio 14 y Servicio 24.<\/h6>\n<h6>* Servicios Internacionales.<\/h6>\n<ul>\n<li>Prueba de entrega.<\/li>\n<li>Servicios adicionales: el retorno y valor declarado.<\/li>\n<\/ul>\n<p><strong>Este lote NO atiende recogidas y entregas en el mismo d\u00eda.<\/strong><\/p>\n<p>El detalle de los servicios incluidos queda especificado en el\u00a0<span style=\"color: #000000\"><a href=\"https:\/\/seguimientocontratacion.umh.es\/files\/2025\/11\/04-PPTP-Definitivo_firmado.pdf\">Pliego Prescripciones T\u00e9cnicas<\/a>.\u00a0<\/span><\/p>\n<h6><strong>EXCEPCIONES DEL CONTRATO BASADO :\u00a0<\/strong><\/h6>\n<ul>\n<li style=\"text-align: justify\"><strong>No podr\u00e1n enviarse a trav\u00e9s de esta paqueter\u00eda<\/strong>\u00a0productos que exijan unas especiales caracter\u00edsticas de conservaci\u00f3n (mercanc\u00edas perecederas que requieren transporte en fr\u00edo, muestras frescas, muestras veterinarias, muestras para an\u00e1lisis, muestras sanitarias), o sean especialmente fr\u00e1giles o sensibles. Tampoco podr\u00e1n enviarse a trav\u00e9s de esta paqueter\u00eda determinadas mercanc\u00edas por razones de seguridad (equipamiento de seguridad, etc.) o de especial valor, (caudales, dinero, joyas, metales preciosos, obras de arte, etc.) y todas aquellas que, seg\u00fan la normativa, tengan restringido su env\u00edo mediante paquete postal (mercanc\u00edas peligrosas, etc.).<\/li>\n<\/ul>\n<p><strong>EN GENERAL, NO PODR\u00c1 ENVIARSE NING\u00daN OBJETO QUE, DE ACUERDO CON EL REGLAMENTO QUE REGULA LA PRESTACI\u00d3N DE SERVICIOS POSTALES RESULTE PROHIBIDO.<\/strong><\/p>\n<h5><strong><span style=\"text-decoration: underline\">TAMA\u00d1O Y PESO M\u00c1XIMO DE LOS PAQUETES<\/span><\/strong><\/h5>\n<table width=\"547\">\n<tbody>\n<tr>\n<td width=\"547\">\n<h3><span style=\"color: #000080\"><strong>Peso M\u00e1ximo Real<\/strong><\/span><\/h3>\n<h2><span style=\"color: #000080\"><strong>30 KG<\/strong><\/span><\/h2>\n<p>Por bulto individual<\/td>\n<\/tr>\n<tr>\n<td width=\"547\">\n<h3><span style=\"color: #000080\"><strong>Suma de Dimensiones<\/strong><\/span><\/h3>\n<p>La suma de Largo + Ancho + Alto no puede exceder de:<\/p>\n<h2><span style=\"color: #000080\"><strong>210 cm<\/strong><\/span><\/h2>\n<\/td>\n<\/tr>\n<tr>\n<td width=\"547\">\n<h3><span style=\"color: #000080\"><strong>Rollos o Tubos<\/strong><\/span><\/h3>\n<p><span style=\"color: #000080\"><strong>Largo m\u00e1ximo: 120cm \/\/ Di\u00e1metro M\u00e1ximo: 30 cm.<\/strong><\/span> (La medida mayor de cualquiera de los lados no puede exceder de 120 cm.)<strong>\u00a0<\/strong><\/td>\n<\/tr>\n<\/tbody>\n<\/table>\n<h5><\/h5>\n<p>&nbsp;<\/p>\n<h5><span style=\"text-decoration: underline\"><strong>TIPO DE SERVICIOS<\/strong><\/span><\/h5>\n<p><strong>ENV\u00cdOS PROVINCIALES Y NACIONALES<\/strong><\/p>\n<ul>\n<li><strong>SERVICIO 10<\/strong>: Antes de las 10:00 del d\u00eda siguiente h\u00e1bil.<\/li>\n<li><strong>SERVICIO 14<\/strong>: Antes de las 14:00 del d\u00eda siguiente h\u00e1bil.<\/li>\n<li><strong>SERVICIO 24:<\/strong>\u00a0A lo largo del d\u00eda siguiente h\u00e1bil.<\/li>\n<\/ul>\n<p><strong><em>Para cualquier duda o consulta sobre TAMA\u00d1OS, TIPO, ESTADO, POSIBILIDAD DE PORTE, ETC\u2026 puede contactar con el Departamento de Atenci\u00f3n al Cliente de ONTIME TRANSPORTE Y LOG\u00cdSTICA, S.L.<\/em><\/strong><\/p>\n<p><a href=\"https:\/\/drive.google.com\/file\/d\/1R3DdbCdFqOdAQ8-LluNwCzKAqkpiQ9-N\/view?usp=drive_link\">DATOS DE CONTACTO (Acceso restringido Personal UMH)<\/a><\/p>\n<h5><span style=\"text-decoration: underline\"><strong>\u00bfCOMO PROCEDEMOS A TRABAJAR CON ESTA EMPRESA?<\/strong><\/span><\/h5>\n<h6><strong>Paso 1.- Dar de alta nuestro usuario (s\u00f3lo es necesario la primera vez).<\/strong><\/h6>\n<ul>\n<li>Descargar la <strong>\u201cPlantilla Alta Cliente Generalitat Valenciana\u201d <\/strong><\/li>\n<li>Cumplimentar y enviar a la direcci\u00f3n electr\u00f3nica indicada en DATOS DE CONTACTO<\/li>\n<li>Activaci\u00f3n usuario alrededor de 48H.<\/li>\n<\/ul>\n<h6><strong>Paso 2.- Solicitud del Servicio.<\/strong><\/h6>\n<ul>\n<li>Descargar la \u201c<strong>Plantilla Solicitud de Servicios\u201d. <\/strong><\/li>\n<li>Cumplimentar y enviar a la direcci\u00f3n electr\u00f3nica indicada en DATOS DE CONTACTO<\/li>\n<\/ul>\n<h6><strong>Paso 3.- Preparaci\u00f3n del Paquete.<\/strong><\/h6>\n<ul>\n<li>El paquete deber\u00e1 identificar:<\/li>\n<\/ul>\n<h6><strong>Remitente.<\/strong><\/h6>\n<h6><strong>Destinatario.<\/strong><\/h6>\n<h6><strong>N\u00ba de cliente. <\/strong><\/h6>\n<p>Deber\u00e1 dejarse en el punto de recogida (Conserjer\u00eda).<\/p>\n<h6><strong>Paso 4. HORARIO DE RECOGIDA DE PAQUETES<\/strong><\/h6>\n<ul>\n<li>Las\u00a0<strong>recogidas<\/strong>\u00a0de los env\u00edos se realizar\u00e1n en la\u00a0<strong>franja horaria de 09:00H \u2013 14:00H<\/strong><\/li>\n<li>La empresa adjudicataria deber\u00e1 recoger los env\u00edos el mismo d\u00eda del\u00a0<strong>aviso<\/strong>, s\u00ed este se realiza\u00a0<strong>antes de las 10:00H de la ma\u00f1ana<\/strong>: en caso contrario, la recogida podr\u00e1 realizarse hasta las 12:00H de la ma\u00f1ana del siguiente d\u00eda h\u00e1bil.<\/li>\n<\/ul>\n<h5><span style=\"text-decoration: underline\"><strong>TRAMITACI\u00d3N FACTURAS<\/strong><\/span><\/h5>\n<p>La tramitaci\u00f3n de las correspondientes facturas se realizar\u00e1 a trav\u00e9s del tipo de pago Pago Directo, debi\u00e9ndose enlazar el Justificante de Gasto a la Agrupaci\u00f3n de Gastos que anualmente se habilite para este acuerdo:<\/p>\n<h6>Agrupaci\u00f3n de gasto 2025:\u00a0<strong>AM2\/25 CC-L2<\/strong><\/h6>\n<p>&nbsp;<\/p>\n<h5><strong>\u00a0<\/strong><span style=\"text-decoration: underline\"><strong>ANEXO ENLACES<\/strong><\/span><\/h5>\n<ul>\n<li><a href=\"https:\/\/seguimientocontratacion.umh.es\/files\/2025\/11\/Catalogo.pdf\"><strong>Cat\u00e1logo servicios<\/strong><\/a><\/li>\n<li><a href=\"https:\/\/seguimientocontratacion.umh.es\/files\/2025\/11\/04-PPTP-Definitivo_firmado.pdf\"><strong>Pliego de Prescripciones T\u00e9cnicas<\/strong><\/a><\/li>\n<li><a href=\"https:\/\/seguimientocontratacion.umh.es\/files\/2025\/11\/05-PCAP-Definitivo-firmado.pdf\"><strong>Pliego de Cl\u00e1usulas Administrativas Particulares<\/strong><\/a><\/li>\n<li><a href=\"https:\/\/seguimientocontratacion.umh.es\/files\/2025\/11\/PLANTILLA-ALTA-CLIENTE-GENERALITAT-VALENCIANA.docx\"><strong>Formulario \u201c<\/strong><strong>Plantilla Alta Cliente Generalitat Valenciana\u201d<\/strong><\/a><\/li>\n<li><a href=\"https:\/\/seguimientocontratacion.umh.es\/files\/2025\/11\/PLANTILLA-DE-SOLICITUD-SERVICIOS_dir.xlsx\"><strong>Formulario \u201cPlantilla de Solicitud de Servicios\u201d<\/strong><\/a><\/li>\n<li><a href=\"https:\/\/seguimientocontratacion.umh.es\/files\/2025\/11\/PRESENTACION-ACUERDO-MARCO-PAQUETERIA.pdf\"><strong>Presentaci\u00f3n contrato basado<\/strong><\/a><\/li>\n<\/ul>\n","protected":false},"excerpt":{"rendered":"<p>La Universidad Miguel Hern\u00e1ndez de Elche por Resoluci\u00f3n Rectoral 03233\/2025 de fecha 17 de noviembre de 2025\u00a0ha adjudicado el contrato Basado 001_LOTE2_AM 2\/25 CC dentro del \u201cACUERDO MARCO PARA LA CONTRATACI\u00d3N DE LOS SERVICIOS POSTALES DE LA ADMINISTRACI\u00d3N DE LA GENERALITAT, SU SECTOR P\u00daBLICO INSTRUMENTAL Y ENTIDADES ADHERIDAS, LOTE 2: SERVICIOS DE PAQUETER\u00cdA&#8221;,\u00a0a la mercantil [&#8230;]<\/p>\n","protected":false},"author":11555,"featured_media":0,"parent":56,"menu_order":70,"comment_status":"closed","ping_status":"closed","template":"","meta":{"_links_to":"","_links_to_target":""},"_links":{"self":[{"href":"https:\/\/seguimientocontratacion.umh.es\/ca\/wp-json\/wp\/v2\/pages\/3124"}],"collection":[{"href":"https:\/\/seguimientocontratacion.umh.es\/ca\/wp-json\/wp\/v2\/pages"}],"about":[{"href":"https:\/\/seguimientocontratacion.umh.es\/ca\/wp-json\/wp\/v2\/types\/page"}],"author":[{"embeddable":true,"href":"https:\/\/seguimientocontratacion.umh.es\/ca\/wp-json\/wp\/v2\/users\/11555"}],"replies":[{"embeddable":true,"href":"https:\/\/seguimientocontratacion.umh.es\/ca\/wp-json\/wp\/v2\/comments?post=3124"}],"version-history":[{"count":0,"href":"https:\/\/seguimientocontratacion.umh.es\/ca\/wp-json\/wp\/v2\/pages\/3124\/revisions"}],"up":[{"embeddable":true,"href":"https:\/\/seguimientocontratacion.umh.es\/ca\/wp-json\/wp\/v2\/pages\/56"}],"wp:attachment":[{"href":"https:\/\/seguimientocontratacion.umh.es\/ca\/wp-json\/wp\/v2\/media?parent=3124"}],"curies":[{"name":"wp","href":"https:\/\/api.w.org\/{rel}","templated":true}]}}