{"id":2855,"date":"2025-04-15T11:12:29","date_gmt":"2025-04-15T09:12:29","guid":{"rendered":"https:\/\/seguimientocontratacion.umh.es\/?page_id=2855"},"modified":"2025-04-29T09:30:03","modified_gmt":"2025-04-29T07:30:03","slug":"como-comprar-material-de-oficina","status":"publish","type":"page","link":"https:\/\/seguimientocontratacion.umh.es\/ca\/acuerdos-marco\/material-de-oficina-2\/como-comprar-material-de-oficina\/","title":{"rendered":"C\u00f3mo comprar material de oficina"},"content":{"rendered":"<p><strong><em>INSTRUCCIONES DE COMPRA<\/em><\/strong><\/p>\n<p style=\"text-align: justify\"><strong><u>SOLO<\/u><\/strong><strong> podr\u00e1n adquirirse productos homologados incluidos en el cat\u00e1logo<\/strong>\u00a0de las empresas que hayan sido adjudicatarias del mismo, y que figuren en el mismo (<a href=\"https:\/\/seguimientocontratacion.umh.es\/files\/2025\/04\/ANEXO-I-PPT-LISTADO-DE-PRODUCTOS-1.pdf\"><strong>CAT\u00c1LOGO DE PRODUCTOS MATERIAL DE OFICINA<\/strong><\/a>)<\/p>\n<ul>\n<li style=\"text-align: justify\">Deber\u00e1n efectuar los\u00a0<strong>pedidos directamente<\/strong>\u00a0a las empresas adjudicatarias a trav\u00e9s de los enlaces de las mismas, que se encuentran en \u201c<strong>Proveedores material de oficina\u201d, <\/strong>en la Web del Servicio de Planificaci\u00f3n y Racionalizaci\u00f3n de la Contrataci\u00f3n de esta Universidad, con cargo a sus respectivos cr\u00e9ditos presupuestarios.<\/li>\n<li style=\"text-align: justify\">Los suministradores efectuar\u00e1n las entregas de material, junto con los albaranes correspondientes, a las unidades solicitantes en el lugar concreto que se determine en cada pedido.<\/li>\n<li style=\"text-align: justify\">Los suministradores facturar\u00e1n al Servicio peticionario, por los importes que figuran en el cat\u00e1logo de bienes homologados. Los Cat\u00e1logos, ser\u00e1n objeto de actualizaci\u00f3n cuando se produzca alguna variaci\u00f3n respecto a los bienes homologados o precios de los mismos, mediante los mecanismos previstos en los pliegos de condiciones que regulan el procedimiento de adquisici\u00f3n. De dichas actualizaciones se dar\u00e1 informaci\u00f3n puntual a trav\u00e9s de la presente Web.<\/li>\n<li style=\"text-align: justify\"><strong>El pedido m\u00ednimo ser\u00e1 de 15<\/strong><strong>\u20ac<\/strong><strong>+ IVA.<\/strong><\/li>\n<li style=\"text-align: justify\">El plazo de entrega para cada uno de los suministros, ser\u00e1 como\u00a0<strong>m\u00e1ximo de 48 horas<\/strong>\u00a0desde la hora de salida del pedido. No obstante, se admitir\u00e1n plazos de entrega superiores en aquellos casos en los que la cantidad del producto u otra causa lo justifique.<\/li>\n<\/ul>\n<p style=\"text-align: justify\"><strong><u>Cuando excepcionalmente<\/u><\/strong> sea necesario adquirir <strong>productos no incluidos en listado UMH<\/strong>, el usuario se pondr\u00e1 en contacto con el Servicio de Planificaci\u00f3n y Racionalizaci\u00f3n de la Contrataci\u00f3n para consultar el cat\u00e1logo general de las empresas homologadas y adquirir el producto con los siguientes <strong><u>descuentos ofertados<\/u><\/strong> por las mismas:<\/p>\n<ul>\n<li style=\"list-style-type: none\">\n<ul>\n<li style=\"text-align: justify\">LYRECO ESPA\u00d1A S.A.: 53%<\/li>\n<li style=\"text-align: justify\">LUCAS ROJAS S.L.: 52%<\/li>\n<li style=\"text-align: justify\">SUMINISTROS DE PAPELER\u00cdA E INFORM\u00c1TICA ALICANTE S.L.: 20%<\/li>\n<\/ul>\n<\/li>\n<\/ul>\n<p>&nbsp;<\/p>\n<p><strong><em>\u00a0Si el importe del valor estimado del suministro fuese inferior a 1.000<\/em><\/strong><strong><em>\u20ac<\/em><\/strong><strong><em> (IVA excluido):<\/em><\/strong><\/p>\n<p style=\"text-align: justify\">El peticionario podr\u00e1 hacer la solicitud del producto que mejor satisfaga sus necesidades t\u00e9cnicas y econ\u00f3micas a una de las empresas homologadas.<\/p>\n<p style=\"text-align: justify\">Las peticiones de todo el material, se efectuar\u00e1n directamente por las unidades tramitadoras, con cargo a sus cr\u00e9ditos presupuestarios, por uno de los siguientes medios:<\/p>\n<p style=\"text-align: justify\">&#8211; A trav\u00e9s del portal web de compra electr\u00f3nica de la empresa adjudicataria. El sistema deber\u00e1 guardar un hist\u00f3rico de todos los pedidos, para poder efectuar consultas de facturas, estad\u00edsticas de productos, listados de pedidos, etc.<\/p>\n<p style=\"text-align: justify\">&#8211; Correo electr\u00f3nico, en caso de solicitar presupuesto previo.<\/p>\n<p style=\"text-align: justify\"><strong><em>Si el importe del contrato derivado es igual o superior a 1.000<\/em><\/strong><strong><em>\u20ac<\/em><\/strong><strong><em> (IVA excluido)<\/em><\/strong><\/p>\n<p style=\"text-align: justify\">Se solicitar\u00e1n ofertas, a la direcci\u00f3n de correo electr\u00f3nico facilitada, a todas las empresas adjudicatarias. El contrato se adjudicar\u00e1 al licitador que haya presentado mejor precio, debiendo utilizarse, para su valoraci\u00f3n, la f\u00f3rmula siguiente:<\/p>\n<p><strong><em>FACTURACI\u00d3N SUMINISTROS<\/em><\/strong><\/p>\n<ul>\n<li>Regulado en la cl\u00e1usula\u00a0<a href=\"https:\/\/seguimientocontratacion.umh.es\/files\/2025\/04\/PCAP-firmado-copia-autentica.pdf\"><strong>32 (PCAP)<\/strong><\/a><\/li>\n<li>AGRUPACI\u00d3N DE GASTO 2024_AM_07<\/li>\n<\/ul>\n<p><strong><em>DOCUMENTACI\u00d3N DE INTER\u00c9S<\/em><\/strong><\/p>\n<ul>\n<li style=\"list-style-type: none\">\n<ul>\n<li><a href=\"https:\/\/seguimientocontratacion.umh.es\/files\/2025\/04\/PCAP-firmado-copia-autentica.pdf\"><strong>Pliego de Cl\u00e1usulas Administrativas Particulares<\/strong><\/a><\/li>\n<li><a href=\"https:\/\/seguimientocontratacion.umh.es\/files\/2025\/04\/PPT-firmado-copia-autentica.pdf\"><strong>Pliego de Prescripciones T\u00e9cnicas<\/strong><\/a><\/li>\n<li><strong>Realizaci\u00f3n de pedidos y facturaci\u00f3n\u00a0Cl\u00e1usula <a href=\"https:\/\/seguimientocontratacion.umh.es\/files\/2025\/04\/PPT-firmado-copia-autentica.pdf\">2.4 PPT<\/a><\/strong><\/li>\n<li><strong>Procedimiento de Adjudicaci\u00f3n contratos basados\u00a0Cl\u00e1usula <a href=\"https:\/\/seguimientocontratacion.umh.es\/files\/2025\/04\/PCAP-firmado-copia-autentica.pdf\">30 PCAP<\/a><\/strong><\/li>\n<li><strong>R\u00e9gimen econ\u00f3mico de los contratos basados Cl\u00e1usula <a href=\"https:\/\/seguimientocontratacion.umh.es\/files\/2025\/04\/PCAP-firmado-copia-autentica.pdf\">32 PCAP<\/a><\/strong><\/li>\n<li><a href=\"https:\/\/seguimientocontratacion.umh.es\/files\/2025\/04\/PRESENTACION-ACUERDO-MARCO-MATERIAL-DE-OFICINA-3.pptx\"><strong>Presentaci\u00f3n Acuerdo Marco 2024_AM_07<\/strong><\/a><\/li>\n<\/ul>\n<\/li>\n<\/ul>\n","protected":false},"excerpt":{"rendered":"<p>INSTRUCCIONES DE COMPRA<br \/>\nSOLO podr\u00e1n adquirirse productos homologados incluidos en el cat\u00e1logo\u00a0de las empresas que hayan sido adjudicatarias del mismo, y que figuren en el mismo (CAT\u00c1LOGO DE PRODUCTOS MATERIAL DE OFICINA)<\/p>\n<p>Deber\u00e1n efectuar los\u00a0pedidos directamente\u00a0a las empresas adjudicatarias a trav\u00e9s de los enlaces de las mismas, que se encuentran en \u201cProveedores material de oficina\u201d, en la [&#8230;]<\/p>\n","protected":false},"author":11555,"featured_media":0,"parent":2848,"menu_order":20,"comment_status":"closed","ping_status":"closed","template":"","meta":{"_links_to":"","_links_to_target":""},"_links":{"self":[{"href":"https:\/\/seguimientocontratacion.umh.es\/ca\/wp-json\/wp\/v2\/pages\/2855"}],"collection":[{"href":"https:\/\/seguimientocontratacion.umh.es\/ca\/wp-json\/wp\/v2\/pages"}],"about":[{"href":"https:\/\/seguimientocontratacion.umh.es\/ca\/wp-json\/wp\/v2\/types\/page"}],"author":[{"embeddable":true,"href":"https:\/\/seguimientocontratacion.umh.es\/ca\/wp-json\/wp\/v2\/users\/11555"}],"replies":[{"embeddable":true,"href":"https:\/\/seguimientocontratacion.umh.es\/ca\/wp-json\/wp\/v2\/comments?post=2855"}],"version-history":[{"count":0,"href":"https:\/\/seguimientocontratacion.umh.es\/ca\/wp-json\/wp\/v2\/pages\/2855\/revisions"}],"up":[{"embeddable":true,"href":"https:\/\/seguimientocontratacion.umh.es\/ca\/wp-json\/wp\/v2\/pages\/2848"}],"wp:attachment":[{"href":"https:\/\/seguimientocontratacion.umh.es\/ca\/wp-json\/wp\/v2\/media?parent=2855"}],"curies":[{"name":"wp","href":"https:\/\/api.w.org\/{rel}","templated":true}]}}