{"id":2837,"date":"2025-03-31T10:26:41","date_gmt":"2025-03-31T08:26:41","guid":{"rendered":"https:\/\/seguimientocontratacion.umh.es\/?page_id=2837"},"modified":"2025-03-31T10:26:41","modified_gmt":"2025-03-31T08:26:41","slug":"como-llegar","status":"publish","type":"page","link":"https:\/\/seguimientocontratacion.umh.es\/ca\/presentacion\/como-llegar\/","title":{"rendered":"C\u00f3mo llegar"},"content":{"rendered":"<p>El Servicio de Planificaci\u00f3n y Racionalizaci\u00f3n de la Contrataci\u00f3n de la UMH se encuentra en el Edificio de Rectorado y Consejo Social. \u00a0(Localizado en <a href=\"https:\/\/www.google.es\/maps\/place\/Edificio+Rectorado+y+Consejo+Social\/@38.2749648,-0.6843119,16z\/data=!3m1!4b1!4m6!3m5!1s0xd63b67da8ab0b59:0x938b41d6a1a03ca1!8m2!3d38.2749648!4d-0.6843119!16s%2Fg%2F11bwyqxljd?entry=ttu&amp;g_ep=EgoyMDI1MDMyNC4wIKXMDSoASAFQAw%3D%3D\">Google Maps<\/a>)<\/p>\n<ul>\n<li>Si viene en\u00a0<strong>Bicicleta<\/strong>\u00a0propia, el edificio cuenta con aparcamiento para bicicletas, y a 300 metros del\u00a0<a href=\"https:\/\/www.google.es\/maps\/place\/UMH:+CAFETER%C3%8DA+Edificio+Arenals\/@38.277851,-0.6858443,17.75z\/data=!4m6!3m5!1s0xd63b67b7d60353b:0xb0fc98231d35ba25!8m2!3d38.2776876!4d-0.6849312!16s%2Fg%2F11ckw293r7?entry=tts&amp;g_ep=EgoyMDI1MDEwMS4wIPu8ASoASAFQAw%3D%3D\"><strong>edificio Arenals<\/strong><\/a> dispone de un\u00a0<a href=\"https:\/\/www.umhsostenible.com\/bicicletas\/\"><strong>Kit de Mantenimiento de Bicicletas<\/strong><\/a><\/li>\n<li>Si viene en\u00a0<a href=\"https:\/\/www.bicielx.es\/\"><strong>BiciElx<\/strong><\/a>, dispone de estaci\u00f3n en la misma puerta.<\/li>\n<li>Si viene en\u00a0<a href=\"https:\/\/www.umhsostenible.com\/autobuses\/\"><strong>Autob\u00fas<\/strong><\/a>, la Estaci\u00f3n de Autobuses se encuentra a 1,2 kms.<\/li>\n<li>Si viene en\u00a0<a href=\"https:\/\/www.umhsostenible.com\/trenes\/\"><strong>Tren<\/strong><\/a>, la parada \u00abElche Parque\u00bb se encuentra a 1,5 kms.<\/li>\n<li>Si viene en Coche, la UMH dispone de una\u00a0<a href=\"https:\/\/www.umhsostenible.com\/coche-y-moto\/bolsa-coche-compartido-8\"><strong>bolsa de coche compartido<\/strong><\/a>, y parking gratuito.<\/li>\n<li>En cualquier caso,\u00a0<strong>evite el desplazamiento<\/strong>, siempre que sea posible, utilizando medios telem\u00e1ticos como el e-mail, web, llamada, videollamada, etc.<\/li>\n<\/ul>\n","protected":false},"excerpt":{"rendered":"<p>El Servicio de Planificaci\u00f3n y Racionalizaci\u00f3n de la Contrataci\u00f3n de la UMH se encuentra en el Edificio de Rectorado y Consejo Social. \u00a0(Localizado en Google Maps)<\/p>\n<p>Si viene en\u00a0Bicicleta\u00a0propia, el edificio cuenta con aparcamiento para bicicletas, y a 300 metros del\u00a0edificio Arenals dispone de un\u00a0Kit de Mantenimiento de Bicicletas<br \/>\nSi viene en\u00a0BiciElx, dispone de estaci\u00f3n en la [&#8230;]<\/p>\n","protected":false},"author":11555,"featured_media":0,"parent":12,"menu_order":20,"comment_status":"closed","ping_status":"closed","template":"","meta":{"_links_to":"","_links_to_target":""},"_links":{"self":[{"href":"https:\/\/seguimientocontratacion.umh.es\/ca\/wp-json\/wp\/v2\/pages\/2837"}],"collection":[{"href":"https:\/\/seguimientocontratacion.umh.es\/ca\/wp-json\/wp\/v2\/pages"}],"about":[{"href":"https:\/\/seguimientocontratacion.umh.es\/ca\/wp-json\/wp\/v2\/types\/page"}],"author":[{"embeddable":true,"href":"https:\/\/seguimientocontratacion.umh.es\/ca\/wp-json\/wp\/v2\/users\/11555"}],"replies":[{"embeddable":true,"href":"https:\/\/seguimientocontratacion.umh.es\/ca\/wp-json\/wp\/v2\/comments?post=2837"}],"version-history":[{"count":0,"href":"https:\/\/seguimientocontratacion.umh.es\/ca\/wp-json\/wp\/v2\/pages\/2837\/revisions"}],"up":[{"embeddable":true,"href":"https:\/\/seguimientocontratacion.umh.es\/ca\/wp-json\/wp\/v2\/pages\/12"}],"wp:attachment":[{"href":"https:\/\/seguimientocontratacion.umh.es\/ca\/wp-json\/wp\/v2\/media?parent=2837"}],"curies":[{"name":"wp","href":"https:\/\/api.w.org\/{rel}","templated":true}]}}