{"id":2741,"date":"2025-01-15T13:53:14","date_gmt":"2025-01-15T12:53:14","guid":{"rendered":"https:\/\/seguimientocontratacion.umh.es\/?page_id=2741"},"modified":"2025-01-15T13:53:14","modified_gmt":"2025-01-15T12:53:14","slug":"servicio-de-autobuses","status":"publish","type":"page","link":"https:\/\/seguimientocontratacion.umh.es\/ca\/acuerdos-marco\/servicio-de-autobuses\/","title":{"rendered":"Servicio de autobuses"},"content":{"rendered":"<h5><strong>OBJETO<\/strong><\/h5>\n<p style=\"text-align: justify\">La Universidad Miguel Hern\u00e1ndez de Elche con el presente Acuerdo Marco, pretende disponer de un servicio de transporte de viajeros en autob\u00fas para tratar de satisfacer las necesidades que requieren las distintas actividades que se realizan en los Servicios, Unidades, Departamentos, Facultades, Escuelas e Institutos de Investigaci\u00f3n de la Universidad en cualquiera de sus Campus e instalaciones, actuales o futuras.<\/p>\n<p style=\"text-align: justify\">La fecha de inicio es el 15 de enero de 2025 con posibilidad de pr\u00f3rroga por un a\u00f1o m\u00e1s.<\/p>\n<h3><\/h3>\n<h5><strong>ADJUDICATARIOS<\/strong><\/h5>\n<div class=\"col\">\n<p style=\"text-align: justify\">El Acuerdo Marco, se ha suscrito con cuatro mercantiles, poniendo a disposici\u00f3n de la Universidad un interlocutor que atender\u00e1 las peticiones que se realicen, y ampliaran su horario de servicio para dar mejor atenci\u00f3n, adem\u00e1s de ofrecer otras condiciones ventajosas para los usuarios.<\/p>\n<p>Empresas adjudicatarias<\/p>\n<ul>\n<li><em>AUTOCARES MISOL S.L.<\/em><\/li>\n<li><em>LA MELILLENSE S.L.<\/em><\/li>\n<li><em>LA SERRANICA S.L.<\/em><\/li>\n<li><em>SUBUS GRUPO DE TRANSPORTE S.L.<\/em><\/li>\n<\/ul>\n<p>&nbsp;<\/p>\n<h5><strong>SERVICIOS INCLUIDOS<\/strong><\/h5>\n<p>Los servicios objeto del presente Acuerdo Marco vienen recogidos en la\u00a0<a href=\"https:\/\/contrataciondelestado.es\/FileSystem\/servlet\/GetDocumentByIdServlet?DocumentIdParam=LTKTpQacWx\/eV9ogVjtVbysvo0UqwhzOqrh221G9QAFWnVx%2BNVUUU9j0CARhsGv8Lng4xG1rvgV0HQ3yA5439Kypp0ZIKhAiKT6EWw5JSt4\/\/q7NB2iMZvNyf0xrJmjt&amp;cifrado=QUC1GjXXSiLkydRHJBmbpw%3D%3D\">cl\u00e1usula 6 del PPT<\/a><\/p>\n<\/div>\n<div><img loading=\"lazy\" class=\"alignnone wp-image-1489\" src=\"https:\/\/seguimientocontratacion.umh.es\/files\/2022\/12\/Imagen1-300x166.png\" alt=\"\" width=\"867\" height=\"480\" srcset=\"https:\/\/seguimientocontratacion.umh.es\/files\/2022\/12\/Imagen1-300x166.png 300w, https:\/\/seguimientocontratacion.umh.es\/files\/2022\/12\/Imagen1-768x424.png 768w, https:\/\/seguimientocontratacion.umh.es\/files\/2022\/12\/Imagen1.png 886w\" sizes=\"(max-width: 867px) 100vw, 867px\" \/><\/div>\n<div class=\"col\">\n<div class=\"text-cuerpo\">\n<h5><strong>CONDICIONES\u00a0DEL\u00a0SERVICIO<\/strong><\/h5>\n<h5><\/h5>\n<p><img loading=\"lazy\" class=\"alignnone wp-image-1492\" src=\"https:\/\/seguimientocontratacion.umh.es\/files\/2022\/12\/Imagen2-300x295.png\" alt=\"\" width=\"874\" height=\"859\" srcset=\"https:\/\/seguimientocontratacion.umh.es\/files\/2022\/12\/Imagen2-300x295.png 300w, https:\/\/seguimientocontratacion.umh.es\/files\/2022\/12\/Imagen2-1024x1008.png 1024w, https:\/\/seguimientocontratacion.umh.es\/files\/2022\/12\/Imagen2-768x756.png 768w, https:\/\/seguimientocontratacion.umh.es\/files\/2022\/12\/Imagen2-1536x1512.png 1536w, https:\/\/seguimientocontratacion.umh.es\/files\/2022\/12\/Imagen2-2048x2016.png 2048w\" sizes=\"(max-width: 874px) 100vw, 874px\" \/><\/p>\n<h5><strong>SOLICITUD DE PRESTACI\u00d3N DE SERVICIOS Y FACTURACI\u00d3N<\/strong><\/h5>\n<ul>\n<li>Regulado en la <a href=\"https:\/\/contrataciondelestado.es\/FileSystem\/servlet\/GetDocumentByIdServlet?DocumentIdParam=LTKTpQacWx\/eV9ogVjtVbysvo0UqwhzOqrh221G9QAFWnVx%2BNVUUU9j0CARhsGv8Lng4xG1rvgV0HQ3yA5439Kypp0ZIKhAiKT6EWw5JSt4\/\/q7NB2iMZvNyf0xrJmjt&amp;cifrado=QUC1GjXXSiLkydRHJBmbpw%3D%3D\"><strong>cl\u00e1usula 2.3 del PPT<\/strong><\/a><\/li>\n<li>AGRUPACI\u00d3N PRESUPUESTARIA AM05\/24<\/li>\n<\/ul>\n<p>PARA LA ELECCI\u00d3N DE LAS EMPRESAS ADJUDICATARIAS SE ESTABLECE LOS UMBRALES SIGUIENTES (<a href=\"https:\/\/contrataciondelestado.es\/FileSystem\/servlet\/GetDocumentByIdServlet?DocumentIdParam=nfkXPgXa6rTU1S4LKfT2muk6HFLPzk1VhNfVvIQSzBVI57cBcdhTmkBiRkEyHP2yk9EbKqM4Bp8uua%2BpqfYmEdraySKlhLwOPLX1xXvr\/Eh45ClyWkoJ44mKM70IFcOu&amp;cifrado=QUC1GjXXSiLkydRHJBmbpw%3D%3D\"><strong>regulado en la cl\u00e1usula 30 PCAP<\/strong><\/a>)<\/p>\n<p><strong>\u00a0<\/strong><strong>Para la elecci\u00f3n de las empresas<\/strong> se adjunta el\u00a0<a href=\"https:\/\/seguimientocontratacion.umh.es\/files\/2025\/01\/LISTADO-DE-OFERTAS.pdf\"><strong>listado<\/strong><\/a> de las ofertas realizas por cada uno de los adjudicatarios.<\/p>\n<p><a href=\"https:\/\/seguimientocontratacion.umh.es\/files\/2025\/01\/LISTADO-DE-OFERTAS.pdf\">LISTADO DE OFERTAS<\/a><\/p>\n<p><a href=\"https:\/\/drive.google.com\/file\/d\/10YkAutbQjpjCO1zPqf4B5pf7b6cjI-iA\/view?usp=drive_link\">DATOS DE CONTACTO (Acceso restringido Personal UMH)<\/a><\/p>\n<ul>\n<li><strong><em><u>Si el importe del valor estimado del servicio contratado fuese inferior a 2.500<\/u><\/em><\/strong><strong><em><u>\u20ac<\/u><\/em><\/strong><strong><em><u> (IVA excluido):<\/u><\/em><\/strong><\/li>\n<\/ul>\n<p style=\"text-align: justify\"><em>El peticionario podr\u00e1 realizar el pedido directamente a una de las empresas homologadas en el lote, aunque se recomienda que se soliciten oferta a las empresas homologadas a efectos de que puedan mejorar o confirmar su oferta inicial. <\/em><\/p>\n<ul style=\"text-align: justify\">\n<li><strong><em><u>Si el importe del valor estimado fuese igual o superior a 2.500<\/u><\/em><\/strong><strong><em><u>\u20ac<\/u><\/em><\/strong><strong><em><u> (sin IVA):<\/u><\/em><\/strong><\/li>\n<\/ul>\n<ol style=\"text-align: justify\">\n<li><em><strong>Se invitar\u00e1 a todas las empresas<\/strong> adjudicatarias del Acuerdo Marco. <a href=\"https:\/\/seguimientocontratacion.umh.es\/files\/2025\/01\/ANEXO-IV.-MODELO-DE-OFERTA-ECONOMICA-EXPEDIENTES-BASADOS.docx\"><u>ANEXO IV<\/u> <\/a><\/em><\/li>\n<li><em> Las empresas parte del acuerdo marco, invitadas a la licitaci\u00f3n, <strong>estar\u00e1n obligadas a presentar oferta v\u00e1lida<\/strong>, en los t\u00e9rminos fijados en este PCAP.<\/em><\/li>\n<li><em> Las invitaciones se <strong>remitir\u00e1n por medios electr\u00f3nicos<\/strong>, dejando constancia de la fecha de su realizaci\u00f3n, y la oferta se presentar\u00e1 por escrito seg\u00fan el modelo que se adjunte a la invitaci\u00f3n para cada contrato basado. Su contenido ser\u00e1 confidencial hasta el momento fijado para su apertura. En todos los casos las empresas, presentar\u00e1n su oferta econ\u00f3mica con el importe correspondiente al IVA repercutido como partida independiente.<\/em><\/li>\n<li><em> <strong>El plazo de presentaci\u00f3n<\/strong> de proposiciones ser\u00e1 el indicado en la invitaci\u00f3n, y como m\u00e1ximo de <strong>3 d\u00edas h\u00e1biles<\/strong>, contados a partir del siguiente a la fecha del env\u00edo de la misma. En ning\u00fan caso se admitir\u00e1n ofertas presentadas fuera de plazo, salvo en el caso de que se trate de un problema de comunicaci\u00f3n y la empresa pueda presentar la justificaci\u00f3n correspondiente.<\/em><\/li>\n<li><em> La invitaci\u00f3n a las empresas licitadoras <strong>contendr\u00e1, como m\u00ednimo, los siguientes aspectos<\/strong>:<\/em><\/li>\n<li><em>a) Presupuesto base de licitaci\u00f3n del contrato basado que se pretende adjudicar<\/em><\/li>\n<li><em>b) Aplicaciones presupuestarias donde se imputar\u00e1 el gasto.<\/em><\/li>\n<li><em>c) Plazo y lugar de la prestaci\u00f3n del servicio<\/em><\/li>\n<li><em>d) Plazo de presentaci\u00f3n de las ofertas para el contrato basado.<\/em><\/li>\n<li><em>e) Documentaci\u00f3n especifica adicional que deba incluirse con la oferta, en su caso.<\/em><\/li>\n<\/ol>\n<p style=\"text-align: justify\"><em>\u00a0<\/em><em>El <strong>criterio de adjudicaci\u00f3n<\/strong> de los contratos basados en el Acuerdo Marco ser\u00e1 la oferta econ\u00f3mica, por tanto, <strong>ser\u00e1n adjudicados a la oferta m\u00e1s barata<\/strong>. Los precios que deber\u00e1n ofrecer las diferentes empresas homologadas en el Acuerdo Marco no podr\u00e1n superar los ofertados por cada empresa para cada tipo de servicio, en la oferta econ\u00f3mica que presentaron para la adjudicaci\u00f3n del Acuerdo Marco.<\/em><\/p>\n<h5><strong>DOCUMENTACI\u00d3N DE INTER\u00c9S<\/strong><\/h5>\n<ul>\n<li><a href=\"https:\/\/contrataciondelestado.es\/FileSystem\/servlet\/GetDocumentByIdServlet?DocumentIdParam=nfkXPgXa6rTU1S4LKfT2muk6HFLPzk1VhNfVvIQSzBVI57cBcdhTmkBiRkEyHP2yk9EbKqM4Bp8uua%2BpqfYmEdraySKlhLwOPLX1xXvr\/Eh45ClyWkoJ44mKM70IFcOu&amp;cifrado=QUC1GjXXSiLkydRHJBmbpw%3D%3D\"><strong>Pliego de Cl\u00e1usulas Administrativas particulares<\/strong><\/a><\/li>\n<li><a href=\"https:\/\/contrataciondelestado.es\/FileSystem\/servlet\/GetDocumentByIdServlet?DocumentIdParam=LTKTpQacWx\/eV9ogVjtVbysvo0UqwhzOqrh221G9QAFWnVx%2BNVUUU9j0CARhsGv8Lng4xG1rvgV0HQ3yA5439Kypp0ZIKhAiKT6EWw5JSt4\/\/q7NB2iMZvNyf0xrJmjt&amp;cifrado=QUC1GjXXSiLkydRHJBmbpw%3D%3D\"><strong>Pliego de Prescripciones T\u00e9cnicas<\/strong><\/a><\/li>\n<li><a href=\"https:\/\/contrataciondelestado.es\/FileSystem\/servlet\/GetDocumentByIdServlet?DocumentIdParam=LTKTpQacWx\/eV9ogVjtVbysvo0UqwhzOqrh221G9QAFWnVx%2BNVUUU9j0CARhsGv8Lng4xG1rvgV0HQ3yA5439Kypp0ZIKhAiKT6EWw5JSt4\/\/q7NB2iMZvNyf0xrJmjt&amp;cifrado=QUC1GjXXSiLkydRHJBmbpw%3D%3D\"><strong>Lugar y puesta a disposici\u00f3n del servicio (Cl\u00e1usula 2.1 PPT) <\/strong><\/a><\/li>\n<li><a href=\"https:\/\/contrataciondelestado.es\/FileSystem\/servlet\/GetDocumentByIdServlet?DocumentIdParam=LTKTpQacWx\/eV9ogVjtVbysvo0UqwhzOqrh221G9QAFWnVx%2BNVUUU9j0CARhsGv8Lng4xG1rvgV0HQ3yA5439Kypp0ZIKhAiKT6EWw5JSt4\/\/q7NB2iMZvNyf0xrJmjt&amp;cifrado=QUC1GjXXSiLkydRHJBmbpw%3D%3D\"><strong>Cancelaci\u00f3n del servicio (Cl\u00e1usula 2.2 PPT) <\/strong><\/a><\/li>\n<li><a href=\"https:\/\/contrataciondelestado.es\/FileSystem\/servlet\/GetDocumentByIdServlet?DocumentIdParam=LTKTpQacWx\/eV9ogVjtVbysvo0UqwhzOqrh221G9QAFWnVx%2BNVUUU9j0CARhsGv8Lng4xG1rvgV0HQ3yA5439Kypp0ZIKhAiKT6EWw5JSt4\/\/q7NB2iMZvNyf0xrJmjt&amp;cifrado=QUC1GjXXSiLkydRHJBmbpw%3D%3D\"><strong>Solicitud de prestaci\u00f3n del Servicio y Facturaci\u00f3n (Cl\u00e1usula 2.3 PPT) <\/strong><\/a><\/li>\n<li><a href=\"https:\/\/contrataciondelestado.es\/FileSystem\/servlet\/GetDocumentByIdServlet?DocumentIdParam=LTKTpQacWx\/eV9ogVjtVbysvo0UqwhzOqrh221G9QAFWnVx%2BNVUUU9j0CARhsGv8Lng4xG1rvgV0HQ3yA5439Kypp0ZIKhAiKT6EWw5JSt4\/\/q7NB2iMZvNyf0xrJmjt&amp;cifrado=QUC1GjXXSiLkydRHJBmbpw%3D%3D\"><strong>Relaci\u00f3n de servicios requeridos (Cl\u00e1usula 6 PPT)<\/strong><\/a><\/li>\n<li><a href=\"https:\/\/seguimientocontratacion.umh.es\/files\/2025\/01\/ANEXO-IV.-MODELO-DE-OFERTA-ECONOMICA-EXPEDIENTES-BASADOS.docx\"><strong>Modelo de solicitud de oferta en las peticiones iguales o superiores a 2.500<\/strong><strong>\u20ac<\/strong><strong> (I.V.A. excluido). <em>Anexo IV<\/em><\/strong><\/a><\/li>\n<li><a href=\"https:\/\/contrataciondelestado.es\/FileSystem\/servlet\/GetDocumentByIdServlet?DocumentIdParam=nfkXPgXa6rTU1S4LKfT2muk6HFLPzk1VhNfVvIQSzBVI57cBcdhTmkBiRkEyHP2yk9EbKqM4Bp8uua%2BpqfYmEdraySKlhLwOPLX1xXvr\/Eh45ClyWkoJ44mKM70IFcOu&amp;cifrado=QUC1GjXXSiLkydRHJBmbpw%3D%3D\"><strong>Procedimiento de Adjudicaci\u00f3n contratos basados (Cl\u00e1usula 30 PCAP)<\/strong><\/a><\/li>\n<li><a href=\"https:\/\/contrataciondelestado.es\/FileSystem\/servlet\/GetDocumentByIdServlet?DocumentIdParam=nfkXPgXa6rTU1S4LKfT2muk6HFLPzk1VhNfVvIQSzBVI57cBcdhTmkBiRkEyHP2yk9EbKqM4Bp8uua%2BpqfYmEdraySKlhLwOPLX1xXvr\/Eh45ClyWkoJ44mKM70IFcOu&amp;cifrado=QUC1GjXXSiLkydRHJBmbpw%3D%3D\"><strong>R\u00e9gimen econ\u00f3mico de los contratos basados. (Cl\u00e1usula 32 PCAP) <\/strong><\/a><\/li>\n<li><a href=\"https:\/\/seguimientocontratacion.umh.es\/files\/2025\/01\/AUTOBUSES.-PRESENTACION-ACUERDO-MARCO.pptx\"><strong>Presentaci\u00f3n del Acuerdo Marco<\/strong><\/a><\/li>\n<li><strong>Agrupaci\u00f3n Presupuestaria AM05\/24<\/strong><\/li>\n<\/ul>\n<\/div>\n<\/div>\n","protected":false},"excerpt":{"rendered":"<p>OBJETO<br \/>\nLa Universidad Miguel Hern\u00e1ndez de Elche con el presente Acuerdo Marco, pretende disponer de un servicio de transporte de viajeros en autob\u00fas para tratar de satisfacer las necesidades que requieren las distintas actividades que se realizan en los Servicios, Unidades, Departamentos, Facultades, Escuelas e Institutos de Investigaci\u00f3n de la Universidad en cualquiera de sus Campus [&#8230;]<\/p>\n","protected":false},"author":11555,"featured_media":0,"parent":56,"menu_order":90,"comment_status":"closed","ping_status":"closed","template":"","meta":{"_links_to":"","_links_to_target":""},"_links":{"self":[{"href":"https:\/\/seguimientocontratacion.umh.es\/ca\/wp-json\/wp\/v2\/pages\/2741"}],"collection":[{"href":"https:\/\/seguimientocontratacion.umh.es\/ca\/wp-json\/wp\/v2\/pages"}],"about":[{"href":"https:\/\/seguimientocontratacion.umh.es\/ca\/wp-json\/wp\/v2\/types\/page"}],"author":[{"embeddable":true,"href":"https:\/\/seguimientocontratacion.umh.es\/ca\/wp-json\/wp\/v2\/users\/11555"}],"replies":[{"embeddable":true,"href":"https:\/\/seguimientocontratacion.umh.es\/ca\/wp-json\/wp\/v2\/comments?post=2741"}],"version-history":[{"count":0,"href":"https:\/\/seguimientocontratacion.umh.es\/ca\/wp-json\/wp\/v2\/pages\/2741\/revisions"}],"up":[{"embeddable":true,"href":"https:\/\/seguimientocontratacion.umh.es\/ca\/wp-json\/wp\/v2\/pages\/56"}],"wp:attachment":[{"href":"https:\/\/seguimientocontratacion.umh.es\/ca\/wp-json\/wp\/v2\/media?parent=2741"}],"curies":[{"name":"wp","href":"https:\/\/api.w.org\/{rel}","templated":true}]}}