{"id":2361,"date":"2024-04-10T11:26:45","date_gmt":"2024-04-10T09:26:45","guid":{"rendered":"https:\/\/seguimientocontratacion.umh.es\/?page_id=2361"},"modified":"2024-12-16T13:18:59","modified_gmt":"2024-12-16T12:18:59","slug":"acuerdo-marco-bibliotecas","status":"publish","type":"page","link":"https:\/\/seguimientocontratacion.umh.es\/ca\/acuerdos-marco\/acuerdo-marco-bibliotecas\/","title":{"rendered":"Acuerdo Marco de Bibliotecas"},"content":{"rendered":"<p><strong>\u201cACUERDO MARCO PARA EL SUMINISTRO DE BIBLIOGRAF\u00cdA DE ALUMNOS PARA LA BIBLIOTECA DE LA UNIVERSIDAD MIGUEL HERN\u00c1NDEZ DE ELCHE\u201d (Expte.2023_AM_02)\u00a0<\/strong><\/p>\n<p><strong>OBJETO<\/strong><\/p>\n<p style=\"padding-left: 40px;text-align: justify\">El objeto del presente \u201cACUERDO MARCO PARA EL SUMINISTRO DE BIBLIOGRAF\u00cdA DE ALUMNOS PARA LA BIBLIOTECA DE LA UNIVERSIDAD MIGUEL HERN\u00c1NDEZ DE ELCHE\u201d (Expte.2023_AM_02), obedece a la necesidad de dotar del suministro de libros de bibliograf\u00eda que precisa la Universidad Miguel Hern\u00e1ndez de Elche (UMH) para las bibliotecas en sus actividades de apoyo a la docencia y la selecci\u00f3n y homologaci\u00f3n de un n\u00famero limitado de proveedores de dicha bibliograf\u00eda.<\/p>\n<p><strong>\u00bfQU\u00c9 INCLUYE ESTE ACUERDO?<\/strong><\/p>\n<p style=\"padding-left: 40px\">Para el desarrollo del objeto del presente AM, se ha dividido en los siguientes lotes:<\/p>\n<p style=\"padding-left: 80px\"><strong>LOTE 1. MONOGRAF\u00cdAS NACIONALES.<\/strong><\/p>\n<p style=\"padding-left: 80px\"><strong>LOTE 2. MONOGRAF\u00cdAS EXTRANJERAS.<\/strong><\/p>\n<p style=\"padding-left: 80px\"><strong>LOTE 3. LIBROS ELECTR\u00d3NICOS.<\/strong><\/p>\n<p><strong>EMPRESAS ADJUDICATARIAS<\/strong><\/p>\n<p><img loading=\"lazy\" class=\"BOOKISH VENTURES S.L. LOTES 1,2 EBSCO INFORMATION SERVICES, S.L.U. LOTE 3 ERASMUS ANTIQUARIAAT EN BOEKHAN LOTE 3 FRAGUA LIBROS S.L LOTE 1 KORTEXT LTD. LOTE 3 LIBRER\u00cdA JURIDICA LEX NOVA SL LOTES 1,2 LIBRER\u00cdA SANZ Y TORRES, S.L LOTES 2 &quot;MANUEL P\u00c9REZ DE LA CONCHA CAMACHO (LIBRER\u00cdA JUR\u00cdDICA ANDALUZA)&quot; LOTES 1,2 PROQUEST LLC LOTE 3 PUBLICACIONES VIRTUALES Y ELECTR\u00d3NICAS S.L. LOTES 3 S.A. DE DISTRIBUCI\u00d3N, EDICI\u00d3N Y LIBRER\u00cdAS LOTES 1,2 alignnone wp-image-2362\" title=\"Empresas adjudicatarias Acuerdo Marco de Bibliotecas expediente 2023_AM_02\" src=\"https:\/\/seguimientocontratacion.umh.es\/files\/2024\/02\/Imagen5-300x181.jpg\" alt=\"Empresas adjudicatarias Acuerdo Marco de Bibliotecas expediente 2023_AM_02\" width=\"566\" height=\"342\" srcset=\"https:\/\/seguimientocontratacion.umh.es\/files\/2024\/02\/Imagen5-300x181.jpg 300w, https:\/\/seguimientocontratacion.umh.es\/files\/2024\/02\/Imagen5.jpg 473w\" sizes=\"(max-width: 566px) 100vw, 566px\" \/><\/p>\n<p><strong>RESPONSABLE DEL CONTRATO<\/strong><\/p>\n<p style=\"text-align: justify\">Se designa como responsable de las peticiones a la jefa del Servicio de Bibliotecas, a qui\u00e9n le corresponder\u00e1 ejercer de manera continuada y directa, la coordinaci\u00f3n, supervisi\u00f3n, control y seguimiento del contrato y dictar las instrucciones necesarias <a href=\"https:\/\/biblioteca.umh.es\/\">Servicio de Bibliotecas<\/a><\/p>\n<p><a href=\"https:\/\/seguimientocontratacion.umh.es\/files\/2024\/04\/AGRUPACIONES-DE-GASTO-COMPRAS-AAMM.pdf\" target=\"_blank\" rel=\"noopener\"><strong>AGRUPACI\u00d3N DE GASTO AM02\/23<\/strong><\/a><\/p>\n","protected":false},"excerpt":{"rendered":"<p>\u201cACUERDO MARCO PARA EL SUMINISTRO DE BIBLIOGRAF\u00cdA DE ALUMNOS PARA LA BIBLIOTECA DE LA UNIVERSIDAD MIGUEL HERN\u00c1NDEZ DE ELCHE\u201d (Expte.2023_AM_02)\u00a0<br \/>\nOBJETO<br \/>\nEl objeto del presente \u201cACUERDO MARCO PARA EL SUMINISTRO DE BIBLIOGRAF\u00cdA DE ALUMNOS PARA LA BIBLIOTECA DE LA UNIVERSIDAD MIGUEL HERN\u00c1NDEZ DE ELCHE\u201d (Expte.2023_AM_02), obedece a la necesidad de dotar del suministro de libros de bibliograf\u00eda [&#8230;]<\/p>\n","protected":false},"author":2477,"featured_media":0,"parent":56,"menu_order":160,"comment_status":"closed","ping_status":"closed","template":"","meta":{"_links_to":"","_links_to_target":""},"_links":{"self":[{"href":"https:\/\/seguimientocontratacion.umh.es\/ca\/wp-json\/wp\/v2\/pages\/2361"}],"collection":[{"href":"https:\/\/seguimientocontratacion.umh.es\/ca\/wp-json\/wp\/v2\/pages"}],"about":[{"href":"https:\/\/seguimientocontratacion.umh.es\/ca\/wp-json\/wp\/v2\/types\/page"}],"author":[{"embeddable":true,"href":"https:\/\/seguimientocontratacion.umh.es\/ca\/wp-json\/wp\/v2\/users\/2477"}],"replies":[{"embeddable":true,"href":"https:\/\/seguimientocontratacion.umh.es\/ca\/wp-json\/wp\/v2\/comments?post=2361"}],"version-history":[{"count":0,"href":"https:\/\/seguimientocontratacion.umh.es\/ca\/wp-json\/wp\/v2\/pages\/2361\/revisions"}],"up":[{"embeddable":true,"href":"https:\/\/seguimientocontratacion.umh.es\/ca\/wp-json\/wp\/v2\/pages\/56"}],"wp:attachment":[{"href":"https:\/\/seguimientocontratacion.umh.es\/ca\/wp-json\/wp\/v2\/media?parent=2361"}],"curies":[{"name":"wp","href":"https:\/\/api.w.org\/{rel}","templated":true}]}}