{"id":2160,"date":"2024-01-17T08:52:53","date_gmt":"2024-01-17T07:52:53","guid":{"rendered":"https:\/\/seguimientocontratacion.umh.es\/?page_id=2160"},"modified":"2024-12-13T13:58:24","modified_gmt":"2024-12-13T12:58:24","slug":"publicidad","status":"publish","type":"page","link":"https:\/\/seguimientocontratacion.umh.es\/ca\/acuerdos-marco\/publicidad\/","title":{"rendered":"Publicidad"},"content":{"rendered":"<p style=\"text-align: justify\"><strong>\u201cACUERDO MARCO PARA LA DIFUSI\u00d3N DE LA MARCA UMH A TRAV\u00c9S DE NOTICIAS, COMPRAS DE ESPACIOS PUBLICITARIOS, REALIZACI\u00d3N DE EVENTOS Y ACCIONES DE MARKETING\u201d (expte. 2023_AM_04)<\/strong><\/p>\n<p><strong>OBJETO<\/strong><\/p>\n<p>El objeto del presente \u201cACUERDO MARCO PARA LA DIFUSI\u00d3N DE LA MARCA UMH A TRAV\u00c9S DE NOTICIAS, COMPRA DE ESPACIOS PUBLICITARIOS, REALIZACI\u00d3N DE EVENTOS Y ACCIONES DE MARKETING\u201d (expte. 2023_AM_04), obedece a la necesidad de cumplir con los objetivos de potenciaci\u00f3n de la imagen de marca de la Universidad y de la difusi\u00f3n de sus t\u00edtulos oficiales y de las actividades docentes, investigadoras y de transferencia tecnol\u00f3gica, culturales, deportivas, etc., principalmente en el \u00e1mbito local\/provincial y regional.<\/p>\n<p>Los principales servicios, que se realizar\u00e1n principalmente en la provincia de Alicante, son los relacionados a continuaci\u00f3n:<\/p>\n<ul>\n<li>Acciones publicitarias y de marketing en Prensa, Radio, Publicidad Exterior y Televisi\u00f3n.<\/li>\n<li>Acciones de difusi\u00f3n y patrocinio de la marca UMH (colaboraciones en eventos promovidos principalmente por medios de comunicaci\u00f3n)<\/li>\n<li>Acciones espec\u00edficas de divulgaci\u00f3n cient\u00edfica.<\/li>\n<li>Realizaci\u00f3n de eventos propios de difusi\u00f3n de la marca UMH.<\/li>\n<li>Difusi\u00f3n de los servicios que oferta la UMH, as\u00ed como de su oferta de actividades culturales, deportivas y de ocio.<\/li>\n<\/ul>\n<p><strong>\u00bfQU\u00c9 INCLUYE ESTE ACUERDO?<\/strong><\/p>\n<p>Para el desarrollo de los servicios objeto del presente AM, se ha dividido en siguientes lotes:<\/p>\n<p><strong>LOTE 1. ACCIONES PUBLICITARIAS Y DE MARKETING EN CABECERAS DE PRENSA ESCRITA<\/strong><strong>.<\/strong><\/p>\n<p>Diarios de prensa escrita de informaci\u00f3n general o especializada en los \u00e1mbitos educativo, cultural, etc. de \u00e1mbito local, provincial, regional o nacional, cuya actividad principal se desarrolle en la provincia de Alicante y\/o lim\u00edtrofes.<\/p>\n<ul>\n<li><strong>Anuncios<\/strong><\/li>\n<li><strong>P\u00e1ginas de informaci\u00f3n\/publirreportajes<\/strong><\/li>\n<li><strong>Encarte<\/strong><\/li>\n<\/ul>\n<p><strong>LOTE 2. ACCIONES PUBLICITARIAS Y DE MARKETING EN MEDIOS DIGITALES<\/strong><\/p>\n<p>P\u00e1ginas webs, medios o plataformas de comunicaci\u00f3n en Internet de informaci\u00f3n general o especializada en los \u00e1mbitos educativo, cultural, etc. cuya actividad principal se desarrolle en la provincia de Alicante y\/o lim\u00edtrofes.<\/p>\n<p><strong>LOTE 3. ACCIONES PUBLICITARIAS Y DE MARKETING EN RADIO<\/strong><\/p>\n<p>Cadenas de radio con emisi\u00f3n y cobertura en el territorio de Alicante y\/o provincias lim\u00edtrofes.<\/p>\n<p><strong>LOTE 4. ACCIONES PUBLICITARIAS Y DE MARKETING EN PUBLICIDAD EXTERIOR<\/strong><\/p>\n<p>Espacios publicitarios en las principales v\u00edas de comunicaci\u00f3n de las ciudades de la provincia de Alicante y provincias lim\u00edtrofes, en diversos soportes al aire libre como mupis, marquesinas, autobuses, tranv\u00edas, etc., o en ubicaciones estrat\u00e9gicas con un alto flujo transe\u00fantes.<\/p>\n<p><strong>LOTE 5. ACCIONES PUBLICITARIAS Y DE MARKETING EN TELEVISI\u00d3N.<\/strong><\/p>\n<p>Cadenas de televisi\u00f3n de car\u00e1cter local, provincial y auton\u00f3mico o nacional con emisi\u00f3n y cobertura en la provincia de Alicante.<\/p>\n<p><strong>LOTE 6. ACCIONES PUBLICITARIAS Y EVENTOS DE MARKETING PARA LA DIFUSI\u00d3N DE LA MARCA UMH.<\/strong><\/p>\n<p>Organizaci\u00f3n de eventos tales como actos de entregas de premios, de divulgaci\u00f3n cient\u00edfica, de marketing, conciertos, etc. As\u00ed como participaci\u00f3n en eventos\/foros\/desayunos que organicen empresas\/medios de comunicaci\u00f3n o entidades de reconocido prestigio que redunden en el fortalecimiento de la imagen de marca de la UMH.<\/p>\n<p><strong>EMPRESAS ADJUDICATARIAS<\/strong><\/p>\n<p><img loading=\"lazy\" class=\"wp-image-2163 alignnone\" src=\"https:\/\/seguimientocontratacion.umh.es\/files\/2024\/01\/Cuadro-mercantiles-lotes-300x275.jpg\" alt=\"\" width=\"471\" height=\"431\" srcset=\"https:\/\/seguimientocontratacion.umh.es\/files\/2024\/01\/Cuadro-mercantiles-lotes-300x275.jpg 300w, https:\/\/seguimientocontratacion.umh.es\/files\/2024\/01\/Cuadro-mercantiles-lotes-1024x939.jpg 1024w, https:\/\/seguimientocontratacion.umh.es\/files\/2024\/01\/Cuadro-mercantiles-lotes-768x704.jpg 768w, https:\/\/seguimientocontratacion.umh.es\/files\/2024\/01\/Cuadro-mercantiles-lotes-1536x1409.jpg 1536w, https:\/\/seguimientocontratacion.umh.es\/files\/2024\/01\/Cuadro-mercantiles-lotes-2048x1879.jpg 2048w\" sizes=\"(max-width: 471px) 100vw, 471px\" \/><\/p>\n<p><strong>RESPONSABLE DEL CONTRATO<\/strong><\/p>\n<p>El personal responsable del <a href=\"https:\/\/comunicacion.umh.es\/\">Servicio de Comunicaci\u00f3n, Marketing y Atenci\u00f3n al Estudiantado<\/a> tendr\u00e1n la misi\u00f3n de coordinar la contrataci\u00f3n de espacios publicitarios y acciones de marketing para asegurar que los mensajes publicitarios lleguen a la audiencia adecuada en el lugar y momento oportunos para la Universidad y al menor coste posible, adecuando la estrategia de comunicaci\u00f3n a la necesidad de la instituci\u00f3n en cada momento.<\/p>\n","protected":false},"excerpt":{"rendered":"<p>\u201cACUERDO MARCO PARA LA DIFUSI\u00d3N DE LA MARCA UMH A TRAV\u00c9S DE NOTICIAS, COMPRAS DE ESPACIOS PUBLICITARIOS, REALIZACI\u00d3N DE EVENTOS Y ACCIONES DE MARKETING\u201d (expte. 2023_AM_04)<br \/>\nOBJETO<br \/>\nEl objeto del presente \u201cACUERDO MARCO PARA LA DIFUSI\u00d3N DE LA MARCA UMH A TRAV\u00c9S DE NOTICIAS, COMPRA DE ESPACIOS PUBLICITARIOS, REALIZACI\u00d3N DE EVENTOS Y ACCIONES DE MARKETING\u201d (expte. 2023_AM_04), [&#8230;]<\/p>\n","protected":false},"author":2477,"featured_media":0,"parent":56,"menu_order":180,"comment_status":"closed","ping_status":"closed","template":"","meta":{"_links_to":"","_links_to_target":""},"_links":{"self":[{"href":"https:\/\/seguimientocontratacion.umh.es\/ca\/wp-json\/wp\/v2\/pages\/2160"}],"collection":[{"href":"https:\/\/seguimientocontratacion.umh.es\/ca\/wp-json\/wp\/v2\/pages"}],"about":[{"href":"https:\/\/seguimientocontratacion.umh.es\/ca\/wp-json\/wp\/v2\/types\/page"}],"author":[{"embeddable":true,"href":"https:\/\/seguimientocontratacion.umh.es\/ca\/wp-json\/wp\/v2\/users\/2477"}],"replies":[{"embeddable":true,"href":"https:\/\/seguimientocontratacion.umh.es\/ca\/wp-json\/wp\/v2\/comments?post=2160"}],"version-history":[{"count":0,"href":"https:\/\/seguimientocontratacion.umh.es\/ca\/wp-json\/wp\/v2\/pages\/2160\/revisions"}],"up":[{"embeddable":true,"href":"https:\/\/seguimientocontratacion.umh.es\/ca\/wp-json\/wp\/v2\/pages\/56"}],"wp:attachment":[{"href":"https:\/\/seguimientocontratacion.umh.es\/ca\/wp-json\/wp\/v2\/media?parent=2160"}],"curies":[{"name":"wp","href":"https:\/\/api.w.org\/{rel}","templated":true}]}}